{"id":2091,"date":"2026-04-10T15:19:08","date_gmt":"2026-04-10T15:19:08","guid":{"rendered":"https:\/\/novaluxeurope.com\/producto\/lattafa-vintage-radio-gift-set-edp-100-ml-edp-20-ml-deospray-200-ml\/"},"modified":"2026-04-24T13:14:08","modified_gmt":"2026-04-24T13:14:08","slug":"lattafa-vintage-radio-gift-set-edp-100-ml-edp-20-ml-deospray-200-ml","status":"publish","type":"product","link":"https:\/\/novaluxeurope.com\/en\/product\/lattafa-vintage-radio-gift-set-edp-100-ml-edp-20-ml-deospray-200-ml\/","title":{"rendered":"Lattafa Vintage Radio gift set &#8211; + + deospray"},"content":{"rendered":"<p>Lattafa Vintage Radio Gift Set es un refinado set de fragancias unisex de Lattafa Perfumes, creado como una experiencia arom\u00e1tica completa para el d\u00eda a d\u00eda y para viajar. Este elegante estuche re\u00fane tres formatos de la misma fragancia distintiva, lo que permite una f\u00e1cil superposici\u00f3n, versatilidad y frescura duradera durante todo el d\u00eda. El coraz\u00f3n del set es Vintage Radio Eau de Parfum, presentado por primera vez en 2023 como parte de la colecci\u00f3n Lattafa Pride. La composici\u00f3n combina frescura arom\u00e1tica con profundidad afrutada y maderas c\u00e1lidas, creando un perfil oriental-amaderado moderno con un toque nost\u00e1lgico. La fragancia se abre con lavanda, salvia y bergamota, ofreciendo una introducci\u00f3n limpia, arom\u00e1tica y ligeramente c\u00edtrica que transmite una sensaci\u00f3n de calma y a la vez de \u00e1nimo. En el coraz\u00f3n, la ciruela aporta riqueza frutal, mientras que el Palo Santo aporta un sutil matiz ahumado, acentuado por la pimienta negra. Esta fase a\u00f1ade profundidad y car\u00e1cter, al tiempo que mantiene el equilibrio y la elegancia. La fase de secado se asienta en el S\u00e1ndalo y el \u00c1mbar, creando una base c\u00e1lida, amaderada y suavemente resinosa que se siente suave y enraizada en la piel. Lo que hace que este producto sea especialmente atractivo es su formato de estuche de regalo, que se refleja claramente en su presentaci\u00f3n y uso. El Eau de Parfum 100 ml de tama\u00f1o normal es ideal para el uso diario, el spray de viaje EDP 20 ml es perfecto para el bolso o el trabajo, y el desodorante perfumado en spray 200 ml permite una ligera superposici\u00f3n y un frescor perfumado durante todo el d\u00eda. Juntos, estos elementos crean una rutina de fragancias pr\u00e1ctica y cohesionada. El set de regalo Lattafa Vintage Radio est\u00e1 dise\u00f1ado para quienes aprecian las fragancias arom\u00e1tico-amaderadas con car\u00e1cter y versatilidad. Su naturaleza unisex lo hace adecuado tanto para hombres como para mujeres, mientras que el formato de varias piezas lo convierte en una excelente opci\u00f3n para regalar o para uso personal. EL JUEGO CONTIENE 100 ml Eau de Parfum 20 ml Eau de Parfum (tama\u00f1o viaje) 200 ml Desodorante Perfumado \/ Body Spray NOTAS DE PERFUME Notas de salida: Lavanda, Salvia, Bergamota Notas medias: Ciruela, Palo Santo, Pimienta negra Notas de fondo: S\u00e1ndalo, \u00c1mbar<\/p>\n<h4>Pir\u00e1mide olfativa<\/h4>\n<ul>\n<li><strong>Notas de entrada:<\/strong> Lavanda, Salvia, Bergamota<\/li>\n<li><strong>Notas de coraz\u00f3n:<\/strong> Ciruela, Palo Santo, Pimienta negra<\/li>\n<li><strong>Notas de salida:<\/strong> S\u00e1ndalo, Madera de \u00e1mbar (madera de oud)<\/li>\n<\/ul>","protected":false},"excerpt":{"rendered":"<p>Lattafa Vintage Radio Gift Set es un refinado set de fragancias unisex de Lattafa Perfumes, creado como una experiencia arom\u00e1tica completa para el d\u00eda a d\u00eda y para viajar. Este elegante estuche re\u00fane tres formatos de la misma fragancia distintiva, lo que permite una f\u00e1cil superposici\u00f3n, versatilidad y frescura duradera durante todo el d\u00eda. El [&hellip;]<\/p>\n","protected":false},"featured_media":2090,"comment_status":"open","ping_status":"closed","template":"","meta":[],"product_brand":[310],"product_cat":[225],"product_tag":[102,198,73,415,366,323,242,174],"class_list":{"0":"post-2091","1":"product","2":"type-product","3":"status-publish","4":"has-post-thumbnail","6":"product_brand-lattafa","7":"product_cat-perfumes-y-fragancias","8":"product_tag-bergamota","9":"product_tag-ciruela","10":"product_tag-lavanda","11":"product_tag-madera-de-ambar-madera-de-oud","12":"product_tag-palo-santo","13":"product_tag-pimienta-negra","14":"product_tag-salvia","15":"product_tag-sandalo","17":"first","18":"outofstock","19":"taxable","20":"shipping-taxable","21":"product-type-simple"},"_links":{"self":[{"href":"https:\/\/novaluxeurope.com\/en\/wp-json\/wp\/v2\/product\/2091","targetHints":{"allow":["GET"]}}],"collection":[{"href":"https:\/\/novaluxeurope.com\/en\/wp-json\/wp\/v2\/product"}],"about":[{"href":"https:\/\/novaluxeurope.com\/en\/wp-json\/wp\/v2\/types\/product"}],"replies":[{"embeddable":true,"href":"https:\/\/novaluxeurope.com\/en\/wp-json\/wp\/v2\/comments?post=2091"}],"wp:featuredmedia":[{"embeddable":true,"href":"https:\/\/novaluxeurope.com\/en\/wp-json\/wp\/v2\/media\/2090"}],"wp:attachment":[{"href":"https:\/\/novaluxeurope.com\/en\/wp-json\/wp\/v2\/media?parent=2091"}],"wp:term":[{"taxonomy":"product_brand","embeddable":true,"href":"https:\/\/novaluxeurope.com\/en\/wp-json\/wp\/v2\/product_brand?post=2091"},{"taxonomy":"product_cat","embeddable":true,"href":"https:\/\/novaluxeurope.com\/en\/wp-json\/wp\/v2\/product_cat?post=2091"},{"taxonomy":"product_tag","embeddable":true,"href":"https:\/\/novaluxeurope.com\/en\/wp-json\/wp\/v2\/product_tag?post=2091"}],"curies":[{"name":"wp","href":"https:\/\/api.w.org\/{rel}","templated":true}]}}