{"id":2089,"date":"2026-04-10T15:19:07","date_gmt":"2026-04-10T15:19:07","guid":{"rendered":"https:\/\/novaluxeurope.com\/producto\/lattafa-victoria\/"},"modified":"2026-05-09T11:19:11","modified_gmt":"2026-05-09T11:19:11","slug":"lattafa-victoria","status":"publish","type":"product","link":"https:\/\/novaluxeurope.com\/en\/product\/lattafa-victoria\/","title":{"rendered":"Lattafa Victoria"},"content":{"rendered":"<p dir=\"ltr\">El eau de parfum Lattafa Victoria esconde un dulzor elegante con una chispa juguetona. Esta fragancia unisex combina un frescor c\u00edtrico, unas suaves notas florales y la c\u00e1lida vainilla en una composici\u00f3n armoniosa que te fascinar\u00e1 en cuanto la pruebes. Durante el d\u00eda desprender\u00e1 su ligereza y, por la noche, acariciar\u00e1 tus sentidos con su dulce profundidad.<\/p>\n<ul>\n<li value=\"1\">fragancia c\u00edtrica y floral con notas de fondo de vainilla<\/li>\n<li value=\"2\">ideal para llevar tanto de d\u00eda como de noche<\/li>\n<li value=\"3\">unisex<\/li>\n<\/ul>\n<p dir=\"ltr\"><strong>Composici\u00f3n de la fragancia:<\/strong><br \/>Las notas de salida est\u00e1n compuestas por pastel de lim\u00f3n, frescas y delicadas al mismo tiempo. A continuaci\u00f3n se despliega el tierno neroli cuya suave elegancia floral aporta refinamiento a la fragancia. Al final surge la c\u00e1lida y cremosa vainilla, que suaviza toda la composici\u00f3n, dejando una huella sensual duradera.<\/p>\n<h4>Pir\u00e1mide olfativa<\/h4>\n<ul>\n<li><strong>Notas de entrada:<\/strong> c\u00edtrico escarchado<\/li>\n<li><strong>Notas de coraz\u00f3n:<\/strong> flor de naranjo, licor<\/li>\n<li><strong>Notas de salida:<\/strong> vainilla<\/li>\n<\/ul>","protected":false},"excerpt":{"rendered":"<p>El eau de parfum Lattafa Victoria esconde un dulzor elegante con una chispa juguetona. Esta fragancia unisex combina un frescor c\u00edtrico, unas suaves notas florales y la c\u00e1lida vainilla en una composici\u00f3n armoniosa que te fascinar\u00e1 en cuanto la pruebes. Durante el d\u00eda desprender\u00e1 su ligereza y, por la noche, acariciar\u00e1 tus sentidos con su [&hellip;]<\/p>\n","protected":false},"featured_media":1586,"comment_status":"open","ping_status":"closed","template":"","meta":[],"product_brand":[310],"product_cat":[225],"product_tag":[213,84,105,63],"class_list":{"0":"post-2089","1":"product","2":"type-product","3":"status-publish","4":"has-post-thumbnail","6":"product_brand-lattafa","7":"product_cat-perfumes-y-fragancias","8":"product_tag-citrico-escarchado","9":"product_tag-flor-de-naranjo","10":"product_tag-licor","11":"product_tag-vainilla","13":"first","14":"instock","15":"taxable","16":"shipping-taxable","17":"product-type-simple"},"_links":{"self":[{"href":"https:\/\/novaluxeurope.com\/en\/wp-json\/wp\/v2\/product\/2089","targetHints":{"allow":["GET"]}}],"collection":[{"href":"https:\/\/novaluxeurope.com\/en\/wp-json\/wp\/v2\/product"}],"about":[{"href":"https:\/\/novaluxeurope.com\/en\/wp-json\/wp\/v2\/types\/product"}],"replies":[{"embeddable":true,"href":"https:\/\/novaluxeurope.com\/en\/wp-json\/wp\/v2\/comments?post=2089"}],"wp:featuredmedia":[{"embeddable":true,"href":"https:\/\/novaluxeurope.com\/en\/wp-json\/wp\/v2\/media\/1586"}],"wp:attachment":[{"href":"https:\/\/novaluxeurope.com\/en\/wp-json\/wp\/v2\/media?parent=2089"}],"wp:term":[{"taxonomy":"product_brand","embeddable":true,"href":"https:\/\/novaluxeurope.com\/en\/wp-json\/wp\/v2\/product_brand?post=2089"},{"taxonomy":"product_cat","embeddable":true,"href":"https:\/\/novaluxeurope.com\/en\/wp-json\/wp\/v2\/product_cat?post=2089"},{"taxonomy":"product_tag","embeddable":true,"href":"https:\/\/novaluxeurope.com\/en\/wp-json\/wp\/v2\/product_tag?post=2089"}],"curies":[{"name":"wp","href":"https:\/\/api.w.org\/{rel}","templated":true}]}}