{"id":2077,"date":"2026-04-10T15:19:00","date_gmt":"2026-04-10T15:19:00","guid":{"rendered":"https:\/\/novaluxeurope.com\/producto\/lattafa-teriaq-intense-edp-w-100-ml\/"},"modified":"2026-04-24T13:14:08","modified_gmt":"2026-04-24T13:14:08","slug":"lattafa-teriaq-intense-edp-w-100-ml","status":"publish","type":"product","link":"https:\/\/novaluxeurope.com\/en\/product\/lattafa-teriaq-intense-edp-w-100-ml\/","title":{"rendered":"Lattafa Teriaq Intense"},"content":{"rendered":"<p>Experimente la encantadora esencia de Oriente Medio con Lattafa Teriaq Intense, una cautivadora fragancia femenina que combina tradici\u00f3n y modernidad sin esfuerzo. Lanzada en 2024, esta fragancia \u00e1mbar especiada es una lujosa creaci\u00f3n de la estimada casa Lattafa, con sede en los Emiratos \u00c1rabes Unidos, que ofrece un fascinante viaje olfativo a las mujeres. La fragancia se abre con un estallido vibrante de bergamota y azafr\u00e1n, ofreciendo una introducci\u00f3n fresca y ex\u00f3tica que despierta los sentidos. A medida que la fragancia evoluciona, el coraz\u00f3n revela la indulgente calidez del licor de ciruela y la canela, envolvi\u00e9ndole en un abrazo rico y acogedor. Las notas de fondo de haba tonka, \u00e1mbar y benju\u00ed proporcionan una profundidad duradera y sensual que perdura mucho despu\u00e9s de la primera pulverizaci\u00f3n, dejando una estela de sofisticado encanto. En un elegante envase de 100 ml, Teriaq Intense es la elecci\u00f3n perfecta para quienes valoran el arte de la fragancia. El c\u00f3digo de barras 6290360595771 garantiza su autenticidad, para que pueda disfrutar de esta exquisita fragancia con confianza. Tanto si se prepara para una ocasi\u00f3n especial como si busca elevar su estilo diario, Teriaq Intense es la fragancia ideal para quienes desean hacer una declaraci\u00f3n audaz y duradera. NOTAS DE PERFUME Notas de salida: Bergamota, Azafr\u00e1n Notas medias: Licor de Ciruela, Canela Notas de Fondo: Haba Tonka, \u00c1mbar, Benju\u00ed<\/p>\n<h4>Pir\u00e1mide olfativa<\/h4>\n<ul>\n<li><strong>Notas de entrada:<\/strong> Bergamota, Azafr\u00e1n<\/li>\n<li><strong>Notas de coraz\u00f3n:<\/strong> Licor de ciruela, Canela<\/li>\n<li><strong>Notas de salida:<\/strong> Haba Tonka, \u00c1mbar, Benju\u00ed<\/li>\n<\/ul>","protected":false},"excerpt":{"rendered":"<p>Experimente la encantadora esencia de Oriente Medio con Lattafa Teriaq Intense, una cautivadora fragancia femenina que combina tradici\u00f3n y modernidad sin esfuerzo. Lanzada en 2024, esta fragancia \u00e1mbar especiada es una lujosa creaci\u00f3n de la estimada casa Lattafa, con sede en los Emiratos \u00c1rabes Unidos, que ofrece un fascinante viaje olfativo a las mujeres. La [&hellip;]<\/p>\n","protected":false},"featured_media":2076,"comment_status":"open","ping_status":"closed","template":"","meta":[],"product_brand":[310],"product_cat":[225],"product_tag":[52,87,126,102,94,79,413],"class_list":{"0":"post-2077","1":"product","2":"type-product","3":"status-publish","4":"has-post-thumbnail","6":"product_brand-lattafa","7":"product_cat-perfumes-y-fragancias","8":"product_tag-ambar","9":"product_tag-azafran","10":"product_tag-benjui","11":"product_tag-bergamota","12":"product_tag-canela","13":"product_tag-haba-tonka","14":"product_tag-licor-de-ciruela","16":"first","17":"outofstock","18":"taxable","19":"shipping-taxable","20":"product-type-simple"},"_links":{"self":[{"href":"https:\/\/novaluxeurope.com\/en\/wp-json\/wp\/v2\/product\/2077","targetHints":{"allow":["GET"]}}],"collection":[{"href":"https:\/\/novaluxeurope.com\/en\/wp-json\/wp\/v2\/product"}],"about":[{"href":"https:\/\/novaluxeurope.com\/en\/wp-json\/wp\/v2\/types\/product"}],"replies":[{"embeddable":true,"href":"https:\/\/novaluxeurope.com\/en\/wp-json\/wp\/v2\/comments?post=2077"}],"wp:featuredmedia":[{"embeddable":true,"href":"https:\/\/novaluxeurope.com\/en\/wp-json\/wp\/v2\/media\/2076"}],"wp:attachment":[{"href":"https:\/\/novaluxeurope.com\/en\/wp-json\/wp\/v2\/media?parent=2077"}],"wp:term":[{"taxonomy":"product_brand","embeddable":true,"href":"https:\/\/novaluxeurope.com\/en\/wp-json\/wp\/v2\/product_brand?post=2077"},{"taxonomy":"product_cat","embeddable":true,"href":"https:\/\/novaluxeurope.com\/en\/wp-json\/wp\/v2\/product_cat?post=2077"},{"taxonomy":"product_tag","embeddable":true,"href":"https:\/\/novaluxeurope.com\/en\/wp-json\/wp\/v2\/product_tag?post=2077"}],"curies":[{"name":"wp","href":"https:\/\/api.w.org\/{rel}","templated":true}]}}