{"id":2070,"date":"2026-04-10T15:18:58","date_gmt":"2026-04-10T15:18:58","guid":{"rendered":"https:\/\/novaluxeurope.com\/producto\/lattafa-sutoor-edp-u-100-ml\/"},"modified":"2026-04-24T13:31:45","modified_gmt":"2026-04-24T13:31:45","slug":"lattafa-sutoor-edp-u-100-ml","status":"publish","type":"product","link":"https:\/\/novaluxeurope.com\/en\/product\/lattafa-sutoor-edp-u-100-ml\/","title":{"rendered":"Lattafa Sutoor"},"content":{"rendered":"<p>Descubra la encantadora profundidad de Lattafa Sutoor , una fragancia lanzada en 2022, dise\u00f1ada para encarnar la sofisticaci\u00f3n con un toque sensual. Esta lujosa Eau de Parfum unisex ofrece una composici\u00f3n perfectamente equilibrada para los amantes de las fragancias que anhelan calidez, riqueza y elegancia en cada pulverizaci\u00f3n. Esta fragancia rica y acogedora se abre con una jugosa mezcla de melocot\u00f3n, naranja sanguina y cardamomo especiado, suavizada por un toque de heliotropo. Un coraz\u00f3n de c\u00e1lido ron, dulce brandy y ex\u00f3tica davana se equilibra con un elegante jazm\u00edn. El fondo revela una estela profunda y aterciopelada de vainilla, s\u00e1ndalo, pachul\u00ed y haba tonka, envuelta en notas resinosas y maderas suaves. Presentado en un vaporizador EDP de 100 ml, Sutoor es una asombrosa creaci\u00f3n de la emblem\u00e1tica casa Lattafa, conocida por elaborar exquisitos perfumes de Oriente Medio. Ideal para cualquiera que aprecie una fragancia atrevida pero equilibrada, Lattafa Sutoor es un complemento sorprendente para cualquier colecci\u00f3n de perfumes. NOTAS DE PERFUME Notas de salida: Melocot\u00f3n, Cardamomo, Naranja sanguina, Heliotropo Notas medias: Ron, Brandy, Davana, Jazm\u00edn Notas de Fondo: Benju\u00ed, Vainilla, Madera de Cachemira, S\u00e1ndalo, Vetiver, Styrax, Pachul\u00ed, Labdanum, Haba Tonka<\/p>\n<h4>Pir\u00e1mide olfativa<\/h4>\n<ul>\n<li><strong>Notas de entrada:<\/strong> Melocot\u00f3n, Cardamomo, Naranja sanguina, Heliotropo<\/li>\n<li><strong>Notas de coraz\u00f3n:<\/strong> Ron, Brandy, Davana, Jazm\u00edn<\/li>\n<li><strong>Notas de salida:<\/strong> Benju\u00ed, Vainilla, Madera de cachemira, S\u00e1ndalo, Vetiver, Styrax, Pachul\u00ed, Labdanum, Haba Tonka<\/li>\n<\/ul>","protected":false},"excerpt":{"rendered":"<p>Descubra la encantadora profundidad de Lattafa Sutoor , una fragancia lanzada en 2022, dise\u00f1ada para encarnar la sofisticaci\u00f3n con un toque sensual. Esta lujosa Eau de Parfum unisex ofrece una composici\u00f3n perfectamente equilibrada para los amantes de las fragancias que anhelan calidez, riqueza y elegancia en cada pulverizaci\u00f3n. Esta fragancia rica y acogedora se abre [&hellip;]<\/p>\n","protected":false},"featured_media":2069,"comment_status":"open","ping_status":"closed","template":"","meta":[],"product_brand":[310],"product_cat":[225],"product_tag":[126,410,77,130,79,217,56,379,411,186,412,67,183,174,156,63,50],"class_list":{"0":"post-2070","1":"product","2":"type-product","3":"status-publish","4":"has-post-thumbnail","6":"product_brand-lattafa","7":"product_cat-perfumes-y-fragancias","8":"product_tag-benjui","9":"product_tag-brandy","10":"product_tag-cardamomo","11":"product_tag-davana","12":"product_tag-haba-tonka","13":"product_tag-heliotropo","14":"product_tag-jazmin","15":"product_tag-labdanum","16":"product_tag-madera-de-cachemira","17":"product_tag-melocoton","18":"product_tag-naranja-sanguina","19":"product_tag-pachuli","20":"product_tag-ron","21":"product_tag-sandalo","22":"product_tag-styrax","23":"product_tag-vainilla","24":"product_tag-vetiver","26":"first","27":"instock","28":"taxable","29":"shipping-taxable","30":"product-type-simple"},"_links":{"self":[{"href":"https:\/\/novaluxeurope.com\/en\/wp-json\/wp\/v2\/product\/2070","targetHints":{"allow":["GET"]}}],"collection":[{"href":"https:\/\/novaluxeurope.com\/en\/wp-json\/wp\/v2\/product"}],"about":[{"href":"https:\/\/novaluxeurope.com\/en\/wp-json\/wp\/v2\/types\/product"}],"replies":[{"embeddable":true,"href":"https:\/\/novaluxeurope.com\/en\/wp-json\/wp\/v2\/comments?post=2070"}],"wp:featuredmedia":[{"embeddable":true,"href":"https:\/\/novaluxeurope.com\/en\/wp-json\/wp\/v2\/media\/2069"}],"wp:attachment":[{"href":"https:\/\/novaluxeurope.com\/en\/wp-json\/wp\/v2\/media?parent=2070"}],"wp:term":[{"taxonomy":"product_brand","embeddable":true,"href":"https:\/\/novaluxeurope.com\/en\/wp-json\/wp\/v2\/product_brand?post=2070"},{"taxonomy":"product_cat","embeddable":true,"href":"https:\/\/novaluxeurope.com\/en\/wp-json\/wp\/v2\/product_cat?post=2070"},{"taxonomy":"product_tag","embeddable":true,"href":"https:\/\/novaluxeurope.com\/en\/wp-json\/wp\/v2\/product_tag?post=2070"}],"curies":[{"name":"wp","href":"https:\/\/api.w.org\/{rel}","templated":true}]}}