{"id":2063,"date":"2026-04-10T15:18:57","date_gmt":"2026-04-10T15:18:57","guid":{"rendered":"https:\/\/novaluxeurope.com\/producto\/lattafa-spray-ejaazi-intensive-silver-edp-u-100-ml\/"},"modified":"2026-04-24T13:31:45","modified_gmt":"2026-04-24T13:31:45","slug":"lattafa-spray-ejaazi-intensive-silver-edp-u-100-ml","status":"publish","type":"product","link":"https:\/\/novaluxeurope.com\/en\/product\/lattafa-spray-ejaazi-intensive-silver-edp-u-100-ml\/","title":{"rendered":"Lattafa Spray Ejaazi Intensive Silver"},"content":{"rendered":"<p>Abrace la audacia refinada de Ejaazi Intensive Silver de Lattafa , un Eau de Parfum unisex que ordena la atenci\u00f3n desde el momento en que toca su piel. Lanzada en 2018, esta fragancia vibrante y refrescante comienza con una animada explosi\u00f3n de mandarina y pomelo , a\u00f1adiendo un car\u00e1cter jugoso y c\u00edtrico. En el coraz\u00f3n , el cedro crujiente y las notas marinas aireadas aportan una frescura limpia y amaderada. La fragancia se asienta suavemente en una base suave y terrosa de \u00e1mbar y musgo, dejando una impresi\u00f3n duradera. Presentado en un elegante frasco de 100 ml, Ejaazi Intensive Silver de Lattafa est\u00e1 dise\u00f1ado para quienes valoran la complejidad y la sofisticaci\u00f3n en su fragancia. Este perfume unisex complementa a cualquiera que lo lleve, proporcionando un aroma distintivo y duradero. Tanto si entra en una reuni\u00f3n de alto nivel como si disfruta de una noche de fiesta, Ejaazi Intensive Silver es la fragancia definitiva para una elegancia y confianza atemporales. A\u00f1ada este EDP Spray de 100 ml a su colecci\u00f3n y experimente el poder de una fragancia que habla sin palabras. NOTAS DE PERFUME Notas de salida: Naranja mandarina, pomelo Notas medias: Cedro, Notas Marinas Notas de Fondo: \u00c1mbar, musgo<\/p>\n<h4>Pir\u00e1mide olfativa<\/h4>\n<ul>\n<li><strong>Notas de entrada:<\/strong> Naranja mandarina, Pomelo<\/li>\n<li><strong>Notas de coraz\u00f3n:<\/strong> Cedro, Notas de mar<\/li>\n<li><strong>Notas de salida:<\/strong> \u00c1mbar, Musgo<\/li>\n<\/ul>","protected":false},"excerpt":{"rendered":"<p>Abrace la audacia refinada de Ejaazi Intensive Silver de Lattafa , un Eau de Parfum unisex que ordena la atenci\u00f3n desde el momento en que toca su piel. Lanzada en 2018, esta fragancia vibrante y refrescante comienza con una animada explosi\u00f3n de mandarina y pomelo , a\u00f1adiendo un car\u00e1cter jugoso y c\u00edtrico. En el coraz\u00f3n [&hellip;]<\/p>\n","protected":false},"featured_media":2062,"comment_status":"open","ping_status":"closed","template":"","meta":[],"product_brand":[310],"product_cat":[225],"product_tag":[52,53,161,409,358,245],"class_list":{"0":"post-2063","1":"product","2":"type-product","3":"status-publish","4":"has-post-thumbnail","6":"product_brand-lattafa","7":"product_cat-perfumes-y-fragancias","8":"product_tag-ambar","9":"product_tag-cedro","10":"product_tag-musgo","11":"product_tag-naranja-mandarina","12":"product_tag-notas-de-mar","13":"product_tag-pomelo","15":"first","16":"outofstock","17":"taxable","18":"shipping-taxable","19":"product-type-simple"},"_links":{"self":[{"href":"https:\/\/novaluxeurope.com\/en\/wp-json\/wp\/v2\/product\/2063","targetHints":{"allow":["GET"]}}],"collection":[{"href":"https:\/\/novaluxeurope.com\/en\/wp-json\/wp\/v2\/product"}],"about":[{"href":"https:\/\/novaluxeurope.com\/en\/wp-json\/wp\/v2\/types\/product"}],"replies":[{"embeddable":true,"href":"https:\/\/novaluxeurope.com\/en\/wp-json\/wp\/v2\/comments?post=2063"}],"wp:featuredmedia":[{"embeddable":true,"href":"https:\/\/novaluxeurope.com\/en\/wp-json\/wp\/v2\/media\/2062"}],"wp:attachment":[{"href":"https:\/\/novaluxeurope.com\/en\/wp-json\/wp\/v2\/media?parent=2063"}],"wp:term":[{"taxonomy":"product_brand","embeddable":true,"href":"https:\/\/novaluxeurope.com\/en\/wp-json\/wp\/v2\/product_brand?post=2063"},{"taxonomy":"product_cat","embeddable":true,"href":"https:\/\/novaluxeurope.com\/en\/wp-json\/wp\/v2\/product_cat?post=2063"},{"taxonomy":"product_tag","embeddable":true,"href":"https:\/\/novaluxeurope.com\/en\/wp-json\/wp\/v2\/product_tag?post=2063"}],"curies":[{"name":"wp","href":"https:\/\/api.w.org\/{rel}","templated":true}]}}