{"id":2060,"date":"2026-04-10T15:18:55","date_gmt":"2026-04-10T15:18:55","guid":{"rendered":"https:\/\/novaluxeurope.com\/producto\/lattafa-ser-al-malika\/"},"modified":"2026-05-07T20:01:12","modified_gmt":"2026-05-07T20:01:12","slug":"lattafa-ser-al-malika","status":"publish","type":"product","link":"https:\/\/novaluxeurope.com\/en\/product\/lattafa-ser-al-malika\/","title":{"rendered":"Lattafa Ser Al Malika"},"content":{"rendered":"<p dir=\"ltr\"><strong>Una fragancia sensual para aquellas mujeres que no tienen miedo de llamar la atenci\u00f3n<\/strong><\/p>\n<p dir=\"ltr\">Envu\u00e9lvete en una fragancia que evoca tierras lejanas y tentadoras aventuras. El eau de parfum para mujer Lattafa Ser Al Malika es una combinaci\u00f3n magistral de acordes especiados, madera c\u00e1lida y sensual almizcle. La fragancia ofrece un viaje sensual lleno de elegancia y pasi\u00f3n desde sus frescas notas de salida c\u00edtricas hasta sus notas profundas de \u00e1mbar gris y resinas exclusivas.<\/p>\n<ul>\n<li value=\"1\">fragancia oriental amaderada y especiada<\/li>\n<li value=\"2\">lanzada en el a\u00f1o 2022<\/li>\n<li value=\"3\">ideal para llevar de d\u00eda y en eventos nocturnos<\/li>\n<\/ul>\n<p dir=\"ltr\"><strong>Composici\u00f3n de la fragancia:<\/strong><br \/>Al principio, la fragancia comienza con chispeante lim\u00f3n y jugosa naranja, cuyo frescor se entremezcla con el misterioso azafr\u00e1n y la profunda madera rosa. En las notas de coraz\u00f3n de la fragancia florece la aterciopelada rosa en combinaci\u00f3n con la arom\u00e1tica nuez moscada, mientras que el especiado cardamomo y la ardiente pimienta a\u00f1aden una intensidad c\u00e1lida a la composici\u00f3n. En las notas de fondo, la madera de s\u00e1ndalo se une a la sequedad del cedro, mientras que el cremoso \u00e1mbar gris, el sensual almizcle y la exclusiva resina dejan una estela inconfundible que permanecer\u00e1 en la piel durante horas.<\/p>\n<p dir=\"ltr\"><strong>Historia de la fragancia:<\/strong><br \/>La fragancia Ser Al Malika refleja la delicada elegancia y el misterio de Oriente. Se esconde en un frasco elegante que insin\u00faa la profundidad de esta fragancia sensual.<\/p>\n<h4>Pir\u00e1mide olfativa<\/h4>\n<ul>\n<li><strong>Notas de entrada:<\/strong> neroli, mandarina, naranja, clavo, artemisa<\/li>\n<li><strong>Notas de coraz\u00f3n:<\/strong> rosa, azafr\u00e1n, oud, madera de s\u00e1ndalo<\/li>\n<li><strong>Notas de salida:<\/strong> vainilla, \u00e1mbar, oud, madera de s\u00e1ndalo, almizcle, pachuli<\/li>\n<\/ul>","protected":false},"excerpt":{"rendered":"<p>Una fragancia sensual para aquellas mujeres que no tienen miedo de llamar la atenci\u00f3n Envu\u00e9lvete en una fragancia que evoca tierras lejanas y tentadoras aventuras. El eau de parfum para mujer Lattafa Ser Al Malika es una combinaci\u00f3n magistral de acordes especiados, madera c\u00e1lida y sensual almizcle. La fragancia ofrece un viaje sensual lleno de [&hellip;]<\/p>\n","protected":false},"featured_media":2059,"comment_status":"open","ping_status":"closed","template":"","meta":[],"product_brand":[310],"product_cat":[225],"product_tag":[59,52,322,87,207,47,99,98,148,48,67,49,63],"class_list":{"0":"post-2060","1":"product","2":"type-product","3":"status-publish","4":"has-post-thumbnail","6":"product_brand-lattafa","7":"product_cat-perfumes-y-fragancias","8":"product_tag-almizcle","9":"product_tag-ambar","10":"product_tag-artemisa","11":"product_tag-azafran","12":"product_tag-clavo","13":"product_tag-madera-de-sandalo","14":"product_tag-mandarina","15":"product_tag-naranja","16":"product_tag-neroli","17":"product_tag-oud","18":"product_tag-pachuli","19":"product_tag-rosa","20":"product_tag-vainilla","22":"first","23":"instock","24":"taxable","25":"shipping-taxable","26":"product-type-simple"},"_links":{"self":[{"href":"https:\/\/novaluxeurope.com\/en\/wp-json\/wp\/v2\/product\/2060","targetHints":{"allow":["GET"]}}],"collection":[{"href":"https:\/\/novaluxeurope.com\/en\/wp-json\/wp\/v2\/product"}],"about":[{"href":"https:\/\/novaluxeurope.com\/en\/wp-json\/wp\/v2\/types\/product"}],"replies":[{"embeddable":true,"href":"https:\/\/novaluxeurope.com\/en\/wp-json\/wp\/v2\/comments?post=2060"}],"wp:featuredmedia":[{"embeddable":true,"href":"https:\/\/novaluxeurope.com\/en\/wp-json\/wp\/v2\/media\/2059"}],"wp:attachment":[{"href":"https:\/\/novaluxeurope.com\/en\/wp-json\/wp\/v2\/media?parent=2060"}],"wp:term":[{"taxonomy":"product_brand","embeddable":true,"href":"https:\/\/novaluxeurope.com\/en\/wp-json\/wp\/v2\/product_brand?post=2060"},{"taxonomy":"product_cat","embeddable":true,"href":"https:\/\/novaluxeurope.com\/en\/wp-json\/wp\/v2\/product_cat?post=2060"},{"taxonomy":"product_tag","embeddable":true,"href":"https:\/\/novaluxeurope.com\/en\/wp-json\/wp\/v2\/product_tag?post=2060"}],"curies":[{"name":"wp","href":"https:\/\/api.w.org\/{rel}","templated":true}]}}