{"id":2057,"date":"2026-04-10T15:18:53","date_gmt":"2026-04-10T15:18:53","guid":{"rendered":"https:\/\/novaluxeurope.com\/producto\/lattafa-sehr\/"},"modified":"2026-05-10T12:01:12","modified_gmt":"2026-05-10T12:01:12","slug":"lattafa-sehr","status":"publish","type":"product","link":"https:\/\/novaluxeurope.com\/en\/product\/lattafa-sehr\/","title":{"rendered":"Lattafa Sehr"},"content":{"rendered":"<p dir=\"ltr\"><strong>La magia de la sensualidad y la elegancia<\/strong><\/p>\n<p dir=\"ltr\">Llama la atenci\u00f3n desde el primer momento. El eau de parfum Lattafa Sehr cautivar\u00e1 tus sentidos con su profundidad y su car\u00e1cter c\u00e1lido. Ofrece un equilibrio perfecto entre notas cremosas, florales y picantes, siendo la elecci\u00f3n ideal para todas aquellas personas que busquen una fragancia llena de sofisticaci\u00f3n para dejar una huella inolvidable.<\/p>\n<ul>\n<li value=\"1\">fragancia amaderada para hombre y mujer<\/li>\n<li value=\"2\">novedad del a\u00f1o 2024<\/li>\n<li value=\"3\">en un frasco adornado con un drag\u00f3n dorado<\/li>\n<\/ul>\n<p dir=\"ltr\"><strong>Composici\u00f3n de la fragancia:<\/strong><br \/>La fragancia Lattafa Sehr te dar\u00e1 la bienvenida con un c\u00e1lido abrazo de canela picante cuyo brillo se complementa con la almendra amarga. Esta sensual armon\u00eda aviva la imagen de ex\u00f3ticos pa\u00edses lejanos y noches c\u00e1lidas bajo las estrellas. En las notas de coraz\u00f3n suena una suave sinfon\u00eda en la que las notas de jazm\u00edn se funden con la tierna rosa, mientras que la madera akigala aporta una profundidad terrosa. La dulce vainilla impregna suavemente esta belleza floral con su presencia aterciopelada. Las notas de fondo, a su vez, se asientan en el regazo del c\u00e1lido \u00e1mbar gris y el haba tonka, dejando junto con la vainilla una estela irresistible y duradera llena de elegancia y fascinaci\u00f3n.<\/p>\n<p dir=\"ltr\"><strong>Historia de la fragancia:<\/strong><br \/>Lattafa Sehr encarna la elegancia y la precisi\u00f3n artesanal que definen a la marca Lattafa a lo largo de tres generaciones. Cada uno de sus detalles, desde la composici\u00f3n de la fragancia hasta su envase, reflejan la maestr\u00eda de los perfumistas y su habilidad para unir la tradici\u00f3n con las tendencias modernas. Sehr significa \u00abmagia\u00bb en \u00e1rabe, lo que describe el car\u00e1cter de esta fragancia.<\/p>\n<h4>Pir\u00e1mide olfativa<\/h4>\n<ul>\n<li><strong>Notas de entrada:<\/strong> canela, almendras amargas<\/li>\n<li><strong>Notas de coraz\u00f3n:<\/strong> jazm\u00edn, Pomarose\u00ae, Akigalawood\u00ae<\/li>\n<li><strong>Notas de salida:<\/strong> absoluto de vainilla, \u00e1mbar, haba tonka<\/li>\n<\/ul>","protected":false},"excerpt":{"rendered":"<p>La magia de la sensualidad y la elegancia Llama la atenci\u00f3n desde el primer momento. El eau de parfum Lattafa Sehr cautivar\u00e1 tus sentidos con su profundidad y su car\u00e1cter c\u00e1lido. Ofrece un equilibrio perfecto entre notas cremosas, florales y picantes, siendo la elecci\u00f3n ideal para todas aquellas personas que busquen una fragancia llena de [&hellip;]<\/p>\n","protected":false},"featured_media":2056,"comment_status":"open","ping_status":"closed","template":"","meta":[],"product_brand":[310],"product_cat":[225],"product_tag":[407,74,408,52,94,79,56,406],"class_list":{"0":"post-2057","1":"product","2":"type-product","3":"status-publish","4":"has-post-thumbnail","6":"product_brand-lattafa","7":"product_cat-perfumes-y-fragancias","8":"product_tag-absoluto-de-vainilla","9":"product_tag-akigalawood","10":"product_tag-almendras-amargas","11":"product_tag-ambar","12":"product_tag-canela","13":"product_tag-haba-tonka","14":"product_tag-jazmin","15":"product_tag-pomarose","17":"first","18":"instock","19":"taxable","20":"shipping-taxable","21":"product-type-simple"},"_links":{"self":[{"href":"https:\/\/novaluxeurope.com\/en\/wp-json\/wp\/v2\/product\/2057","targetHints":{"allow":["GET"]}}],"collection":[{"href":"https:\/\/novaluxeurope.com\/en\/wp-json\/wp\/v2\/product"}],"about":[{"href":"https:\/\/novaluxeurope.com\/en\/wp-json\/wp\/v2\/types\/product"}],"replies":[{"embeddable":true,"href":"https:\/\/novaluxeurope.com\/en\/wp-json\/wp\/v2\/comments?post=2057"}],"wp:featuredmedia":[{"embeddable":true,"href":"https:\/\/novaluxeurope.com\/en\/wp-json\/wp\/v2\/media\/2056"}],"wp:attachment":[{"href":"https:\/\/novaluxeurope.com\/en\/wp-json\/wp\/v2\/media?parent=2057"}],"wp:term":[{"taxonomy":"product_brand","embeddable":true,"href":"https:\/\/novaluxeurope.com\/en\/wp-json\/wp\/v2\/product_brand?post=2057"},{"taxonomy":"product_cat","embeddable":true,"href":"https:\/\/novaluxeurope.com\/en\/wp-json\/wp\/v2\/product_cat?post=2057"},{"taxonomy":"product_tag","embeddable":true,"href":"https:\/\/novaluxeurope.com\/en\/wp-json\/wp\/v2\/product_tag?post=2057"}],"curies":[{"name":"wp","href":"https:\/\/api.w.org\/{rel}","templated":true}]}}