{"id":2054,"date":"2026-04-10T15:18:50","date_gmt":"2026-04-10T15:18:50","guid":{"rendered":"https:\/\/novaluxeurope.com\/producto\/lattafa-rouat-al-musk\/"},"modified":"2026-04-24T13:14:08","modified_gmt":"2026-04-24T13:14:08","slug":"lattafa-rouat-al-musk","status":"publish","type":"product","link":"https:\/\/novaluxeurope.com\/en\/product\/lattafa-rouat-al-musk\/","title":{"rendered":"Lattafa Rouat Al Musk"},"content":{"rendered":"<p dir=\"ltr\"><strong>Ad\u00e9ntrate en el mundo de la armon\u00eda floral<\/strong><\/p>\n<p dir=\"ltr\">Descubre la sensualidad y la elegancia. El eau de parfum Lattafa Rouat Al Musk es una fragancia fascinante que combina elegancia y sensualidad. Su aroma es como un toque de misteriosa belleza que te envuelve en un velo sofisticado, transport\u00e1ndote de inmediato a otro mundo. Es ideal para aquellas personas que desean algo especial e inolvidable.\u00a0<\/p>\n<ul>\n<li value=\"1\">composici\u00f3n floral con notas orientales<\/li>\n<li value=\"2\">se lanz\u00f3 al mercado en el a\u00f1o 2019<\/li>\n<li value=\"3\">fragancia unisex en un frasco elegante<\/li>\n<\/ul>\n<p dir=\"ltr\"><strong>Composici\u00f3n de la fragancia:<\/strong><br \/>Al principio te calentar\u00e1 la combinaci\u00f3n ligera pero intensa de azafr\u00e1n que, junto con el ex\u00f3tico ylang-ylang, ofrece energ\u00eda y frescor. En cuanto la fragancia se asienta, en las notas de coraz\u00f3n comienza a sonar una sinfon\u00eda donde la delicada rosa y el refrescante jazm\u00edn crean un conjunto floral que se va transformando gradualmente en notas m\u00e1s sensuales. Las notas de fondo de la fragancia se componen de profundo \u00e1mbar gris, almizcle y pachuli, dejando una huella c\u00e1lida y duradera que evoca sensualidad y elegancia.<\/p>\n<p dir=\"ltr\"><strong>Historia de la fragancia:<\/strong><br \/>Lattafa se enorgullece de su larga tradici\u00f3n de m\u00e1s de tres generaciones, que es la base de todos sus perfumes. Con un cat\u00e1logo de m\u00e1s de 2000 fragancias exclusivas y una distribuci\u00f3n en m\u00e1s de 120 pa\u00edses, Lattafa se ha forjado una clientela amplia y fiel, gan\u00e1ndose el respeto de los especialistas del mundo de la perfumer\u00eda. Todos los perfumes, incluido Lattafa Rouat Al Musk, son el resultado del esmerado trabajo y la dedicaci\u00f3n de los perfumistas, que combinan la maestr\u00eda tradicional con las innovaciones modernas.<\/p>\n<h4>Pir\u00e1mide olfativa<\/h4>\n<ul>\n<li><strong>Notas de entrada:<\/strong> violeta, azafr\u00e1n, ylang-ylang<\/li>\n<li><strong>Notas de coraz\u00f3n:<\/strong> rosa, jazm\u00edn, ra\u00edz de iris<\/li>\n<li><strong>Notas de salida:<\/strong> \u00e1mbar, almizcle, pachuli<\/li>\n<\/ul>","protected":false},"excerpt":{"rendered":"<p>Ad\u00e9ntrate en el mundo de la armon\u00eda floral Descubre la sensualidad y la elegancia. El eau de parfum Lattafa Rouat Al Musk es una fragancia fascinante que combina elegancia y sensualidad. Su aroma es como un toque de misteriosa belleza que te envuelve en un velo sofisticado, transport\u00e1ndote de inmediato a otro mundo. Es ideal [&hellip;]<\/p>\n","protected":false},"featured_media":2053,"comment_status":"open","ping_status":"closed","template":"","meta":[],"product_brand":[310],"product_cat":[225],"product_tag":[59,52,87,56,67,405,49,51,149],"class_list":{"0":"post-2054","1":"product","2":"type-product","3":"status-publish","4":"has-post-thumbnail","6":"product_brand-lattafa","7":"product_cat-perfumes-y-fragancias","8":"product_tag-almizcle","9":"product_tag-ambar","10":"product_tag-azafran","11":"product_tag-jazmin","12":"product_tag-pachuli","13":"product_tag-raiz-de-iris","14":"product_tag-rosa","15":"product_tag-violeta","16":"product_tag-ylang-ylang","18":"first","19":"outofstock","20":"taxable","21":"shipping-taxable","22":"product-type-simple"},"_links":{"self":[{"href":"https:\/\/novaluxeurope.com\/en\/wp-json\/wp\/v2\/product\/2054","targetHints":{"allow":["GET"]}}],"collection":[{"href":"https:\/\/novaluxeurope.com\/en\/wp-json\/wp\/v2\/product"}],"about":[{"href":"https:\/\/novaluxeurope.com\/en\/wp-json\/wp\/v2\/types\/product"}],"replies":[{"embeddable":true,"href":"https:\/\/novaluxeurope.com\/en\/wp-json\/wp\/v2\/comments?post=2054"}],"wp:featuredmedia":[{"embeddable":true,"href":"https:\/\/novaluxeurope.com\/en\/wp-json\/wp\/v2\/media\/2053"}],"wp:attachment":[{"href":"https:\/\/novaluxeurope.com\/en\/wp-json\/wp\/v2\/media?parent=2054"}],"wp:term":[{"taxonomy":"product_brand","embeddable":true,"href":"https:\/\/novaluxeurope.com\/en\/wp-json\/wp\/v2\/product_brand?post=2054"},{"taxonomy":"product_cat","embeddable":true,"href":"https:\/\/novaluxeurope.com\/en\/wp-json\/wp\/v2\/product_cat?post=2054"},{"taxonomy":"product_tag","embeddable":true,"href":"https:\/\/novaluxeurope.com\/en\/wp-json\/wp\/v2\/product_tag?post=2054"}],"curies":[{"name":"wp","href":"https:\/\/api.w.org\/{rel}","templated":true}]}}