{"id":2046,"date":"2026-04-10T15:18:47","date_gmt":"2026-04-10T15:18:47","guid":{"rendered":"https:\/\/novaluxeurope.com\/producto\/lattafa-rave-pure-desire-gold-edp-w-100-ml\/"},"modified":"2026-04-24T13:31:45","modified_gmt":"2026-04-24T13:31:45","slug":"lattafa-rave-pure-desire-gold-edp-w-100-ml","status":"publish","type":"product","link":"https:\/\/novaluxeurope.com\/en\/product\/lattafa-rave-pure-desire-gold-edp-w-100-ml\/","title":{"rendered":"Lattafa Rave Pure Desire Gold"},"content":{"rendered":"<p>Rave Pure Desire Gold de Lattafa Perfumes es una seductora fragancia oriental para mujer , lanzada en 2022. La fragancia se abre con una c\u00e1lida y radiante combinaci\u00f3n de \u00e1mbar y mandarina , mezclando dulzura dorada con un fresco brillo c\u00edtrico. Esta luminosa introducci\u00f3n crea una primera impresi\u00f3n elegante y sensual que llama inmediatamente la atenci\u00f3n. A medida que la fragancia se despliega, revela un coraz\u00f3n floral especiado de Flores Blancas , Clavo , Lirio del Valle y Clavel . Estas notas a\u00f1aden profundidad, feminidad y un suave toque arom\u00e1tico, creando un bouquet aterciopelado que resulta cl\u00e1sico y moderno a la vez. El n\u00facleo floral sigue siendo suave pero expresivo, realzando el car\u00e1cter refinado del perfume. En la base, Rave Pure Desire Gold se asienta en una lujosa y duradera mezcla de vainilla, caramelo y \u00e1mbar gris. El secado es dulce, suave y c\u00e1lidamente resinoso, dejando tras de s\u00ed una rica estela oriental que resulta indulgente e irresistiblemente femenina. Dise\u00f1ado para las mujeres que adoran los perfumes orientales c\u00e1lidos y dulces con un toque sensual, Pure Desire Gold es perfecto para las noches, las ocasiones especiales o cualquier momento en el que desee una fragancia que desprenda confianza, elegancia y encanto. NOTAS DE PERFUME Notas altas: \u00c1mbar, Mandarina Notas medias: Flores Blancas, Clavo, Lirio del Valle, Clavel Notas de Fondo: Vainilla, Caramelo, \u00c1mbar gris<\/p>\n<h4>Pir\u00e1mide olfativa<\/h4>\n<ul>\n<li><strong>Notas de entrada:<\/strong> \u00c1mbar, Mandar\u00edn<\/li>\n<li><strong>Notas de coraz\u00f3n:<\/strong> Flores blancas, Clavo, Lirio del valle, Clavel<\/li>\n<li><strong>Notas de salida:<\/strong> Vainilla, Caramelo, Ambergris<\/li>\n<\/ul>","protected":false},"excerpt":{"rendered":"<p>Rave Pure Desire Gold de Lattafa Perfumes es una seductora fragancia oriental para mujer , lanzada en 2022. La fragancia se abre con una c\u00e1lida y radiante combinaci\u00f3n de \u00e1mbar y mandarina , mezclando dulzura dorada con un fresco brillo c\u00edtrico. Esta luminosa introducci\u00f3n crea una primera impresi\u00f3n elegante y sensual que llama inmediatamente la [&hellip;]<\/p>\n","protected":false},"featured_media":2045,"comment_status":"open","ping_status":"closed","template":"","meta":[],"product_brand":[310],"product_cat":[225],"product_tag":[52,234,60,404,207,110,388,122,63],"class_list":{"0":"post-2046","1":"product","2":"type-product","3":"status-publish","4":"has-post-thumbnail","6":"product_brand-lattafa","7":"product_cat-perfumes-y-fragancias","8":"product_tag-ambar","9":"product_tag-ambergris","10":"product_tag-caramelo","11":"product_tag-clavel","12":"product_tag-clavo","13":"product_tag-flores-blancas","14":"product_tag-lirio-del-valle","15":"product_tag-mandarin","16":"product_tag-vainilla","18":"first","19":"instock","20":"taxable","21":"shipping-taxable","22":"product-type-simple"},"_links":{"self":[{"href":"https:\/\/novaluxeurope.com\/en\/wp-json\/wp\/v2\/product\/2046","targetHints":{"allow":["GET"]}}],"collection":[{"href":"https:\/\/novaluxeurope.com\/en\/wp-json\/wp\/v2\/product"}],"about":[{"href":"https:\/\/novaluxeurope.com\/en\/wp-json\/wp\/v2\/types\/product"}],"replies":[{"embeddable":true,"href":"https:\/\/novaluxeurope.com\/en\/wp-json\/wp\/v2\/comments?post=2046"}],"wp:featuredmedia":[{"embeddable":true,"href":"https:\/\/novaluxeurope.com\/en\/wp-json\/wp\/v2\/media\/2045"}],"wp:attachment":[{"href":"https:\/\/novaluxeurope.com\/en\/wp-json\/wp\/v2\/media?parent=2046"}],"wp:term":[{"taxonomy":"product_brand","embeddable":true,"href":"https:\/\/novaluxeurope.com\/en\/wp-json\/wp\/v2\/product_brand?post=2046"},{"taxonomy":"product_cat","embeddable":true,"href":"https:\/\/novaluxeurope.com\/en\/wp-json\/wp\/v2\/product_cat?post=2046"},{"taxonomy":"product_tag","embeddable":true,"href":"https:\/\/novaluxeurope.com\/en\/wp-json\/wp\/v2\/product_tag?post=2046"}],"curies":[{"name":"wp","href":"https:\/\/api.w.org\/{rel}","templated":true}]}}