{"id":2044,"date":"2026-04-10T15:18:47","date_gmt":"2026-04-10T15:18:47","guid":{"rendered":"https:\/\/novaluxeurope.com\/producto\/lattafa-rave-now-women-gift-set-edp-100-ml-hair-mist-50-ml-perfumed-spray-200-m-2\/"},"modified":"2026-04-24T13:31:45","modified_gmt":"2026-04-24T13:31:45","slug":"lattafa-rave-now-women-gift-set-edp-100-ml-hair-mist-50-ml-perfumed-spray-200-m-2","status":"publish","type":"product","link":"https:\/\/novaluxeurope.com\/en\/product\/lattafa-rave-now-women-gift-set-edp-100-ml-hair-mist-50-ml-perfumed-spray-200-m-2\/","title":{"rendered":"Lattafa Rave Now Women gift set &#8211; +Hair Mist + Perfumed Spray 200"},"content":{"rendered":"<p>Descripci\u00f3n del producto se a\u00f1adir\u00e1 m\u00e1s adelante..<\/p>","protected":false},"excerpt":{"rendered":"<p>Descripci\u00f3n del producto se a\u00f1adir\u00e1 m\u00e1s adelante..<\/p>","protected":false},"featured_media":0,"comment_status":"open","ping_status":"closed","template":"","meta":[],"product_brand":[310],"product_cat":[225],"product_tag":[],"class_list":{"0":"post-2044","1":"product","2":"type-product","3":"status-publish","5":"product_brand-lattafa","6":"product_cat-perfumes-y-fragancias","8":"first","9":"instock","10":"taxable","11":"shipping-taxable","12":"product-type-simple"},"_links":{"self":[{"href":"https:\/\/novaluxeurope.com\/en\/wp-json\/wp\/v2\/product\/2044","targetHints":{"allow":["GET"]}}],"collection":[{"href":"https:\/\/novaluxeurope.com\/en\/wp-json\/wp\/v2\/product"}],"about":[{"href":"https:\/\/novaluxeurope.com\/en\/wp-json\/wp\/v2\/types\/product"}],"replies":[{"embeddable":true,"href":"https:\/\/novaluxeurope.com\/en\/wp-json\/wp\/v2\/comments?post=2044"}],"wp:attachment":[{"href":"https:\/\/novaluxeurope.com\/en\/wp-json\/wp\/v2\/media?parent=2044"}],"wp:term":[{"taxonomy":"product_brand","embeddable":true,"href":"https:\/\/novaluxeurope.com\/en\/wp-json\/wp\/v2\/product_brand?post=2044"},{"taxonomy":"product_cat","embeddable":true,"href":"https:\/\/novaluxeurope.com\/en\/wp-json\/wp\/v2\/product_cat?post=2044"},{"taxonomy":"product_tag","embeddable":true,"href":"https:\/\/novaluxeurope.com\/en\/wp-json\/wp\/v2\/product_tag?post=2044"}],"curies":[{"name":"wp","href":"https:\/\/api.w.org\/{rel}","templated":true}]}}