{"id":2042,"date":"2026-04-10T15:18:47","date_gmt":"2026-04-10T15:18:47","guid":{"rendered":"https:\/\/novaluxeurope.com\/producto\/lattafa-rave-now-women-gift-set-edp-100-ml-hair-mist-50-ml-perfumed-spray-200-m\/"},"modified":"2026-04-24T13:31:45","modified_gmt":"2026-04-24T13:31:45","slug":"lattafa-rave-now-women-gift-set-edp-100-ml-hair-mist-50-ml-perfumed-spray-200-m","status":"publish","type":"product","link":"https:\/\/novaluxeurope.com\/en\/product\/lattafa-rave-now-women-gift-set-edp-100-ml-hair-mist-50-ml-perfumed-spray-200-m\/","title":{"rendered":"Lattafa Rave Now Women gift set &#8211; +Hair Mist + Perfumed Spray 200"},"content":{"rendered":"<p>Del\u00e9itese con la irresistible dulzura de Lattafa Rave Now Women , una cautivadora fragancia Dulce\/Gourmand para mujer que combina a la perfecci\u00f3n alegr\u00eda y sofisticaci\u00f3n. Lanzada en 2023, esta fragancia captura el esp\u00edritu de la feminidad moderna a trav\u00e9s de una exquisita combinaci\u00f3n de brillo afrutado, cremosos florales y una base c\u00e1lida y sensual. La composici\u00f3n se abre con una explosi\u00f3n de frutos rojos y naranja, que eleva instant\u00e1neamente los sentidos con su vibrante energ\u00eda. En el coraz\u00f3n, las notas suaves y cremosas del malvavisco, el lirio de los valles y el jazm\u00edn a\u00f1aden un toque dulce y rom\u00e1ntico, envolviendo la fragancia en una delicada calidez. El fondo de vainilla, musgo y almizcle proporciona profundidad, confort y un encanto duradero, dejando una estela suave y acogedora que perdura maravillosamente en la piel. Este lujoso set de regalo incluye un Eau de Parfum de 100 ml, una Bruma para el Cabello de 50 ml y un Spray Perfumado de 200 ml, que le permitir\u00e1n aplicar el aroma en capas para conseguir una mayor longevidad y un aura uniforme durante todo el d\u00eda. Ya sea para usted o como regalo, Lattafa Rave Now Women es la elecci\u00f3n perfecta para las amantes de las fragancias dulces y golosas que expresan confianza, feminidad y encanto. EL JUEGO INCLUYE Eau de Parfum 100 ml Bruma para el cabello 50 ml Body Spray 200 ml NOTAS DE PERFUME Notas altas: Frutos rojos, Naranja Notas medias: Malvavisco, Lirio del Valle, Jazm\u00edn Notas de Fondo: Vainilla, Musgo, Almizcle<\/p>\n<h4>Pir\u00e1mide olfativa<\/h4>\n<ul>\n<li><strong>Notas de entrada:<\/strong> Frutos rojos, Naranja<\/li>\n<li><strong>Notas de coraz\u00f3n:<\/strong> Malvavisco, Lirio del valle, Jazm\u00edn<\/li>\n<li><strong>Notas de salida:<\/strong> Vainilla, Musgo, Almizcle<\/li>\n<\/ul>","protected":false},"excerpt":{"rendered":"<p>Del\u00e9itese con la irresistible dulzura de Lattafa Rave Now Women , una cautivadora fragancia Dulce\/Gourmand para mujer que combina a la perfecci\u00f3n alegr\u00eda y sofisticaci\u00f3n. Lanzada en 2023, esta fragancia captura el esp\u00edritu de la feminidad moderna a trav\u00e9s de una exquisita combinaci\u00f3n de brillo afrutado, cremosos florales y una base c\u00e1lida y sensual. La [&hellip;]<\/p>\n","protected":false},"featured_media":2041,"comment_status":"open","ping_status":"closed","template":"","meta":[],"product_brand":[310],"product_cat":[225],"product_tag":[59,215,56,388,403,161,98,63],"class_list":{"0":"post-2042","1":"product","2":"type-product","3":"status-publish","4":"has-post-thumbnail","6":"product_brand-lattafa","7":"product_cat-perfumes-y-fragancias","8":"product_tag-almizcle","9":"product_tag-frutos-rojos","10":"product_tag-jazmin","11":"product_tag-lirio-del-valle","12":"product_tag-malvavisco","13":"product_tag-musgo","14":"product_tag-naranja","15":"product_tag-vainilla","17":"first","18":"instock","19":"taxable","20":"shipping-taxable","21":"product-type-simple"},"_links":{"self":[{"href":"https:\/\/novaluxeurope.com\/en\/wp-json\/wp\/v2\/product\/2042","targetHints":{"allow":["GET"]}}],"collection":[{"href":"https:\/\/novaluxeurope.com\/en\/wp-json\/wp\/v2\/product"}],"about":[{"href":"https:\/\/novaluxeurope.com\/en\/wp-json\/wp\/v2\/types\/product"}],"replies":[{"embeddable":true,"href":"https:\/\/novaluxeurope.com\/en\/wp-json\/wp\/v2\/comments?post=2042"}],"wp:featuredmedia":[{"embeddable":true,"href":"https:\/\/novaluxeurope.com\/en\/wp-json\/wp\/v2\/media\/2041"}],"wp:attachment":[{"href":"https:\/\/novaluxeurope.com\/en\/wp-json\/wp\/v2\/media?parent=2042"}],"wp:term":[{"taxonomy":"product_brand","embeddable":true,"href":"https:\/\/novaluxeurope.com\/en\/wp-json\/wp\/v2\/product_brand?post=2042"},{"taxonomy":"product_cat","embeddable":true,"href":"https:\/\/novaluxeurope.com\/en\/wp-json\/wp\/v2\/product_cat?post=2042"},{"taxonomy":"product_tag","embeddable":true,"href":"https:\/\/novaluxeurope.com\/en\/wp-json\/wp\/v2\/product_tag?post=2042"}],"curies":[{"name":"wp","href":"https:\/\/api.w.org\/{rel}","templated":true}]}}