{"id":2035,"date":"2026-04-10T15:18:45","date_gmt":"2026-04-10T15:18:45","guid":{"rendered":"https:\/\/novaluxeurope.com\/producto\/lattafa-rave-now-women-edp-w-100-ml\/"},"modified":"2026-05-06T20:29:16","modified_gmt":"2026-05-06T20:29:16","slug":"lattafa-rave-now-women-edp-w-100-ml","status":"publish","type":"product","link":"https:\/\/novaluxeurope.com\/en\/product\/lattafa-rave-now-women-edp-w-100-ml\/","title":{"rendered":"Lattafa Rave Now Women"},"content":{"rendered":"<p>Ad\u00e9ntrate en un mundo de encanto y elegancia con Rave Now Pink de Lattafa, una impresionante fragancia presentada en 2023. Elaborada especialmente para la mujer, esta Eau de Parfum ofrece una fascinante experiencia olfativa que combina la frescura juguetona con la sofisticaci\u00f3n femenina. Presentada en un frasco con pulverizador de 100 ml, es perfecta para a\u00f1adir un toque de lujo a su rutina diaria. Perteneciente a la familia olfativa Almizcle Floral Amaderado, Rave Now Pink se abre con una jugosa salpicadura de frutos rojos y naranja, estableciendo un tono alegre y energizante. El coraz\u00f3n de la fragancia se despliega con una mezcla de ensue\u00f1o de lirio del valle, malvavisco y jazm\u00edn, tejiendo una sensaci\u00f3n suave y rom\u00e1ntica que hechiza los sentidos. La fragancia se asienta en una rica base de musgo, vainilla y almizcle, que aporta calidez y profundidad para una impresi\u00f3n duradera y sensual. Esta sofisticada mezcla garantiza que la fragancia permanezca presente durante todo el d\u00eda. Creada por Lattafa, una marca conocida por sus perfumes de alta calidad, Rave Now Pink es m\u00e1s que una fragancia: es una declaraci\u00f3n de estilo y gracia. Ya sea para una celebraci\u00f3n o para llevar a diario, este perfume aporta una presencia radiante all\u00e1 donde vaya. A\u00f1ada un toque especial a su armario de fragancias con Rave Now Pink, identificado por su c\u00f3digo de barras \u00fanico: 6290360593685. Deje que este delicioso perfume se convierta en su firma y convierta cada momento en algo m\u00e1gico. NOTAS DE PERFUME Notas de salida: Frutos rojos, Naranja Notas medias: Lirio del Valle, Malvavisco, Jazm\u00edn Notas de Fondo: Musgo, Vainilla, Almizcle<\/p>\n<h4>Pir\u00e1mide olfativa<\/h4>\n<ul>\n<li><strong>Notas de entrada:<\/strong> Frutos rojos, Naranja<\/li>\n<li><strong>Notas de coraz\u00f3n:<\/strong> Lirio del valle, Malvavisco, Jazm\u00edn<\/li>\n<li><strong>Notas de salida:<\/strong> Musgo, Vainilla, Almizcle<\/li>\n<\/ul>","protected":false},"excerpt":{"rendered":"<p>Ad\u00e9ntrate en un mundo de encanto y elegancia con Rave Now Pink de Lattafa, una impresionante fragancia presentada en 2023. Elaborada especialmente para la mujer, esta Eau de Parfum ofrece una fascinante experiencia olfativa que combina la frescura juguetona con la sofisticaci\u00f3n femenina. Presentada en un frasco con pulverizador de 100 ml, es perfecta para [&hellip;]<\/p>\n","protected":false},"featured_media":2034,"comment_status":"open","ping_status":"closed","template":"","meta":[],"product_brand":[310],"product_cat":[225],"product_tag":[59,215,56,388,403,161,98,63],"class_list":{"0":"post-2035","1":"product","2":"type-product","3":"status-publish","4":"has-post-thumbnail","6":"product_brand-lattafa","7":"product_cat-perfumes-y-fragancias","8":"product_tag-almizcle","9":"product_tag-frutos-rojos","10":"product_tag-jazmin","11":"product_tag-lirio-del-valle","12":"product_tag-malvavisco","13":"product_tag-musgo","14":"product_tag-naranja","15":"product_tag-vainilla","17":"first","18":"instock","19":"taxable","20":"shipping-taxable","21":"product-type-simple"},"_links":{"self":[{"href":"https:\/\/novaluxeurope.com\/en\/wp-json\/wp\/v2\/product\/2035","targetHints":{"allow":["GET"]}}],"collection":[{"href":"https:\/\/novaluxeurope.com\/en\/wp-json\/wp\/v2\/product"}],"about":[{"href":"https:\/\/novaluxeurope.com\/en\/wp-json\/wp\/v2\/types\/product"}],"replies":[{"embeddable":true,"href":"https:\/\/novaluxeurope.com\/en\/wp-json\/wp\/v2\/comments?post=2035"}],"wp:featuredmedia":[{"embeddable":true,"href":"https:\/\/novaluxeurope.com\/en\/wp-json\/wp\/v2\/media\/2034"}],"wp:attachment":[{"href":"https:\/\/novaluxeurope.com\/en\/wp-json\/wp\/v2\/media?parent=2035"}],"wp:term":[{"taxonomy":"product_brand","embeddable":true,"href":"https:\/\/novaluxeurope.com\/en\/wp-json\/wp\/v2\/product_brand?post=2035"},{"taxonomy":"product_cat","embeddable":true,"href":"https:\/\/novaluxeurope.com\/en\/wp-json\/wp\/v2\/product_cat?post=2035"},{"taxonomy":"product_tag","embeddable":true,"href":"https:\/\/novaluxeurope.com\/en\/wp-json\/wp\/v2\/product_tag?post=2035"}],"curies":[{"name":"wp","href":"https:\/\/api.w.org\/{rel}","templated":true}]}}