{"id":2028,"date":"2026-04-10T15:18:43","date_gmt":"2026-04-10T15:18:43","guid":{"rendered":"https:\/\/novaluxeurope.com\/producto\/lattafa-rave-now-edp-m-100-ml\/"},"modified":"2026-05-09T11:19:11","modified_gmt":"2026-05-09T11:19:11","slug":"lattafa-rave-now-edp-m-100-ml","status":"publish","type":"product","link":"https:\/\/novaluxeurope.com\/en\/product\/lattafa-rave-now-edp-m-100-ml\/","title":{"rendered":"Lattafa Rave Now"},"content":{"rendered":"<p>Lattafa Rave Now EDP 100 ml es un Eau de Parfum para hombre atrevido y en\u00e9rgico de la casa de perfumes Lattafa, creado para aquellos que desean causar una impresi\u00f3n poderosa y duradera. Perteneciente a la familia olfativa Amaderada Arom\u00e1tica, combina el frescor afrutado con elegantes notas florales y un fondo c\u00e1lido y resinoso, creando un aroma vibrante y sofisticado a la vez. La fragancia se abre con un estallido brillante y jugoso de pi\u00f1a , grosella negra , bergamota y manzana , ofreciendo una introducci\u00f3n vigorizante y que llama la atenci\u00f3n, a menudo descrita por los fans como una verdadera \u00abbomba de pi\u00f1a\u00bb. El coraz\u00f3n revela una refinada mezcla de rosa, abedul seco, jazm\u00edn marroqu\u00ed y pachul\u00ed, que aportan profundidad, masculinidad y suaves matices florales. Por \u00faltimo, la base se despliega en un rico y sensual secado de almizcle, vainilla, musgo de roble y \u00e1mbar gris, ofreciendo calidez, car\u00e1cter y una impresionante longevidad. En cuanto a su rendimiento, Rave Now ha recibido elogios por su fuerte proyecci\u00f3n y poder duradero, lo que la convierte en una excelente fragancia de autor para hombres seguros de s\u00ed mismos. A menudo se considera una alternativa asequible a las colonias amaderadas-afrutadas de lujo, ya que ofrece una calidad y un car\u00e1cter excepcionales por una fracci\u00f3n del precio. Debido a su atrevida apertura, muchos usuarios recomiendan dejar que se asiente sobre la piel o la ropa para conseguir un secado perfectamente equilibrado. NOTAS DE PERFUME Notas de salida: Pi\u00f1a, grosella negra, bergamota, manzana Notas medias: Rosa, Abedul, Jazm\u00edn, Pachul\u00ed Notas de Fondo: Almizcle, Vainilla, Musgo de roble, \u00c1mbar gris<\/p>\n<h4>Pir\u00e1mide olfativa<\/h4>\n<ul>\n<li><strong>Notas de entrada:<\/strong> Pi\u00f1a, Grosella negra, Bergamota, Manzana<\/li>\n<li><strong>Notas de coraz\u00f3n:<\/strong> Rosa, Abedul seco, Jazm\u00edn marroqu\u00ed, Pachul\u00ed<\/li>\n<li><strong>Notas de salida:<\/strong> Almizcle, Vainilla, Oakmoss, Ambergris<\/li>\n<\/ul>","protected":false},"excerpt":{"rendered":"<p>Lattafa Rave Now EDP 100 ml es un Eau de Parfum para hombre atrevido y en\u00e9rgico de la casa de perfumes Lattafa, creado para aquellos que desean causar una impresi\u00f3n poderosa y duradera. Perteneciente a la familia olfativa Amaderada Arom\u00e1tica, combina el frescor afrutado con elegantes notas florales y un fondo c\u00e1lido y resinoso, creando [&hellip;]<\/p>\n","protected":false},"featured_media":2027,"comment_status":"open","ping_status":"closed","template":"","meta":[],"product_brand":[310],"product_cat":[225],"product_tag":[401,59,234,102,111,402,88,124,67,101,49,63],"class_list":{"0":"post-2028","1":"product","2":"type-product","3":"status-publish","4":"has-post-thumbnail","6":"product_brand-lattafa","7":"product_cat-perfumes-y-fragancias","8":"product_tag-abedul-seco","9":"product_tag-almizcle","10":"product_tag-ambergris","11":"product_tag-bergamota","12":"product_tag-grosella-negra","13":"product_tag-jazmin-marroqui","14":"product_tag-manzana","15":"product_tag-oakmoss","16":"product_tag-pachuli","17":"product_tag-pina","18":"product_tag-rosa","19":"product_tag-vainilla","21":"first","22":"instock","23":"taxable","24":"shipping-taxable","25":"product-type-simple"},"_links":{"self":[{"href":"https:\/\/novaluxeurope.com\/en\/wp-json\/wp\/v2\/product\/2028","targetHints":{"allow":["GET"]}}],"collection":[{"href":"https:\/\/novaluxeurope.com\/en\/wp-json\/wp\/v2\/product"}],"about":[{"href":"https:\/\/novaluxeurope.com\/en\/wp-json\/wp\/v2\/types\/product"}],"replies":[{"embeddable":true,"href":"https:\/\/novaluxeurope.com\/en\/wp-json\/wp\/v2\/comments?post=2028"}],"wp:featuredmedia":[{"embeddable":true,"href":"https:\/\/novaluxeurope.com\/en\/wp-json\/wp\/v2\/media\/2027"}],"wp:attachment":[{"href":"https:\/\/novaluxeurope.com\/en\/wp-json\/wp\/v2\/media?parent=2028"}],"wp:term":[{"taxonomy":"product_brand","embeddable":true,"href":"https:\/\/novaluxeurope.com\/en\/wp-json\/wp\/v2\/product_brand?post=2028"},{"taxonomy":"product_cat","embeddable":true,"href":"https:\/\/novaluxeurope.com\/en\/wp-json\/wp\/v2\/product_cat?post=2028"},{"taxonomy":"product_tag","embeddable":true,"href":"https:\/\/novaluxeurope.com\/en\/wp-json\/wp\/v2\/product_tag?post=2028"}],"curies":[{"name":"wp","href":"https:\/\/api.w.org\/{rel}","templated":true}]}}