{"id":2019,"date":"2026-04-10T15:18:40","date_gmt":"2026-04-10T15:18:40","guid":{"rendered":"https:\/\/novaluxeurope.com\/producto\/lattafa-qaed-al-fursan-2\/"},"modified":"2026-05-13T00:01:15","modified_gmt":"2026-05-13T00:01:15","slug":"lattafa-qaed-al-fursan-2","status":"publish","type":"product","link":"https:\/\/novaluxeurope.com\/en\/product\/lattafa-qaed-al-fursan-2\/","title":{"rendered":"Lattafa Qaed Al Fursan Untamed EDP U 90 ml"},"content":{"rendered":"<p>Lattafa Qaed Al Fursan Untamed 90 ml es un Eau de Parfum unisex audaz y polifac\u00e9tico que captura la esencia de la calidez especiada, la frescura arom\u00e1tica y la dulce profundidad. Se abre con una atractiva mezcla de canela, mandarina, nuez moscada y cardamomo, que combina c\u00edtricos picantes con especias ex\u00f3ticas para crear una primera impresi\u00f3n din\u00e1mica y en\u00e9rgica. El coraz\u00f3n presenta una rica armon\u00eda de caramelo, lavanda, geranio, salvia sclarea y cipr\u00e9s. Esta etapa fusiona la dulzura cremosa con la complejidad floral y herbal, ofreciendo tanto indulgencia como estructura. La interacci\u00f3n de notas gourmand y arom\u00e1ticas hace que esta parte de la fragancia sea especialmente convincente y equilibrada. A medida que se asienta, la fragancia revela una base resinosa y terrosa de \u00e1mbar, l\u00e1dano, ol\u00edbano, vetiver y madera de cedro. Estos elementos aportan profundidad y calidez duraderas y confieren a la fragancia un acabado elegante y arraigado que perdura con seguridad en la piel. Qaed Al Fursan Indomable es una elecci\u00f3n ideal para los amantes de las fragancias orientales que desean un aroma que evolucione con riqueza y distinci\u00f3n. Con su salida especiada, su coraz\u00f3n matizado y su profundo fondo amaderado, es especialmente adecuado para las ocasiones nocturnas o las estaciones m\u00e1s fr\u00edas, cuando su complejidad puede brillar de verdad. NOTAS DE PERFUME Notas de salida: Canela, mandarina, nuez moscada, cardamomo Notas medias: Caramelo, lavanda, geranio, salvia sclarea, cipr\u00e9s Notas de fondo: \u00c1mbar, l\u00e1dano, ol\u00edbano, vetiver, cedro<\/p>\n<h4>Pir\u00e1mide olfativa<\/h4>\n<ul>\n<li><strong>Notas de entrada:<\/strong> Nuez moscada, Cardamomo, Mandar\u00edn, Canela<\/li>\n<li><strong>Notas de coraz\u00f3n:<\/strong> Lavanda, Geranio, Cipr\u00e9s, Salvia sclarea, Caramelo<\/li>\n<li><strong>Notas de salida:<\/strong> Madera de cedro, Ol\u00edbano, Vetiver, Labdanum, \u00c1mbar<\/li>\n<\/ul>","protected":false},"excerpt":{"rendered":"<p>Lattafa Qaed Al Fursan Untamed 90 ml es un Eau de Parfum unisex audaz y polifac\u00e9tico que captura la esencia de la calidez especiada, la frescura arom\u00e1tica y la dulce profundidad. Se abre con una atractiva mezcla de canela, mandarina, nuez moscada y cardamomo, que combina c\u00edtricos picantes con especias ex\u00f3ticas para crear una primera [&hellip;]<\/p>\n","protected":false},"featured_media":6224,"comment_status":"open","ping_status":"closed","template":"","meta":[],"product_brand":[310],"product_cat":[225],"product_tag":[86,59,64,102,332,56,88,61,331,333,67,49,63],"class_list":{"0":"post-2019","1":"product","2":"type-product","3":"status-publish","4":"has-post-thumbnail","6":"product_brand-lattafa","7":"product_cat-perfumes-y-fragancias","8":"product_tag-abedul","9":"product_tag-almizcle","10":"product_tag-ambar-gris","11":"product_tag-bergamota","12":"product_tag-frutas-del-bosque","13":"product_tag-jazmin","14":"product_tag-manzana","15":"product_tag-musgo-de-roble","16":"product_tag-notas-amaderadas-orientales","17":"product_tag-notas-florales","18":"product_tag-pachuli","19":"product_tag-rosa","20":"product_tag-vainilla","22":"first","23":"instock","24":"taxable","25":"shipping-taxable","26":"product-type-simple"},"_links":{"self":[{"href":"https:\/\/novaluxeurope.com\/en\/wp-json\/wp\/v2\/product\/2019","targetHints":{"allow":["GET"]}}],"collection":[{"href":"https:\/\/novaluxeurope.com\/en\/wp-json\/wp\/v2\/product"}],"about":[{"href":"https:\/\/novaluxeurope.com\/en\/wp-json\/wp\/v2\/types\/product"}],"replies":[{"embeddable":true,"href":"https:\/\/novaluxeurope.com\/en\/wp-json\/wp\/v2\/comments?post=2019"}],"wp:featuredmedia":[{"embeddable":true,"href":"https:\/\/novaluxeurope.com\/en\/wp-json\/wp\/v2\/media\/6224"}],"wp:attachment":[{"href":"https:\/\/novaluxeurope.com\/en\/wp-json\/wp\/v2\/media?parent=2019"}],"wp:term":[{"taxonomy":"product_brand","embeddable":true,"href":"https:\/\/novaluxeurope.com\/en\/wp-json\/wp\/v2\/product_brand?post=2019"},{"taxonomy":"product_cat","embeddable":true,"href":"https:\/\/novaluxeurope.com\/en\/wp-json\/wp\/v2\/product_cat?post=2019"},{"taxonomy":"product_tag","embeddable":true,"href":"https:\/\/novaluxeurope.com\/en\/wp-json\/wp\/v2\/product_tag?post=2019"}],"curies":[{"name":"wp","href":"https:\/\/api.w.org\/{rel}","templated":true}]}}