{"id":2017,"date":"2026-04-10T15:18:40","date_gmt":"2026-04-10T15:18:40","guid":{"rendered":"https:\/\/novaluxeurope.com\/producto\/lattafa-pure-oudi\/"},"modified":"2026-05-09T16:01:11","modified_gmt":"2026-05-09T16:01:11","slug":"lattafa-pure-oudi","status":"publish","type":"product","link":"https:\/\/novaluxeurope.com\/en\/product\/lattafa-pure-oudi\/","title":{"rendered":"Lattafa Pure Oudi"},"content":{"rendered":"<div>\n<p dir=\"ltr\">Ad\u00e9ntrate en el mundo de la sensualidad profunda y la elegancia atemporal. El eau de parfum Lattafa Pure Oudi ha sido creado para todos los hombres que aprecian el refinamiento y la fuerza de las esencias orientales. Con su rica composici\u00f3n llena de notas de especias c\u00e1lidas y maderas sensuales, la fragancia Pure Oudi ofrece un aroma carism\u00e1tico e inconfundible.<\/p>\n<ul>\n<li value=\"1\">fragancia oriental con una intensa profundidad amaderada<\/li>\n<li value=\"2\">ideal para los hombres que prefieren las fragancias intensas y sofisticadas<\/li>\n<li value=\"3\">adecuada para ocasiones especiales<\/li>\n<\/ul>\n<p dir=\"ltr\"><strong>Composici\u00f3n de la fragancia:<\/strong><br \/>La fragancia se abre con un rico acorde de oud, cuyos exclusivos matices amaderados quedan realzados por la c\u00e1lida canela y la arom\u00e1tica nuez moscada. Seg\u00fan se va desplegando la fragancia, cobran protagonismo el aterciopelado jazm\u00edn y la cremosa madera de s\u00e1ndalo, que aportan una suavidad sofisticada a la composici\u00f3n. El final se compone de sensual almizcle, dulce vainilla y unas profundas notas de \u00e1mbar, madera de guayaco y de cedro.<\/p>\n<p><p><strong>Contenido del lote:<\/strong><\/p>\n<ul>\n<li>Eau de Parfum 100 ml<\/li>\n<li>desodorante con fragancia 50 ml<\/li>\n<\/ul>\n<\/div>\n<h4>Pir\u00e1mide olfativa<\/h4>\n<ul>\n<li><strong>Notas de entrada:<\/strong> nuez moscada, oud, canela<\/li>\n<li><strong>Notas de coraz\u00f3n:<\/strong> jazm\u00edn, madera de s\u00e1ndalo<\/li>\n<li><strong>Notas de salida:<\/strong> almizcle, madera de cedro, \u00e1mbar, madera de guayaco, vainilla<\/li>\n<\/ul>","protected":false},"excerpt":{"rendered":"<p>Ad\u00e9ntrate en el mundo de la sensualidad profunda y la elegancia atemporal. El eau de parfum Lattafa Pure Oudi ha sido creado para todos los hombres que aprecian el refinamiento y la fuerza de las esencias orientales. Con su rica composici\u00f3n llena de notas de especias c\u00e1lidas y maderas sensuales, la fragancia Pure Oudi ofrece [&hellip;]<\/p>\n","protected":false},"featured_media":2016,"comment_status":"open","ping_status":"closed","template":"","meta":[],"product_brand":[310],"product_cat":[225],"product_tag":[59,52,94,56,46,147,47,95,48,63],"class_list":{"0":"post-2017","1":"product","2":"type-product","3":"status-publish","4":"has-post-thumbnail","6":"product_brand-lattafa","7":"product_cat-perfumes-y-fragancias","8":"product_tag-almizcle","9":"product_tag-ambar","10":"product_tag-canela","11":"product_tag-jazmin","12":"product_tag-madera-de-cedro","13":"product_tag-madera-de-guayaco","14":"product_tag-madera-de-sandalo","15":"product_tag-nuez-moscada","16":"product_tag-oud","17":"product_tag-vainilla","19":"first","20":"instock","21":"taxable","22":"shipping-taxable","23":"product-type-simple"},"_links":{"self":[{"href":"https:\/\/novaluxeurope.com\/en\/wp-json\/wp\/v2\/product\/2017","targetHints":{"allow":["GET"]}}],"collection":[{"href":"https:\/\/novaluxeurope.com\/en\/wp-json\/wp\/v2\/product"}],"about":[{"href":"https:\/\/novaluxeurope.com\/en\/wp-json\/wp\/v2\/types\/product"}],"replies":[{"embeddable":true,"href":"https:\/\/novaluxeurope.com\/en\/wp-json\/wp\/v2\/comments?post=2017"}],"wp:featuredmedia":[{"embeddable":true,"href":"https:\/\/novaluxeurope.com\/en\/wp-json\/wp\/v2\/media\/2016"}],"wp:attachment":[{"href":"https:\/\/novaluxeurope.com\/en\/wp-json\/wp\/v2\/media?parent=2017"}],"wp:term":[{"taxonomy":"product_brand","embeddable":true,"href":"https:\/\/novaluxeurope.com\/en\/wp-json\/wp\/v2\/product_brand?post=2017"},{"taxonomy":"product_cat","embeddable":true,"href":"https:\/\/novaluxeurope.com\/en\/wp-json\/wp\/v2\/product_cat?post=2017"},{"taxonomy":"product_tag","embeddable":true,"href":"https:\/\/novaluxeurope.com\/en\/wp-json\/wp\/v2\/product_tag?post=2017"}],"curies":[{"name":"wp","href":"https:\/\/api.w.org\/{rel}","templated":true}]}}