{"id":2010,"date":"2026-04-10T15:18:37","date_gmt":"2026-04-10T15:18:37","guid":{"rendered":"https:\/\/novaluxeurope.com\/producto\/lattafa-pride-wajood-edp-u-100-ml\/"},"modified":"2026-04-24T13:31:44","modified_gmt":"2026-04-24T13:31:44","slug":"lattafa-pride-wajood-edp-u-100-ml","status":"publish","type":"product","link":"https:\/\/novaluxeurope.com\/en\/product\/lattafa-pride-wajood-edp-u-100-ml\/","title":{"rendered":"Lattafa Pride Wajood"},"content":{"rendered":"<p>Presentamos Wajood de Lattafa, una seductora fragancia unisex lanzada en 2022, creada para hombres y mujeres que buscan un aroma refrescante y en\u00e9rgico. Perteneciente a la familia olfativa Arom\u00e1tica Acu\u00e1tica, esta Eau de Parfum unisex est\u00e1 dise\u00f1ada para ofrecer un aroma vigorizante y \u00fanico. La fragancia se abre con un estallido de frescor, encabezado por notas marinas y pimienta rosa de salida que energizan y despiertan los sentidos de inmediato. A medida que el aroma se despliega, el coraz\u00f3n de la fragancia introduce elementos terrosos de vetiver y pachul\u00ed , a\u00f1adiendo una profundidad refinada que realza su encanto. Por \u00faltimo, la fragancia se profundiza con una base duradera de s\u00e1ndalo y \u00e1mbar, que proporciona un acabado suave y c\u00e1lido que le acompa\u00f1ar\u00e1 durante todo el d\u00eda. Creada por la prestigiosa casa de dise\u00f1o Lattafa, Wajood encarna la opulencia y la artesan\u00eda por las que es conocida la marca. Este spray EDP de 100 ml no puede faltar en su colecci\u00f3n, ya que garantiza una impresi\u00f3n duradera con cada pulverizaci\u00f3n. Autenticidad garantizada con el c\u00f3digo de barras 6291108738283. NOTAS DE PERFUME Notas altas: Notas marinas, pimienta rosa Notas medias: Vetiver, Pachul\u00ed Notas de Fondo: S\u00e1ndalo, \u00c1mbar<\/p>\n<h4>Pir\u00e1mide olfativa<\/h4>\n<ul>\n<li><strong>Notas de entrada:<\/strong> Notas de mar, Pimienta rosa<\/li>\n<li><strong>Notas de coraz\u00f3n:<\/strong> Vetiver, Pachul\u00ed<\/li>\n<li><strong>Notas de salida:<\/strong> S\u00e1ndalo, \u00c1mbar<\/li>\n<\/ul>","protected":false},"excerpt":{"rendered":"<p>Presentamos Wajood de Lattafa, una seductora fragancia unisex lanzada en 2022, creada para hombres y mujeres que buscan un aroma refrescante y en\u00e9rgico. Perteneciente a la familia olfativa Arom\u00e1tica Acu\u00e1tica, esta Eau de Parfum unisex est\u00e1 dise\u00f1ada para ofrecer un aroma vigorizante y \u00fanico. La fragancia se abre con un estallido de frescor, encabezado por [&hellip;]<\/p>\n","protected":false},"featured_media":2009,"comment_status":"open","ping_status":"closed","template":"","meta":[],"product_brand":[310],"product_cat":[225],"product_tag":[52,358,67,141,174,50],"class_list":{"0":"post-2010","1":"product","2":"type-product","3":"status-publish","4":"has-post-thumbnail","6":"product_brand-lattafa","7":"product_cat-perfumes-y-fragancias","8":"product_tag-ambar","9":"product_tag-notas-de-mar","10":"product_tag-pachuli","11":"product_tag-pimienta-rosa","12":"product_tag-sandalo","13":"product_tag-vetiver","15":"first","16":"outofstock","17":"taxable","18":"shipping-taxable","19":"product-type-simple"},"_links":{"self":[{"href":"https:\/\/novaluxeurope.com\/en\/wp-json\/wp\/v2\/product\/2010","targetHints":{"allow":["GET"]}}],"collection":[{"href":"https:\/\/novaluxeurope.com\/en\/wp-json\/wp\/v2\/product"}],"about":[{"href":"https:\/\/novaluxeurope.com\/en\/wp-json\/wp\/v2\/types\/product"}],"replies":[{"embeddable":true,"href":"https:\/\/novaluxeurope.com\/en\/wp-json\/wp\/v2\/comments?post=2010"}],"wp:featuredmedia":[{"embeddable":true,"href":"https:\/\/novaluxeurope.com\/en\/wp-json\/wp\/v2\/media\/2009"}],"wp:attachment":[{"href":"https:\/\/novaluxeurope.com\/en\/wp-json\/wp\/v2\/media?parent=2010"}],"wp:term":[{"taxonomy":"product_brand","embeddable":true,"href":"https:\/\/novaluxeurope.com\/en\/wp-json\/wp\/v2\/product_brand?post=2010"},{"taxonomy":"product_cat","embeddable":true,"href":"https:\/\/novaluxeurope.com\/en\/wp-json\/wp\/v2\/product_cat?post=2010"},{"taxonomy":"product_tag","embeddable":true,"href":"https:\/\/novaluxeurope.com\/en\/wp-json\/wp\/v2\/product_tag?post=2010"}],"curies":[{"name":"wp","href":"https:\/\/api.w.org\/{rel}","templated":true}]}}