{"id":2008,"date":"2026-04-10T15:18:37","date_gmt":"2026-04-10T15:18:37","guid":{"rendered":"https:\/\/novaluxeurope.com\/producto\/lattafa-pride-vintage-radio\/"},"modified":"2026-05-08T16:01:12","modified_gmt":"2026-05-08T16:01:12","slug":"lattafa-pride-vintage-radio","status":"publish","type":"product","link":"https:\/\/novaluxeurope.com\/en\/product\/lattafa-pride-vintage-radio\/","title":{"rendered":"Lattafa Pride Vintage Radio"},"content":{"rendered":"<div>\n<p dir=\"ltr\"><strong>Resonancia retro<\/strong><\/p>\n<p dir=\"ltr\">El lote de regalo Lattafa Pride Vintage Radio representa la armon\u00eda entre el frescor y las notas profundas de la madera. Es el regalo ideal para incondicionales de las fragancias refinadas y de las presentaciones de dise\u00f1o. A primera vista, atrae no solo por su presentaci\u00f3n elegante, sino tambi\u00e9n por su composici\u00f3n arom\u00e1tica tan bien escogida.<\/p>\n<p dir=\"ltr\"><strong>Caracter\u00edsticas:<\/strong><\/p>\n<ul>\n<li value=\"1\">lote arom\u00e1tico con eau de parfum, fragancia de viaje y desodorante<\/li>\n<li value=\"2\">composici\u00f3n ideal para llevarla tanto de d\u00eda como de noche<\/li>\n<li value=\"3\">adecuado para hombre y mujer<\/li>\n<\/ul>\n<p dir=\"ltr\"><strong>Descripci\u00f3n de la fragancia Pride Vintage Radio:<\/strong><\/p>\n<ul>\n<li value=\"1\">notas de cabeza: lavanda, salvia, bergamota<\/li>\n<li value=\"2\">notas de coraz\u00f3n: ciruela, palo santo, pimienta negra<\/li>\n<li value=\"3\">notas de fondo: madera de s\u00e1ndalo, madera de \u00e1mbar<\/li>\n<\/ul>\n<p><p><strong>Contenido del lote:<\/strong><\/p>\n<ul>\n<li><a href=\"https:\/\/www.notino.es\/-\/pd\/LTF00694\" rel=\"noreferrer noopener\" target=\"_blank\">Lattafa Pride Vintage Radio Eau de Parfum 100 ml<\/a><\/li>\n<li>Pride Vintage Radio Eau de Parfum 20 ml<\/li>\n<li>desodorante con fragancia 200 ml<\/li>\n<\/ul>\n<\/div>\n<h4>Pir\u00e1mide olfativa<\/h4>\n<ul>\n<li><strong>Notas de entrada:<\/strong> Mi Discovery Box:5 muestras a tu elecci\u00f3n, Mi Discovery Box:, Shade Finder: Encuentrael tono de maquillaje adecuado, Shade Finder: Encuentra, Fant\u00e1sticos regaloscon tu compra, Fant\u00e1sticos regalos, Mi Discovery Box:5 muestras a tu elecci\u00f3n, Mi Discovery Box:, Ll\u00e1manos al 912 90 14 19, Mi Discovery Box:5 muestras a tu elecci\u00f3n, Mi Discovery Box:, Shade Finder: Encuentrael tono de maquillaje adecuado, Shade Finder: Encuentra, Fant\u00e1sticos regaloscon tu compra, Fant\u00e1sticos regalos, Mi Discovery Box:5 muestras a tu elecci\u00f3n, Mi Discovery Box:<\/li>\n<li><strong>Notas de coraz\u00f3n:<\/strong> Mi Discovery Box:5 muestras a tu elecci\u00f3n, Mi Discovery Box:, Shade Finder: Encuentrael tono de maquillaje adecuado, Shade Finder: Encuentra, Fant\u00e1sticos regaloscon tu compra, Fant\u00e1sticos regalos, Mi Discovery Box:5 muestras a tu elecci\u00f3n, Mi Discovery Box:, Ll\u00e1manos al 912 90 14 19, Mi Discovery Box:5 muestras a tu elecci\u00f3n, Mi Discovery Box:, Shade Finder: Encuentrael tono de maquillaje adecuado, Shade Finder: Encuentra, Fant\u00e1sticos regaloscon tu compra, Fant\u00e1sticos regalos, Mi Discovery Box:5 muestras a tu elecci\u00f3n, Mi Discovery Box:<\/li>\n<li><strong>Notas de salida:<\/strong> Mi Discovery Box:5 muestras a tu elecci\u00f3n, Mi Discovery Box:, Shade Finder: Encuentrael tono de maquillaje adecuado, Shade Finder: Encuentra, Fant\u00e1sticos regaloscon tu compra, Fant\u00e1sticos regalos, Mi Discovery Box:5 muestras a tu elecci\u00f3n, Mi Discovery Box:, Ll\u00e1manos al 912 90 14 19, Mi Discovery Box:5 muestras a tu elecci\u00f3n, Mi Discovery Box:, Shade Finder: Encuentrael tono de maquillaje adecuado, Shade Finder: Encuentra, Fant\u00e1sticos regaloscon tu compra, Fant\u00e1sticos regalos, Mi Discovery Box:5 muestras a tu elecci\u00f3n, Mi Discovery Box:<\/li>\n<\/ul>","protected":false},"excerpt":{"rendered":"<p>Resonancia retro El lote de regalo Lattafa Pride Vintage Radio representa la armon\u00eda entre el frescor y las notas profundas de la madera. Es el regalo ideal para incondicionales de las fragancias refinadas y de las presentaciones de dise\u00f1o. A primera vista, atrae no solo por su presentaci\u00f3n elegante, sino tambi\u00e9n por su composici\u00f3n arom\u00e1tica [&hellip;]<\/p>\n","protected":false},"featured_media":1559,"comment_status":"open","ping_status":"closed","template":"","meta":[],"product_brand":[310],"product_cat":[225],"product_tag":[316,317,318,335,336,319,320],"class_list":{"0":"post-2008","1":"product","2":"type-product","3":"status-publish","4":"has-post-thumbnail","6":"product_brand-lattafa","7":"product_cat-perfumes-y-fragancias","8":"product_tag-fantasticos-regalos","9":"product_tag-fantasticos-regaloscon-tu-compra","10":"product_tag-llamanos-al-912-90-14-19","11":"product_tag-mi-discovery-box","12":"product_tag-mi-discovery-box5-muestras-a-tu-eleccion","13":"product_tag-shade-finder-encuentra","14":"product_tag-shade-finder-encuentrael-tono-de-maquillaje-adecuado","16":"first","17":"instock","18":"taxable","19":"shipping-taxable","20":"product-type-simple"},"_links":{"self":[{"href":"https:\/\/novaluxeurope.com\/en\/wp-json\/wp\/v2\/product\/2008","targetHints":{"allow":["GET"]}}],"collection":[{"href":"https:\/\/novaluxeurope.com\/en\/wp-json\/wp\/v2\/product"}],"about":[{"href":"https:\/\/novaluxeurope.com\/en\/wp-json\/wp\/v2\/types\/product"}],"replies":[{"embeddable":true,"href":"https:\/\/novaluxeurope.com\/en\/wp-json\/wp\/v2\/comments?post=2008"}],"wp:featuredmedia":[{"embeddable":true,"href":"https:\/\/novaluxeurope.com\/en\/wp-json\/wp\/v2\/media\/1559"}],"wp:attachment":[{"href":"https:\/\/novaluxeurope.com\/en\/wp-json\/wp\/v2\/media?parent=2008"}],"wp:term":[{"taxonomy":"product_brand","embeddable":true,"href":"https:\/\/novaluxeurope.com\/en\/wp-json\/wp\/v2\/product_brand?post=2008"},{"taxonomy":"product_cat","embeddable":true,"href":"https:\/\/novaluxeurope.com\/en\/wp-json\/wp\/v2\/product_cat?post=2008"},{"taxonomy":"product_tag","embeddable":true,"href":"https:\/\/novaluxeurope.com\/en\/wp-json\/wp\/v2\/product_tag?post=2008"}],"curies":[{"name":"wp","href":"https:\/\/api.w.org\/{rel}","templated":true}]}}