{"id":2002,"date":"2026-04-10T15:18:31","date_gmt":"2026-04-10T15:18:31","guid":{"rendered":"https:\/\/novaluxeurope.com\/producto\/lattafa-pride-tharwa-silver\/"},"modified":"2026-05-04T12:01:25","modified_gmt":"2026-05-04T12:01:25","slug":"lattafa-pride-tharwa-silver","status":"publish","type":"product","link":"https:\/\/novaluxeurope.com\/en\/product\/lattafa-pride-tharwa-silver\/","title":{"rendered":"Lattafa Pride Tharwa Silver"},"content":{"rendered":"<p>Descubre una fragancia absolutamente excepcional que, al mismo tiempo, resalta a la perfecci\u00f3n la personalidad de quien la lleva. El eau de parfum unisex Lattafa Pride Tharwa Silver es la fragancia ideal para destacar tu originalidad.<\/p>\n<ul>\n<li>fragancia arom\u00e1tica con notas herbales<\/li>\n<li>fragancia amaderada<\/li>\n<li>fragancia oriental<\/li>\n<\/ul>\n<h4>Pir\u00e1mide olfativa<\/h4>\n<ul>\n<li><strong>Notas de entrada:<\/strong> menta, bergamota<\/li>\n<li><strong>Notas de coraz\u00f3n:<\/strong> clary sage, lavanda<\/li>\n<li><strong>Notas de salida:<\/strong> madera de cedro, almizcle, vetiver<\/li>\n<\/ul>","protected":false},"excerpt":{"rendered":"<p>Descubre una fragancia absolutamente excepcional que, al mismo tiempo, resalta a la perfecci\u00f3n la personalidad de quien la lleva. El eau de parfum unisex Lattafa Pride Tharwa Silver es la fragancia ideal para destacar tu originalidad. fragancia arom\u00e1tica con notas herbales fragancia amaderada fragancia oriental Pir\u00e1mide olfativa Notas de entrada: menta, bergamota Notas de coraz\u00f3n: [&hellip;]<\/p>\n","protected":false},"featured_media":2001,"comment_status":"open","ping_status":"closed","template":"","meta":[],"product_brand":[310],"product_cat":[225],"product_tag":[59,102,345,73,46,194,50],"class_list":{"0":"post-2002","1":"product","2":"type-product","3":"status-publish","4":"has-post-thumbnail","6":"product_brand-lattafa","7":"product_cat-perfumes-y-fragancias","8":"product_tag-almizcle","9":"product_tag-bergamota","10":"product_tag-clary-sage","11":"product_tag-lavanda","12":"product_tag-madera-de-cedro","13":"product_tag-menta","14":"product_tag-vetiver","16":"first","17":"instock","18":"taxable","19":"shipping-taxable","20":"product-type-simple"},"_links":{"self":[{"href":"https:\/\/novaluxeurope.com\/en\/wp-json\/wp\/v2\/product\/2002","targetHints":{"allow":["GET"]}}],"collection":[{"href":"https:\/\/novaluxeurope.com\/en\/wp-json\/wp\/v2\/product"}],"about":[{"href":"https:\/\/novaluxeurope.com\/en\/wp-json\/wp\/v2\/types\/product"}],"replies":[{"embeddable":true,"href":"https:\/\/novaluxeurope.com\/en\/wp-json\/wp\/v2\/comments?post=2002"}],"wp:featuredmedia":[{"embeddable":true,"href":"https:\/\/novaluxeurope.com\/en\/wp-json\/wp\/v2\/media\/2001"}],"wp:attachment":[{"href":"https:\/\/novaluxeurope.com\/en\/wp-json\/wp\/v2\/media?parent=2002"}],"wp:term":[{"taxonomy":"product_brand","embeddable":true,"href":"https:\/\/novaluxeurope.com\/en\/wp-json\/wp\/v2\/product_brand?post=2002"},{"taxonomy":"product_cat","embeddable":true,"href":"https:\/\/novaluxeurope.com\/en\/wp-json\/wp\/v2\/product_cat?post=2002"},{"taxonomy":"product_tag","embeddable":true,"href":"https:\/\/novaluxeurope.com\/en\/wp-json\/wp\/v2\/product_tag?post=2002"}],"curies":[{"name":"wp","href":"https:\/\/api.w.org\/{rel}","templated":true}]}}