{"id":1992,"date":"2026-04-10T15:18:26","date_gmt":"2026-04-10T15:18:26","guid":{"rendered":"https:\/\/novaluxeurope.com\/producto\/lattafa-pride-stop-wait-go-edp-u-75-ml\/"},"modified":"2026-05-03T22:42:34","modified_gmt":"2026-05-03T22:42:34","slug":"lattafa-pride-stop-wait-go-edp-u-75-ml","status":"publish","type":"product","link":"https:\/\/novaluxeurope.com\/en\/product\/lattafa-pride-stop-wait-go-edp-u-75-ml\/","title":{"rendered":"Lattafa Pride Stop Wait Go"},"content":{"rendered":"<p>Presentamos la cautivadora fragancia \u00abStop Wait Go\u00bb de Lattafa, que se lanzar\u00e1 en 2024. Esta encantadora fragancia unisex est\u00e1 pensada para todos aquellos que aprecian un delicioso ramillete de aromas. Dise\u00f1ada en los Emiratos \u00c1rabes Unidos, esta fragancia pertenece a la familia olfativa Floral Frutal Gourmand y promete un delicioso viaje olfativo. Las notas de salida de lavanda, pera y melocot\u00f3n crean una apertura refrescante y acogedora que despierta la curiosidad y la admiraci\u00f3n. A medida que la fragancia se despliega, las notas de coraz\u00f3n de coco, pralin\u00e9 y orqu\u00eddea a\u00f1aden un toque de dulzura y calidez ex\u00f3ticas, que la hacen reconfortante e intrigante a la vez. Por \u00faltimo, las notas de fondo de \u00e1mbar, almizcle y s\u00e1ndalo proporcionan un acabado rico y duradero. Estos elementos se combinan para crear una experiencia olfativa memorable y sofisticada. Lattafa, una marca de renombre en fragancias de Oriente Medio, ha dise\u00f1ado con maestr\u00eda esta fragancia unisex para ni\u00f1os y adultos. \u00abStop Wait Go\u00bb es un Eau de Parfum (EDP) en spray, disponible en un c\u00f3modo tama\u00f1o de 75 ml, perfecto para uso diario o para ocasiones especiales. NOTAS DE PERFUME Notas de salida: Lavanda, Pera, Melocot\u00f3n Notas medias: Coco, Pralin\u00e9, Orqu\u00eddea Notas de Fondo: \u00c1mbar, Almizcle, S\u00e1ndalo<\/p>\n<h4>Pir\u00e1mide olfativa<\/h4>\n<ul>\n<li><strong>Notas de entrada:<\/strong> Lavanda, Pera, Melocot\u00f3n<\/li>\n<li><strong>Notas de coraz\u00f3n:<\/strong> Coco, Pralin\u00e9, Orqu\u00eddea<\/li>\n<li><strong>Notas de salida:<\/strong> \u00c1mbar, Almizcle, S\u00e1ndalo<\/li>\n<\/ul>","protected":false},"excerpt":{"rendered":"<p>Presentamos la cautivadora fragancia \u00abStop Wait Go\u00bb de Lattafa, que se lanzar\u00e1 en 2024. Esta encantadora fragancia unisex est\u00e1 pensada para todos aquellos que aprecian un delicioso ramillete de aromas. Dise\u00f1ada en los Emiratos \u00c1rabes Unidos, esta fragancia pertenece a la familia olfativa Floral Frutal Gourmand y promete un delicioso viaje olfativo. Las notas de [&hellip;]<\/p>\n","protected":false},"featured_media":1991,"comment_status":"open","ping_status":"closed","template":"","meta":[],"product_brand":[310],"product_cat":[225],"product_tag":[59,52,144,73,186,248,112,159,174],"class_list":{"0":"post-1992","1":"product","2":"type-product","3":"status-publish","4":"has-post-thumbnail","6":"product_brand-lattafa","7":"product_cat-perfumes-y-fragancias","8":"product_tag-almizcle","9":"product_tag-ambar","10":"product_tag-coco","11":"product_tag-lavanda","12":"product_tag-melocoton","13":"product_tag-orquidea","14":"product_tag-pera","15":"product_tag-praline","16":"product_tag-sandalo","18":"first","19":"instock","20":"taxable","21":"shipping-taxable","22":"product-type-simple"},"_links":{"self":[{"href":"https:\/\/novaluxeurope.com\/en\/wp-json\/wp\/v2\/product\/1992","targetHints":{"allow":["GET"]}}],"collection":[{"href":"https:\/\/novaluxeurope.com\/en\/wp-json\/wp\/v2\/product"}],"about":[{"href":"https:\/\/novaluxeurope.com\/en\/wp-json\/wp\/v2\/types\/product"}],"replies":[{"embeddable":true,"href":"https:\/\/novaluxeurope.com\/en\/wp-json\/wp\/v2\/comments?post=1992"}],"wp:featuredmedia":[{"embeddable":true,"href":"https:\/\/novaluxeurope.com\/en\/wp-json\/wp\/v2\/media\/1991"}],"wp:attachment":[{"href":"https:\/\/novaluxeurope.com\/en\/wp-json\/wp\/v2\/media?parent=1992"}],"wp:term":[{"taxonomy":"product_brand","embeddable":true,"href":"https:\/\/novaluxeurope.com\/en\/wp-json\/wp\/v2\/product_brand?post=1992"},{"taxonomy":"product_cat","embeddable":true,"href":"https:\/\/novaluxeurope.com\/en\/wp-json\/wp\/v2\/product_cat?post=1992"},{"taxonomy":"product_tag","embeddable":true,"href":"https:\/\/novaluxeurope.com\/en\/wp-json\/wp\/v2\/product_tag?post=1992"}],"curies":[{"name":"wp","href":"https:\/\/api.w.org\/{rel}","templated":true}]}}