{"id":1985,"date":"2026-04-10T15:18:23","date_gmt":"2026-04-10T15:18:23","guid":{"rendered":"https:\/\/novaluxeurope.com\/producto\/lattafa-pride-sing-edp-u-75-ml\/"},"modified":"2026-05-07T12:01:24","modified_gmt":"2026-05-07T12:01:24","slug":"lattafa-pride-sing-edp-u-75-ml","status":"publish","type":"product","link":"https:\/\/novaluxeurope.com\/en\/product\/lattafa-pride-sing-edp-u-75-ml\/","title":{"rendered":"Lattafa Pride Sing"},"content":{"rendered":"<p>Sing de Lattafa Pride es un Eau de Parfum unisex alegre y juguet\u00f3n creado especialmente para los ni\u00f1os. Dise\u00f1ada para reflejar el esp\u00edritu despreocupado de la infancia, esta fragancia re\u00fane elementos brillantes, acogedores y reconfortantes en una deliciosa mezcla perfecta para cualquier ocasi\u00f3n. La fragancia se abre con el aroma rico y cremoso del nardo , que ofrece una introducci\u00f3n alegre y floral que capta la atenci\u00f3n desde el principio. En el coraz\u00f3n, el elegante jazm\u00edn y el pachul\u00ed terroso aportan profundidad y calidez, creando una experiencia equilibrada y acogedora que resulta fresca y relajante a la vez. La fragancia se asienta suavemente en una base suave y reconfortante de madera de cedro, vainilla y almizcle, dejando tras de s\u00ed una estela dulce y duradera que envuelve al usuario en una suave calidez. Las notas de salida, coraz\u00f3n y fondo se combinan en armon\u00eda para crear una fragancia estimulante y relajante, ideal para los j\u00f3venes amantes de las fragancias que disfrutan expresando su personalidad \u00fanica. Ya sea para el colegio, las salidas familiares o la diversi\u00f3n diaria, Sing es una fragancia encantadora que aporta felicidad a cada momento. NOTAS DE PERFUME Notas altas: Tuberosa Notas medias: Jazm\u00edn, Pachul\u00ed Notas de Fondo: Cedro, Vainilla, Almizcle<\/p>\n<h4>Pir\u00e1mide olfativa<\/h4>\n<ul>\n<li><strong>Notas de entrada:<\/strong> Tuberosa<\/li>\n<li><strong>Notas de coraz\u00f3n:<\/strong> Jazm\u00edn, Pachul\u00ed<\/li>\n<li><strong>Notas de salida:<\/strong> Madera de cedro, Vainilla, Almizcle<\/li>\n<\/ul>","protected":false},"excerpt":{"rendered":"<p>Sing de Lattafa Pride es un Eau de Parfum unisex alegre y juguet\u00f3n creado especialmente para los ni\u00f1os. Dise\u00f1ada para reflejar el esp\u00edritu despreocupado de la infancia, esta fragancia re\u00fane elementos brillantes, acogedores y reconfortantes en una deliciosa mezcla perfecta para cualquier ocasi\u00f3n. La fragancia se abre con el aroma rico y cremoso del nardo [&hellip;]<\/p>\n","protected":false},"featured_media":1984,"comment_status":"open","ping_status":"closed","template":"","meta":[],"product_brand":[310],"product_cat":[225],"product_tag":[59,56,46,67,203,63],"class_list":{"0":"post-1985","1":"product","2":"type-product","3":"status-publish","4":"has-post-thumbnail","6":"product_brand-lattafa","7":"product_cat-perfumes-y-fragancias","8":"product_tag-almizcle","9":"product_tag-jazmin","10":"product_tag-madera-de-cedro","11":"product_tag-pachuli","12":"product_tag-tuberosa","13":"product_tag-vainilla","15":"first","16":"instock","17":"taxable","18":"shipping-taxable","19":"product-type-simple"},"_links":{"self":[{"href":"https:\/\/novaluxeurope.com\/en\/wp-json\/wp\/v2\/product\/1985","targetHints":{"allow":["GET"]}}],"collection":[{"href":"https:\/\/novaluxeurope.com\/en\/wp-json\/wp\/v2\/product"}],"about":[{"href":"https:\/\/novaluxeurope.com\/en\/wp-json\/wp\/v2\/types\/product"}],"replies":[{"embeddable":true,"href":"https:\/\/novaluxeurope.com\/en\/wp-json\/wp\/v2\/comments?post=1985"}],"wp:featuredmedia":[{"embeddable":true,"href":"https:\/\/novaluxeurope.com\/en\/wp-json\/wp\/v2\/media\/1984"}],"wp:attachment":[{"href":"https:\/\/novaluxeurope.com\/en\/wp-json\/wp\/v2\/media?parent=1985"}],"wp:term":[{"taxonomy":"product_brand","embeddable":true,"href":"https:\/\/novaluxeurope.com\/en\/wp-json\/wp\/v2\/product_brand?post=1985"},{"taxonomy":"product_cat","embeddable":true,"href":"https:\/\/novaluxeurope.com\/en\/wp-json\/wp\/v2\/product_cat?post=1985"},{"taxonomy":"product_tag","embeddable":true,"href":"https:\/\/novaluxeurope.com\/en\/wp-json\/wp\/v2\/product_tag?post=1985"}],"curies":[{"name":"wp","href":"https:\/\/api.w.org\/{rel}","templated":true}]}}