{"id":1979,"date":"2026-04-10T15:18:19","date_gmt":"2026-04-10T15:18:19","guid":{"rendered":"https:\/\/novaluxeurope.com\/producto\/lattafa-pride-royal-sapphire\/"},"modified":"2026-05-08T08:01:29","modified_gmt":"2026-05-08T08:01:29","slug":"lattafa-pride-royal-sapphire","status":"publish","type":"product","link":"https:\/\/novaluxeurope.com\/en\/product\/lattafa-pride-royal-sapphire\/","title":{"rendered":"Lattafa Pride Royal Sapphire"},"content":{"rendered":"<p dir=\"ltr\"><strong>Una fragancia encantadora para hombre y mujer<\/strong><\/p>\n<p dir=\"ltr\">Algunas fragancias enamoran al instante con solo olerlas o mirarlas. Una de ellas es el eau de parfum unisex Lattafa Pride Royal Sapphire, que viene en un frasco rojo con detalles dorados. \u00bfTe cautivar\u00e1 a ti tambi\u00e9n con su armoniosa combinaci\u00f3n arom\u00e1tica de ingredientes cuidadosamente seleccionados?<\/p>\n<ul>\n<li value=\"1\">fragancia con frescos acordes c\u00edtricos como protagonistas<\/li>\n<li value=\"2\">lanzada en el a\u00f1o 2022<\/li>\n<li value=\"3\">adecuada para uso diario<\/li>\n<\/ul>\n<p dir=\"ltr\"><strong>Composici\u00f3n de la fragancia:<\/strong><br \/>El eau de parfum Lattafa Pride Royal Sapphire comienza con la refrescante combinaci\u00f3n de mandarina y lim\u00f3n, acompa\u00f1ados del exclusivo azafr\u00e1n. Las notas de coraz\u00f3n est\u00e1n adornadas con acordes florales de jazm\u00edn y rosa, y las notas de fondo se caracterizan por el tr\u00edo de \u00e1mbar, almizcle y dulce vainilla.<\/p>\n<h4>Pir\u00e1mide olfativa<\/h4>\n<ul>\n<li><strong>Notas de entrada:<\/strong> mandarina, lim\u00f3n, azafr\u00e1n<\/li>\n<li><strong>Notas de coraz\u00f3n:<\/strong> jazm\u00edn, rosa<\/li>\n<li><strong>Notas de salida:<\/strong> almizcle, vainilla, \u00e1mbar gris<\/li>\n<\/ul>","protected":false},"excerpt":{"rendered":"<p>Una fragancia encantadora para hombre y mujer Algunas fragancias enamoran al instante con solo olerlas o mirarlas. Una de ellas es el eau de parfum unisex Lattafa Pride Royal Sapphire, que viene en un frasco rojo con detalles dorados. \u00bfTe cautivar\u00e1 a ti tambi\u00e9n con su armoniosa combinaci\u00f3n arom\u00e1tica de ingredientes cuidadosamente seleccionados? fragancia con [&hellip;]<\/p>\n","protected":false},"featured_media":1978,"comment_status":"open","ping_status":"closed","template":"","meta":[],"product_brand":[310],"product_cat":[225],"product_tag":[59,64,87,56,140,99,49,63],"class_list":{"0":"post-1979","1":"product","2":"type-product","3":"status-publish","4":"has-post-thumbnail","6":"product_brand-lattafa","7":"product_cat-perfumes-y-fragancias","8":"product_tag-almizcle","9":"product_tag-ambar-gris","10":"product_tag-azafran","11":"product_tag-jazmin","12":"product_tag-limon","13":"product_tag-mandarina","14":"product_tag-rosa","15":"product_tag-vainilla","17":"first","18":"instock","19":"taxable","20":"shipping-taxable","21":"product-type-simple"},"_links":{"self":[{"href":"https:\/\/novaluxeurope.com\/en\/wp-json\/wp\/v2\/product\/1979","targetHints":{"allow":["GET"]}}],"collection":[{"href":"https:\/\/novaluxeurope.com\/en\/wp-json\/wp\/v2\/product"}],"about":[{"href":"https:\/\/novaluxeurope.com\/en\/wp-json\/wp\/v2\/types\/product"}],"replies":[{"embeddable":true,"href":"https:\/\/novaluxeurope.com\/en\/wp-json\/wp\/v2\/comments?post=1979"}],"wp:featuredmedia":[{"embeddable":true,"href":"https:\/\/novaluxeurope.com\/en\/wp-json\/wp\/v2\/media\/1978"}],"wp:attachment":[{"href":"https:\/\/novaluxeurope.com\/en\/wp-json\/wp\/v2\/media?parent=1979"}],"wp:term":[{"taxonomy":"product_brand","embeddable":true,"href":"https:\/\/novaluxeurope.com\/en\/wp-json\/wp\/v2\/product_brand?post=1979"},{"taxonomy":"product_cat","embeddable":true,"href":"https:\/\/novaluxeurope.com\/en\/wp-json\/wp\/v2\/product_cat?post=1979"},{"taxonomy":"product_tag","embeddable":true,"href":"https:\/\/novaluxeurope.com\/en\/wp-json\/wp\/v2\/product_tag?post=1979"}],"curies":[{"name":"wp","href":"https:\/\/api.w.org\/{rel}","templated":true}]}}