{"id":1972,"date":"2026-04-10T15:18:16","date_gmt":"2026-04-10T15:18:16","guid":{"rendered":"https:\/\/novaluxeurope.com\/producto\/lattafa-pride-riders-edp-u-75-ml\/"},"modified":"2026-04-24T13:31:44","modified_gmt":"2026-04-24T13:31:44","slug":"lattafa-pride-riders-edp-u-75-ml","status":"publish","type":"product","link":"https:\/\/novaluxeurope.com\/en\/product\/lattafa-pride-riders-edp-u-75-ml\/","title":{"rendered":"Lattafa Pride Riders"},"content":{"rendered":"<p>Presentamos Lattafa Riders , una excitante fragancia unisex que captura la esencia de la aventura y la energ\u00eda juvenil. Lanzada en 2024 como parte de la Colecci\u00f3n Pride de Lattafa , esta vibrante fragancia est\u00e1 dise\u00f1ada para inspirar confianza e individualidad en los chicos . Como refrescante fragancia c\u00edtrica arom\u00e1tica, Riders es perfecta para aquellos que abrazan la vida con entusiasmo y sentido de la exploraci\u00f3n. La fragancia comienza con una estimulante explosi\u00f3n de notas de salida, con g\u00e1lbano, bergamota y lim\u00f3n. Estos elementos c\u00edtricos crean una apertura viva y energizante que marca el tono de la fragancia. El coraz\u00f3n revela una nota dulce y juguetona de jugosa flor de naranjo, que a\u00f1ade un toque divertido a la fragancia. A medida que la fragancia se asienta, concluye con una base c\u00e1lida y reconfortante de almizcle, que deja una impresi\u00f3n suave y duradera. Elaborada por la prestigiosa casa de dise\u00f1o de Oriente Medio Lattafa, Riders encarna el compromiso de la marca con la calidad y la artesan\u00eda. Este spray Eau de Parfum de 75 ml es un complemento perfecto para cualquier colecci\u00f3n de fragancias, ya que ofrece una fusi\u00f3n equilibrada de notas frescas y c\u00edtricas y una acogedora calidez que resuena entre los ni\u00f1os de todas las edades. Tanto si est\u00e1 introduciendo a un joven amante de las fragancias en el mundo de los olores como si est\u00e1 buscando un regalo \u00fanico, Lattafa Riders es la elecci\u00f3n ideal. Su naturaleza unisex la hace vers\u00e1til, perfecta para cualquier ocasi\u00f3n o momento del d\u00eda. NOTAS DE PERFUME Notas de salida: G\u00e1lbano, Bergamota, Lim\u00f3n Notas medias: Azahar Notas de Fondo: Almizcle<\/p>\n<h4>Pir\u00e1mide olfativa<\/h4>\n<ul>\n<li><strong>Notas de entrada:<\/strong> G\u00e1lbano, Bergamota, Lim\u00f3n<\/li>\n<li><strong>Notas de coraz\u00f3n:<\/strong> Azahar<\/li>\n<li><strong>Notas de salida:<\/strong> Almizcle<\/li>\n<\/ul>","protected":false},"excerpt":{"rendered":"<p>Presentamos Lattafa Riders , una excitante fragancia unisex que captura la esencia de la aventura y la energ\u00eda juvenil. Lanzada en 2024 como parte de la Colecci\u00f3n Pride de Lattafa , esta vibrante fragancia est\u00e1 dise\u00f1ada para inspirar confianza e individualidad en los chicos . Como refrescante fragancia c\u00edtrica arom\u00e1tica, Riders es perfecta para aquellos [&hellip;]<\/p>\n","protected":false},"featured_media":1971,"comment_status":"open","ping_status":"closed","template":"","meta":[],"product_brand":[310],"product_cat":[225],"product_tag":[59,353,102,400,140],"class_list":{"0":"post-1972","1":"product","2":"type-product","3":"status-publish","4":"has-post-thumbnail","6":"product_brand-lattafa","7":"product_cat-perfumes-y-fragancias","8":"product_tag-almizcle","9":"product_tag-azahar","10":"product_tag-bergamota","11":"product_tag-galbano","12":"product_tag-limon","14":"first","15":"instock","16":"taxable","17":"shipping-taxable","18":"product-type-simple"},"_links":{"self":[{"href":"https:\/\/novaluxeurope.com\/en\/wp-json\/wp\/v2\/product\/1972","targetHints":{"allow":["GET"]}}],"collection":[{"href":"https:\/\/novaluxeurope.com\/en\/wp-json\/wp\/v2\/product"}],"about":[{"href":"https:\/\/novaluxeurope.com\/en\/wp-json\/wp\/v2\/types\/product"}],"replies":[{"embeddable":true,"href":"https:\/\/novaluxeurope.com\/en\/wp-json\/wp\/v2\/comments?post=1972"}],"wp:featuredmedia":[{"embeddable":true,"href":"https:\/\/novaluxeurope.com\/en\/wp-json\/wp\/v2\/media\/1971"}],"wp:attachment":[{"href":"https:\/\/novaluxeurope.com\/en\/wp-json\/wp\/v2\/media?parent=1972"}],"wp:term":[{"taxonomy":"product_brand","embeddable":true,"href":"https:\/\/novaluxeurope.com\/en\/wp-json\/wp\/v2\/product_brand?post=1972"},{"taxonomy":"product_cat","embeddable":true,"href":"https:\/\/novaluxeurope.com\/en\/wp-json\/wp\/v2\/product_cat?post=1972"},{"taxonomy":"product_tag","embeddable":true,"href":"https:\/\/novaluxeurope.com\/en\/wp-json\/wp\/v2\/product_tag?post=1972"}],"curies":[{"name":"wp","href":"https:\/\/api.w.org\/{rel}","templated":true}]}}