{"id":1966,"date":"2026-04-10T15:18:11","date_gmt":"2026-04-10T15:18:11","guid":{"rendered":"https:\/\/novaluxeurope.com\/producto\/lattafa-pride-pure-crystal\/"},"modified":"2026-05-11T05:15:14","modified_gmt":"2026-05-11T05:15:14","slug":"lattafa-pride-pure-crystal","status":"publish","type":"product","link":"https:\/\/novaluxeurope.com\/en\/product\/lattafa-pride-pure-crystal\/","title":{"rendered":"Lattafa Pride Pure Crystal"},"content":{"rendered":"<p dir=\"ltr\">Una elegancia radiante que seduce con su gran ligereza. El eau de parfum unisex Lattafa Pride Pure Crystal es luminoso y refinado a la vez para encarnar el lujo moderno. Al principio te cautivar\u00e1n unas notas jugosas y especiadas que se transforman seguidamente en un coraz\u00f3n c\u00e1lido con un toque arom\u00e1tico suave. La fragancia atraer\u00e1 sobre todo a aquellas personas que deseen destacar con una elegancia casual.<\/p>\n<ul>\n<li value=\"1\">fragancia unisex c\u00edtrica y especiada con un cierre c\u00e1lido y amaderado<\/li>\n<li value=\"2\">combina una chispa de frescor con una profundidad arom\u00e1tica y un dulzor suave<\/li>\n<li value=\"3\">adecuada para el d\u00eda a d\u00eda y las ocasiones especiales<\/li>\n<\/ul>\n<p dir=\"ltr\"><strong>Composici\u00f3n de la fragancia:<\/strong><br \/>Las notas de salida revelan una fresca explosi\u00f3n de bergamota, jugoso pomelo y notas de frutos rojos, realzadas por un toque de naranja amarga y canela. Despu\u00e9s entra en escena una combinaci\u00f3n c\u00e1lida y especiada de salvia, jengibre y un acorde de brandy, aportando profundidad y car\u00e1cter a la composici\u00f3n. En las notas de fondo, la fragancia se asienta sobre la combinaci\u00f3n aterciopelada y sensual de \u00e1mbar, almizcle, pachuli, madera de s\u00e1ndalo, vetiver y vainilla.<\/p>\n<p dir=\"ltr\"><strong>Historia de la fragancia:<\/strong><br \/>Lattafa Pride Pure Crystal forma parte de una colecci\u00f3n que conecta con la rica tradici\u00f3n perfumista de la marca Lattafa. La marca se fund\u00f3 en los a\u00f1os 80 en los Emiratos \u00c1rabes Unidos con el objetivo de crear fragancias que combinaran la herencia de la cultura \u00e1rabe con lo moderno. Pure Crystal sigue la l\u00ednea de esta filosof\u00eda, aunando elementos de la tradici\u00f3n con un estilo contempor\u00e1neo para crear una fragancia que deja una impresi\u00f3n personal: ligeramente sofisticada pero con car\u00e1cter.<\/p>\n<h4>Pir\u00e1mide olfativa<\/h4>\n<ul>\n<li><strong>Notas de entrada:<\/strong> bergamota, naranja amarga, pomelo, bayas rojas, canela<\/li>\n<li><strong>Notas de coraz\u00f3n:<\/strong> clary sage, jengibre, licor<\/li>\n<li><strong>Notas de salida:<\/strong> \u00e1mbar, cardamomo, almizcle, pachuli, madera de s\u00e1ndalo, vetiver, vainilla<\/li>\n<\/ul>","protected":false},"excerpt":{"rendered":"<p>Una elegancia radiante que seduce con su gran ligereza. El eau de parfum unisex Lattafa Pride Pure Crystal es luminoso y refinado a la vez para encarnar el lujo moderno. Al principio te cautivar\u00e1n unas notas jugosas y especiadas que se transforman seguidamente en un coraz\u00f3n c\u00e1lido con un toque arom\u00e1tico suave. La fragancia atraer\u00e1 [&hellip;]<\/p>\n","protected":false},"featured_media":1965,"comment_status":"open","ping_status":"closed","template":"","meta":[],"product_brand":[310],"product_cat":[225],"product_tag":[59,52,330,102,94,77,345,180,105,47,201,67,245,63,50],"class_list":{"0":"post-1966","1":"product","2":"type-product","3":"status-publish","4":"has-post-thumbnail","6":"product_brand-lattafa","7":"product_cat-perfumes-y-fragancias","8":"product_tag-almizcle","9":"product_tag-ambar","10":"product_tag-bayas-rojas","11":"product_tag-bergamota","12":"product_tag-canela","13":"product_tag-cardamomo","14":"product_tag-clary-sage","15":"product_tag-jengibre","16":"product_tag-licor","17":"product_tag-madera-de-sandalo","18":"product_tag-naranja-amarga","19":"product_tag-pachuli","20":"product_tag-pomelo","21":"product_tag-vainilla","22":"product_tag-vetiver","24":"first","25":"instock","26":"taxable","27":"shipping-taxable","28":"product-type-simple"},"_links":{"self":[{"href":"https:\/\/novaluxeurope.com\/en\/wp-json\/wp\/v2\/product\/1966","targetHints":{"allow":["GET"]}}],"collection":[{"href":"https:\/\/novaluxeurope.com\/en\/wp-json\/wp\/v2\/product"}],"about":[{"href":"https:\/\/novaluxeurope.com\/en\/wp-json\/wp\/v2\/types\/product"}],"replies":[{"embeddable":true,"href":"https:\/\/novaluxeurope.com\/en\/wp-json\/wp\/v2\/comments?post=1966"}],"wp:featuredmedia":[{"embeddable":true,"href":"https:\/\/novaluxeurope.com\/en\/wp-json\/wp\/v2\/media\/1965"}],"wp:attachment":[{"href":"https:\/\/novaluxeurope.com\/en\/wp-json\/wp\/v2\/media?parent=1966"}],"wp:term":[{"taxonomy":"product_brand","embeddable":true,"href":"https:\/\/novaluxeurope.com\/en\/wp-json\/wp\/v2\/product_brand?post=1966"},{"taxonomy":"product_cat","embeddable":true,"href":"https:\/\/novaluxeurope.com\/en\/wp-json\/wp\/v2\/product_cat?post=1966"},{"taxonomy":"product_tag","embeddable":true,"href":"https:\/\/novaluxeurope.com\/en\/wp-json\/wp\/v2\/product_tag?post=1966"}],"curies":[{"name":"wp","href":"https:\/\/api.w.org\/{rel}","templated":true}]}}