{"id":1960,"date":"2026-04-10T15:18:08","date_gmt":"2026-04-10T15:18:08","guid":{"rendered":"https:\/\/novaluxeurope.com\/producto\/lattafa-pride-play-edp-u-75-ml\/"},"modified":"2026-04-24T13:31:44","modified_gmt":"2026-04-24T13:31:44","slug":"lattafa-pride-play-edp-u-75-ml","status":"publish","type":"product","link":"https:\/\/novaluxeurope.com\/en\/product\/lattafa-pride-play-edp-u-75-ml\/","title":{"rendered":"Lattafa Pride Play"},"content":{"rendered":"<p>Ad\u00e9ntrate en un mundo de diversi\u00f3n y descubrimiento con Play de Lattafa, un encantador perfume unisex creado especialmente para ni\u00f1os y lanzado en 2024. Esta alegre fragancia, que forma parte de la c\u00e9lebre colecci\u00f3n Pride, se presenta en un vaporizador EDP de 75 ml y refleja el arte de Lattafa, una respetada casa de perfumes con sede en los EAU. Perteneciente a la familia olfativa Floral Frutal, Play comienza con una vibrante mezcla de jengibre, mandarina y lim\u00f3n. Este tr\u00edo alegre y picante desprende energ\u00eda y entusiasmo. El coraz\u00f3n revela una colorida mezcla de ruibarbo, ciruela, jazm\u00edn y violeta, creando un aroma suave pero en\u00e9rgico que celebra la juventud y la imaginaci\u00f3n. A medida que el perfume se asienta, deja tras de s\u00ed reconfortantes notas de fondo de \u00e1mbar, maderas suaves y almizcle. Esta suave base hace de Play una maravillosa elecci\u00f3n para llevar a diario, envolviendo en calidez y encanto a los j\u00f3venes amantes de las fragancias. Play de Lattafa es m\u00e1s que una fragancia: es una expresi\u00f3n juguetona de personalidad y felicidad. Elaborado con esmero e ingredientes de alta calidad, ofrece una m\u00e1gica aventura sensorial que inspira a los ni\u00f1os a celebrar qui\u00e9nes son. NOTAS DE PERFUME Notas de salida: Jengibre, mandarina, lim\u00f3n Notas medias: Ruibarbo, Ciruela, Jazm\u00edn, Violeta Notas de Fondo: \u00c1mbar, maderas suaves, almizcle<\/p>\n<h4>Pir\u00e1mide olfativa<\/h4>\n<ul>\n<li><strong>Notas de entrada:<\/strong> Jengibre, Mandar\u00edn, Lim\u00f3n<\/li>\n<li><strong>Notas de coraz\u00f3n:<\/strong> Ruibarbo, Ciruela, Jazm\u00edn, Violeta<\/li>\n<li><strong>Notas de salida:<\/strong> \u00c1mbar, Maderas blandas, Almizcle<\/li>\n<\/ul>","protected":false},"excerpt":{"rendered":"<p>Ad\u00e9ntrate en un mundo de diversi\u00f3n y descubrimiento con Play de Lattafa, un encantador perfume unisex creado especialmente para ni\u00f1os y lanzado en 2024. Esta alegre fragancia, que forma parte de la c\u00e9lebre colecci\u00f3n Pride, se presenta en un vaporizador EDP de 75 ml y refleja el arte de Lattafa, una respetada casa de perfumes [&hellip;]<\/p>\n","protected":false},"featured_media":1959,"comment_status":"open","ping_status":"closed","template":"","meta":[],"product_brand":[310],"product_cat":[225],"product_tag":[59,52,198,56,180,140,398,122,191,51],"class_list":{"0":"post-1960","1":"product","2":"type-product","3":"status-publish","4":"has-post-thumbnail","6":"product_brand-lattafa","7":"product_cat-perfumes-y-fragancias","8":"product_tag-almizcle","9":"product_tag-ambar","10":"product_tag-ciruela","11":"product_tag-jazmin","12":"product_tag-jengibre","13":"product_tag-limon","14":"product_tag-maderas-blandas","15":"product_tag-mandarin","16":"product_tag-ruibarbo","17":"product_tag-violeta","19":"first","20":"instock","21":"taxable","22":"shipping-taxable","23":"product-type-simple"},"_links":{"self":[{"href":"https:\/\/novaluxeurope.com\/en\/wp-json\/wp\/v2\/product\/1960","targetHints":{"allow":["GET"]}}],"collection":[{"href":"https:\/\/novaluxeurope.com\/en\/wp-json\/wp\/v2\/product"}],"about":[{"href":"https:\/\/novaluxeurope.com\/en\/wp-json\/wp\/v2\/types\/product"}],"replies":[{"embeddable":true,"href":"https:\/\/novaluxeurope.com\/en\/wp-json\/wp\/v2\/comments?post=1960"}],"wp:featuredmedia":[{"embeddable":true,"href":"https:\/\/novaluxeurope.com\/en\/wp-json\/wp\/v2\/media\/1959"}],"wp:attachment":[{"href":"https:\/\/novaluxeurope.com\/en\/wp-json\/wp\/v2\/media?parent=1960"}],"wp:term":[{"taxonomy":"product_brand","embeddable":true,"href":"https:\/\/novaluxeurope.com\/en\/wp-json\/wp\/v2\/product_brand?post=1960"},{"taxonomy":"product_cat","embeddable":true,"href":"https:\/\/novaluxeurope.com\/en\/wp-json\/wp\/v2\/product_cat?post=1960"},{"taxonomy":"product_tag","embeddable":true,"href":"https:\/\/novaluxeurope.com\/en\/wp-json\/wp\/v2\/product_tag?post=1960"}],"curies":[{"name":"wp","href":"https:\/\/api.w.org\/{rel}","templated":true}]}}