{"id":1946,"date":"2026-04-10T15:18:04","date_gmt":"2026-04-10T15:18:04","guid":{"rendered":"https:\/\/novaluxeurope.com\/producto\/lattafa-pride-peace-and-love-edp-u-100-ml\/"},"modified":"2026-05-04T19:18:23","modified_gmt":"2026-05-04T19:18:23","slug":"lattafa-pride-peace-and-love-edp-u-100-ml","status":"publish","type":"product","link":"https:\/\/novaluxeurope.com\/en\/product\/lattafa-pride-peace-and-love-edp-u-100-ml\/","title":{"rendered":"Lattafa Pride Peace and Love"},"content":{"rendered":"<p>Lattafa Peace &#038; Love es una encantadora fragancia unisex que combina ingeniosamente la frescura afrutada con delicados tonos florales. Creada por la prestigiosa casa de perfumes Lattafa, esta Eau de Parfum en spray de 100 ml ofrece un aroma elegante y memorable. La fragancia se abre con una animada mezcla de bergamota, almendra y grosella negra, que aporta un tono luminoso y estimulante. El coraz\u00f3n revela una elegante mezcla de rosa y nardo, que aporta una riqueza floral cl\u00e1sica que a\u00f1ade profundidad y sofisticaci\u00f3n. En el fondo, las c\u00e1lidas notas de s\u00e1ndalo, heliotropo y vainilla aportan un acabado suave y cremoso que perdura suavemente en la piel. Ideal para cualquier momento del d\u00eda, Peace &#038; Love ofrece un atractivo universal, por lo que es adecuado tanto para hombres como para mujeres. Tanto si se dirige a un evento formal como si desea realzar su estilo diario, esta fragancia a\u00f1ade un toque refinado a su presencia. Alojado en un frasco elegante y moderno, Lattafa Peace &#038; Love es un aroma que encarna el equilibrio y la belleza. Deje que su armoniosa composici\u00f3n se convierta en un reflejo de su personalidad \u00fanica y de su sentido del estilo. NOTAS DE PERFUME Notas de salida: Bergamota, Almendra, Grosella negra Notas medias: Rosa, Tuberosa Notas de Fondo: S\u00e1ndalo, Heliotropo, Vainilla<\/p>\n<h4>Pir\u00e1mide olfativa<\/h4>\n<ul>\n<li><strong>Notas de entrada:<\/strong> Bergamota, Almendra, Grosella negra<\/li>\n<li><strong>Notas de coraz\u00f3n:<\/strong> Rosa, Tuberosa<\/li>\n<li><strong>Notas de salida:<\/strong> S\u00e1ndalo, Heliotropo, Vainilla<\/li>\n<\/ul>","protected":false},"excerpt":{"rendered":"<p>Lattafa Peace &#038; Love es una encantadora fragancia unisex que combina ingeniosamente la frescura afrutada con delicados tonos florales. Creada por la prestigiosa casa de perfumes Lattafa, esta Eau de Parfum en spray de 100 ml ofrece un aroma elegante y memorable. La fragancia se abre con una animada mezcla de bergamota, almendra y grosella [&hellip;]<\/p>\n","protected":false},"featured_media":1945,"comment_status":"open","ping_status":"closed","template":"","meta":[],"product_brand":[310],"product_cat":[225],"product_tag":[397,102,111,217,49,174,203,63],"class_list":{"0":"post-1946","1":"product","2":"type-product","3":"status-publish","4":"has-post-thumbnail","6":"product_brand-lattafa","7":"product_cat-perfumes-y-fragancias","8":"product_tag-almendra","9":"product_tag-bergamota","10":"product_tag-grosella-negra","11":"product_tag-heliotropo","12":"product_tag-rosa","13":"product_tag-sandalo","14":"product_tag-tuberosa","15":"product_tag-vainilla","17":"first","18":"instock","19":"taxable","20":"shipping-taxable","21":"product-type-simple"},"_links":{"self":[{"href":"https:\/\/novaluxeurope.com\/en\/wp-json\/wp\/v2\/product\/1946","targetHints":{"allow":["GET"]}}],"collection":[{"href":"https:\/\/novaluxeurope.com\/en\/wp-json\/wp\/v2\/product"}],"about":[{"href":"https:\/\/novaluxeurope.com\/en\/wp-json\/wp\/v2\/types\/product"}],"replies":[{"embeddable":true,"href":"https:\/\/novaluxeurope.com\/en\/wp-json\/wp\/v2\/comments?post=1946"}],"wp:featuredmedia":[{"embeddable":true,"href":"https:\/\/novaluxeurope.com\/en\/wp-json\/wp\/v2\/media\/1945"}],"wp:attachment":[{"href":"https:\/\/novaluxeurope.com\/en\/wp-json\/wp\/v2\/media?parent=1946"}],"wp:term":[{"taxonomy":"product_brand","embeddable":true,"href":"https:\/\/novaluxeurope.com\/en\/wp-json\/wp\/v2\/product_brand?post=1946"},{"taxonomy":"product_cat","embeddable":true,"href":"https:\/\/novaluxeurope.com\/en\/wp-json\/wp\/v2\/product_cat?post=1946"},{"taxonomy":"product_tag","embeddable":true,"href":"https:\/\/novaluxeurope.com\/en\/wp-json\/wp\/v2\/product_tag?post=1946"}],"curies":[{"name":"wp","href":"https:\/\/api.w.org\/{rel}","templated":true}]}}