{"id":1939,"date":"2026-04-10T15:18:03","date_gmt":"2026-04-10T15:18:03","guid":{"rendered":"https:\/\/novaluxeurope.com\/producto\/lattafa-pride-natural-oud-edp-u-100-ml\/"},"modified":"2026-04-24T13:31:43","modified_gmt":"2026-04-24T13:31:43","slug":"lattafa-pride-natural-oud-edp-u-100-ml","status":"publish","type":"product","link":"https:\/\/novaluxeurope.com\/en\/product\/lattafa-pride-natural-oud-edp-u-100-ml\/","title":{"rendered":"Lattafa Pride Natural Oud"},"content":{"rendered":"<p>Lattafa Natural Oud es una llamativa fragancia unisex que debutar\u00e1 en 2024, desarrollada por expertos de la aclamada casa de perfumes Lattafa, con sede en los Emiratos \u00c1rabes Unidos. C\u00e9lebre por su maestr\u00eda en la artesan\u00eda olfativa de Oriente Medio, Lattafa ofrece una lujosa experiencia olfativa que combina elegancia y profundidad. Perteneciente a la familia amaderada del \u00e1mbar, Natural Oud se abre con una atractiva mezcla de azafr\u00e1n, nuez moscada y frutos rojos, creando un comienzo c\u00e1lido y especiado que atrae inmediatamente la atenci\u00f3n. El coraz\u00f3n desvela una elegante fusi\u00f3n de jazm\u00edn y rosa, que confiere un refinado car\u00e1cter floral a la composici\u00f3n. Al secarse, la fragancia revela una robusta base de madera de cedro, oud, benju\u00ed y \u00e1mbar. Estas notas se combinan para dejar una estela potente y duradera que irradia sofisticaci\u00f3n. Dise\u00f1ado para atraer a todos los g\u00e9neros, Natural Oud es la fragancia perfecta para cualquiera que valore la opulencia atemporal. Presentada en un pulverizador Eau de Parfum de 100 ml, esta fragancia es ideal tanto para uso personal como para regalar. Con su elegante frasco y su c\u00f3digo de barras 6290360592800, Lattafa Natural Oud destaca como un complemento de primera calidad para cualquier colecci\u00f3n de fragancias. NOTAS DE PERFUME Notas de salida: Azafr\u00e1n, nuez moscada, frutos rojos Notas medias: Jazm\u00edn, Rosa Notas de Fondo: Cedro, Oud, Benju\u00ed, \u00c1mbar<\/p>\n<h4>Pir\u00e1mide olfativa<\/h4>\n<ul>\n<li><strong>Notas de entrada:<\/strong> Azafr\u00e1n, Nuez moscada, Frutos rojos<\/li>\n<li><strong>Notas de coraz\u00f3n:<\/strong> Jazm\u00edn, Rosa<\/li>\n<li><strong>Notas de salida:<\/strong> Madera de cedro, Oud, Benju\u00ed, \u00c1mbar<\/li>\n<\/ul>","protected":false},"excerpt":{"rendered":"<p>Lattafa Natural Oud es una llamativa fragancia unisex que debutar\u00e1 en 2024, desarrollada por expertos de la aclamada casa de perfumes Lattafa, con sede en los Emiratos \u00c1rabes Unidos. C\u00e9lebre por su maestr\u00eda en la artesan\u00eda olfativa de Oriente Medio, Lattafa ofrece una lujosa experiencia olfativa que combina elegancia y profundidad. Perteneciente a la familia [&hellip;]<\/p>\n","protected":false},"featured_media":1938,"comment_status":"open","ping_status":"closed","template":"","meta":[],"product_brand":[310],"product_cat":[225],"product_tag":[52,87,126,215,56,46,95,48,49],"class_list":{"0":"post-1939","1":"product","2":"type-product","3":"status-publish","4":"has-post-thumbnail","6":"product_brand-lattafa","7":"product_cat-perfumes-y-fragancias","8":"product_tag-ambar","9":"product_tag-azafran","10":"product_tag-benjui","11":"product_tag-frutos-rojos","12":"product_tag-jazmin","13":"product_tag-madera-de-cedro","14":"product_tag-nuez-moscada","15":"product_tag-oud","16":"product_tag-rosa","18":"first","19":"instock","20":"taxable","21":"shipping-taxable","22":"product-type-simple"},"_links":{"self":[{"href":"https:\/\/novaluxeurope.com\/en\/wp-json\/wp\/v2\/product\/1939","targetHints":{"allow":["GET"]}}],"collection":[{"href":"https:\/\/novaluxeurope.com\/en\/wp-json\/wp\/v2\/product"}],"about":[{"href":"https:\/\/novaluxeurope.com\/en\/wp-json\/wp\/v2\/types\/product"}],"replies":[{"embeddable":true,"href":"https:\/\/novaluxeurope.com\/en\/wp-json\/wp\/v2\/comments?post=1939"}],"wp:featuredmedia":[{"embeddable":true,"href":"https:\/\/novaluxeurope.com\/en\/wp-json\/wp\/v2\/media\/1938"}],"wp:attachment":[{"href":"https:\/\/novaluxeurope.com\/en\/wp-json\/wp\/v2\/media?parent=1939"}],"wp:term":[{"taxonomy":"product_brand","embeddable":true,"href":"https:\/\/novaluxeurope.com\/en\/wp-json\/wp\/v2\/product_brand?post=1939"},{"taxonomy":"product_cat","embeddable":true,"href":"https:\/\/novaluxeurope.com\/en\/wp-json\/wp\/v2\/product_cat?post=1939"},{"taxonomy":"product_tag","embeddable":true,"href":"https:\/\/novaluxeurope.com\/en\/wp-json\/wp\/v2\/product_tag?post=1939"}],"curies":[{"name":"wp","href":"https:\/\/api.w.org\/{rel}","templated":true}]}}