{"id":1932,"date":"2026-04-10T15:18:00","date_gmt":"2026-04-10T15:18:00","guid":{"rendered":"https:\/\/novaluxeurope.com\/producto\/lattafa-pride-masa-edp-u-100-ml\/"},"modified":"2026-05-08T12:01:34","modified_gmt":"2026-05-08T12:01:34","slug":"lattafa-pride-masa-edp-u-100-ml","status":"publish","type":"product","link":"https:\/\/novaluxeurope.com\/en\/product\/lattafa-pride-masa-edp-u-100-ml\/","title":{"rendered":"Lattafa Pride Masa"},"content":{"rendered":"<p>Masa de Lattafa es una sofisticada fragancia unisex introducida en 2023, que ofrece una distintiva mezcla de elementos florales y afrutados. Presentada en un generoso vaporizador Eau de Parfum de 100 ml, esta fragancia es ideal tanto para el uso diario como para momentos especiales. La fragancia se abre con una animada combinaci\u00f3n de azafr\u00e1n, lim\u00f3n, pimienta rosa y mango, que proporciona un comienzo brillante y en\u00e9rgico. En su coraz\u00f3n, Masa revela un elegante bouquet de osmanthus , hoja de violeta , flor de azahar y un toque de jengibre , que aporta una calidez floral con un toque especiado. El fondo se basa en la flor eterna, el acorde mineral de \u00e1mbar, el pachul\u00ed y el ante suave, creando una estela suave y terrosa que perdura durante todo el d\u00eda. Creada por la prestigiosa casa de fragancias Lattafa, Masa refleja el arte de la perfumer\u00eda de Oriente Medio con un atractivo moderno y neutro en cuanto al g\u00e9nero. Su refinada composici\u00f3n y su elegante envase la convierten en un complemento destacado para cualquier colecci\u00f3n de fragancias. NOTAS DE PERFUME Notas de salida: Azafr\u00e1n, lim\u00f3n, pimienta rosa, mango Notas medias: Osmanthus, Hoja de Violeta, Flor de Azahar, Jengibre Notas de Fondo: Flor perenne, acorde mineral de \u00e1mbar, pachul\u00ed, ante suave<\/p>\n<h4>Pir\u00e1mide olfativa<\/h4>\n<ul>\n<li><strong>Notas de entrada:<\/strong> Azafr\u00e1n, Lim\u00f3n, Pimienta rosa, Mango<\/li>\n<li><strong>Notas de coraz\u00f3n:<\/strong> Osmanthus, Hoja violeta, Azahar, Jengibre<\/li>\n<li><strong>Notas de salida:<\/strong> Flor eterna, \u00c1mbar Mineral Accord, Pachul\u00ed, Ante suave<\/li>\n<\/ul>","protected":false},"excerpt":{"rendered":"<p>Masa de Lattafa es una sofisticada fragancia unisex introducida en 2023, que ofrece una distintiva mezcla de elementos florales y afrutados. Presentada en un generoso vaporizador Eau de Parfum de 100 ml, esta fragancia es ideal tanto para el uso diario como para momentos especiales. La fragancia se abre con una animada combinaci\u00f3n de azafr\u00e1n, [&hellip;]<\/p>\n","protected":false},"featured_media":1931,"comment_status":"open","ping_status":"closed","template":"","meta":[],"product_brand":[310],"product_cat":[225],"product_tag":[396,394,87,353,395,376,180,140,190,392,67,141],"class_list":{"0":"post-1932","1":"product","2":"type-product","3":"status-publish","4":"has-post-thumbnail","6":"product_brand-lattafa","7":"product_cat-perfumes-y-fragancias","8":"product_tag-ambar-mineral-accord","9":"product_tag-ante-suave","10":"product_tag-azafran","11":"product_tag-azahar","12":"product_tag-flor-eterna","13":"product_tag-hoja-violeta","14":"product_tag-jengibre","15":"product_tag-limon","16":"product_tag-mango","17":"product_tag-osmanthus","18":"product_tag-pachuli","19":"product_tag-pimienta-rosa","21":"first","22":"instock","23":"taxable","24":"shipping-taxable","25":"product-type-simple"},"_links":{"self":[{"href":"https:\/\/novaluxeurope.com\/en\/wp-json\/wp\/v2\/product\/1932","targetHints":{"allow":["GET"]}}],"collection":[{"href":"https:\/\/novaluxeurope.com\/en\/wp-json\/wp\/v2\/product"}],"about":[{"href":"https:\/\/novaluxeurope.com\/en\/wp-json\/wp\/v2\/types\/product"}],"replies":[{"embeddable":true,"href":"https:\/\/novaluxeurope.com\/en\/wp-json\/wp\/v2\/comments?post=1932"}],"wp:featuredmedia":[{"embeddable":true,"href":"https:\/\/novaluxeurope.com\/en\/wp-json\/wp\/v2\/media\/1931"}],"wp:attachment":[{"href":"https:\/\/novaluxeurope.com\/en\/wp-json\/wp\/v2\/media?parent=1932"}],"wp:term":[{"taxonomy":"product_brand","embeddable":true,"href":"https:\/\/novaluxeurope.com\/en\/wp-json\/wp\/v2\/product_brand?post=1932"},{"taxonomy":"product_cat","embeddable":true,"href":"https:\/\/novaluxeurope.com\/en\/wp-json\/wp\/v2\/product_cat?post=1932"},{"taxonomy":"product_tag","embeddable":true,"href":"https:\/\/novaluxeurope.com\/en\/wp-json\/wp\/v2\/product_tag?post=1932"}],"curies":[{"name":"wp","href":"https:\/\/api.w.org\/{rel}","templated":true}]}}