{"id":1925,"date":"2026-04-10T15:17:58","date_gmt":"2026-04-10T15:17:58","guid":{"rendered":"https:\/\/novaluxeurope.com\/producto\/lattafa-pride-maharjan-gold-edp-u-100-ml\/"},"modified":"2026-04-29T20:00:55","modified_gmt":"2026-04-29T20:00:55","slug":"lattafa-pride-maharjan-gold-edp-u-100-ml","status":"publish","type":"product","link":"https:\/\/novaluxeurope.com\/en\/product\/lattafa-pride-maharjan-gold-edp-u-100-ml\/","title":{"rendered":"Lattafa Pride Maharjan Gold"},"content":{"rendered":"<p>Maharajan Gold de Lattafa es un llamativo perfume unisex introducido en 2022, creado para dejar una impresi\u00f3n duradera con su car\u00e1cter rico y sofisticado. Perteneciente a la familia olfativa Ambarina, esta lujosa fragancia es ideal para los amantes de la elegancia y la distinci\u00f3n. Se presenta en un generoso vaporizador Eau de Parfum de 100 ml. La fragancia comienza con unas refrescantes notas de salida de lavanda y pimienta, que ofrecen una primera impresi\u00f3n fresca y arom\u00e1tica. A medida que se desarrolla, el coraz\u00f3n revela una cautivadora mezcla de incienso, nardo y jazm\u00edn, que a\u00f1ade complejidad y calidez floral. Por \u00faltimo, las notas de fondo de caramelo, madera de cedro, \u00e1mbar y casmeran aportan un acabado suave, dulce y amaderado que perdura maravillosamente en la piel. Creado por la prestigiosa casa de perfumes Lattafa, Maharajan Gold muestra la maestr\u00eda de la marca a la hora de combinar elementos tradicionales de Oriente Medio con un toque moderno. Este EDP unisex es una opci\u00f3n vers\u00e1til adecuada tanto para el uso diario como para ocasiones especiales, lo que lo convierte en una incorporaci\u00f3n destacada a la colecci\u00f3n de cualquier amante de las fragancias. NOTAS DE PERFUME Notas altas: Lavanda, pimienta Notas medias: Incienso, Tuberosa, Jazm\u00edn Notas de Fondo: Caramelo, Cedro, \u00c1mbar, Esmeralda<\/p>\n<h4>Pir\u00e1mide olfativa<\/h4>\n<ul>\n<li><strong>Notas de entrada:<\/strong> Lavanda, Pimienta<\/li>\n<li><strong>Notas de coraz\u00f3n:<\/strong> Incienso, Tuberosa, Jazm\u00edn<\/li>\n<li><strong>Notas de salida:<\/strong> Caramelo, Madera de cedro, \u00c1mbar, Casmeran<\/li>\n<\/ul>","protected":false},"excerpt":{"rendered":"<p>Maharajan Gold de Lattafa es un llamativo perfume unisex introducido en 2022, creado para dejar una impresi\u00f3n duradera con su car\u00e1cter rico y sofisticado. Perteneciente a la familia olfativa Ambarina, esta lujosa fragancia es ideal para los amantes de la elegancia y la distinci\u00f3n. Se presenta en un generoso vaporizador Eau de Parfum de 100 [&hellip;]<\/p>\n","protected":false},"featured_media":1924,"comment_status":"open","ping_status":"closed","template":"","meta":[],"product_brand":[310],"product_cat":[225],"product_tag":[52,60,393,127,56,73,46,205,203],"class_list":{"0":"post-1925","1":"product","2":"type-product","3":"status-publish","4":"has-post-thumbnail","6":"product_brand-lattafa","7":"product_cat-perfumes-y-fragancias","8":"product_tag-ambar","9":"product_tag-caramelo","10":"product_tag-casmeran","11":"product_tag-incienso","12":"product_tag-jazmin","13":"product_tag-lavanda","14":"product_tag-madera-de-cedro","15":"product_tag-pimienta","16":"product_tag-tuberosa","18":"first","19":"instock","20":"taxable","21":"shipping-taxable","22":"product-type-simple"},"_links":{"self":[{"href":"https:\/\/novaluxeurope.com\/en\/wp-json\/wp\/v2\/product\/1925","targetHints":{"allow":["GET"]}}],"collection":[{"href":"https:\/\/novaluxeurope.com\/en\/wp-json\/wp\/v2\/product"}],"about":[{"href":"https:\/\/novaluxeurope.com\/en\/wp-json\/wp\/v2\/types\/product"}],"replies":[{"embeddable":true,"href":"https:\/\/novaluxeurope.com\/en\/wp-json\/wp\/v2\/comments?post=1925"}],"wp:featuredmedia":[{"embeddable":true,"href":"https:\/\/novaluxeurope.com\/en\/wp-json\/wp\/v2\/media\/1924"}],"wp:attachment":[{"href":"https:\/\/novaluxeurope.com\/en\/wp-json\/wp\/v2\/media?parent=1925"}],"wp:term":[{"taxonomy":"product_brand","embeddable":true,"href":"https:\/\/novaluxeurope.com\/en\/wp-json\/wp\/v2\/product_brand?post=1925"},{"taxonomy":"product_cat","embeddable":true,"href":"https:\/\/novaluxeurope.com\/en\/wp-json\/wp\/v2\/product_cat?post=1925"},{"taxonomy":"product_tag","embeddable":true,"href":"https:\/\/novaluxeurope.com\/en\/wp-json\/wp\/v2\/product_tag?post=1925"}],"curies":[{"name":"wp","href":"https:\/\/api.w.org\/{rel}","templated":true}]}}