{"id":1922,"date":"2026-04-10T15:17:57","date_gmt":"2026-04-10T15:17:57","guid":{"rendered":"https:\/\/novaluxeurope.com\/producto\/lattafa-pride-leen\/"},"modified":"2026-05-08T12:01:34","modified_gmt":"2026-05-08T12:01:34","slug":"lattafa-pride-leen","status":"publish","type":"product","link":"https:\/\/novaluxeurope.com\/en\/product\/lattafa-pride-leen\/","title":{"rendered":"Lattafa Pride Leen"},"content":{"rendered":"<p>Olv\u00eddate de las reglas, los l\u00edmites y los obst\u00e1culos. El eau de parfum unisex Lattafa Pride Leen es perfecto para cualquier persona que no tenga miedo a destacar.<\/p>\n<ul>\n<li>fragancia especiada<\/li>\n<li>fragancia frutal<\/li>\n<li>fragancia oriental<\/li>\n<li>fragancia original para una personalidad original<\/li>\n<\/ul>\n<h4>Pir\u00e1mide olfativa<\/h4>\n<ul>\n<li><strong>Notas de entrada:<\/strong> c\u00farcuma zedoaria, bergamota, pimienta rosada, jengibre<\/li>\n<li><strong>Notas de coraz\u00f3n:<\/strong> mango, jazm\u00edn, tuberosa, pimienta negra, osmanthus<\/li>\n<li><strong>Notas de salida:<\/strong> madera de s\u00e1ndalo, almizcle, incenso<\/li>\n<\/ul>","protected":false},"excerpt":{"rendered":"<p>Olv\u00eddate de las reglas, los l\u00edmites y los obst\u00e1culos. El eau de parfum unisex Lattafa Pride Leen es perfecto para cualquier persona que no tenga miedo a destacar. fragancia especiada fragancia frutal fragancia oriental fragancia original para una personalidad original Pir\u00e1mide olfativa Notas de entrada: c\u00farcuma zedoaria, bergamota, pimienta rosada, jengibre Notas de coraz\u00f3n: mango, [&hellip;]<\/p>\n","protected":false},"featured_media":1921,"comment_status":"open","ping_status":"closed","template":"","meta":[],"product_brand":[310],"product_cat":[225],"product_tag":[59,102,338,185,56,180,47,190,392,323,181,203],"class_list":{"0":"post-1922","1":"product","2":"type-product","3":"status-publish","4":"has-post-thumbnail","6":"product_brand-lattafa","7":"product_cat-perfumes-y-fragancias","8":"product_tag-almizcle","9":"product_tag-bergamota","10":"product_tag-curcuma-zedoaria","11":"product_tag-incenso","12":"product_tag-jazmin","13":"product_tag-jengibre","14":"product_tag-madera-de-sandalo","15":"product_tag-mango","16":"product_tag-osmanthus","17":"product_tag-pimienta-negra","18":"product_tag-pimienta-rosada","19":"product_tag-tuberosa","21":"first","22":"instock","23":"taxable","24":"shipping-taxable","25":"product-type-simple"},"_links":{"self":[{"href":"https:\/\/novaluxeurope.com\/en\/wp-json\/wp\/v2\/product\/1922","targetHints":{"allow":["GET"]}}],"collection":[{"href":"https:\/\/novaluxeurope.com\/en\/wp-json\/wp\/v2\/product"}],"about":[{"href":"https:\/\/novaluxeurope.com\/en\/wp-json\/wp\/v2\/types\/product"}],"replies":[{"embeddable":true,"href":"https:\/\/novaluxeurope.com\/en\/wp-json\/wp\/v2\/comments?post=1922"}],"wp:featuredmedia":[{"embeddable":true,"href":"https:\/\/novaluxeurope.com\/en\/wp-json\/wp\/v2\/media\/1921"}],"wp:attachment":[{"href":"https:\/\/novaluxeurope.com\/en\/wp-json\/wp\/v2\/media?parent=1922"}],"wp:term":[{"taxonomy":"product_brand","embeddable":true,"href":"https:\/\/novaluxeurope.com\/en\/wp-json\/wp\/v2\/product_brand?post=1922"},{"taxonomy":"product_cat","embeddable":true,"href":"https:\/\/novaluxeurope.com\/en\/wp-json\/wp\/v2\/product_cat?post=1922"},{"taxonomy":"product_tag","embeddable":true,"href":"https:\/\/novaluxeurope.com\/en\/wp-json\/wp\/v2\/product_tag?post=1922"}],"curies":[{"name":"wp","href":"https:\/\/api.w.org\/{rel}","templated":true}]}}