{"id":1914,"date":"2026-04-10T15:12:34","date_gmt":"2026-04-10T15:12:34","guid":{"rendered":"https:\/\/novaluxeurope.com\/producto\/lattafa-pride-lahdath-edp-u-80-ml\/"},"modified":"2026-04-24T13:31:43","modified_gmt":"2026-04-24T13:31:43","slug":"lattafa-pride-lahdath-edp-u-80-ml","status":"publish","type":"product","link":"https:\/\/novaluxeurope.com\/en\/product\/lattafa-pride-lahdath-edp-u-80-ml\/","title":{"rendered":"Lattafa Pride Lahdath"},"content":{"rendered":"<p>Descubra el cautivador encanto de Lattafa&#8217;s Pride Lahdath , una fragancia unisex dise\u00f1ada para las personas elegantes y sofisticadas. Lanzada en 2020, esta fragancia se ha convertido r\u00e1pidamente en una de las favoritas en todo el mundo, ofreciendo un aroma fresco y encantador. Este spray Eau de Parfum de 80 ml se abre con una vibrante mezcla de rosa y lim\u00f3n , creando un comienzo edificante y refrescante. Las notas de coraz\u00f3n traen una dulce combinaci\u00f3n de rosa y caramelo , tejiendo juntos una historia de delicadeza y encanto irresistible. La fragancia evoluciona hacia un final c\u00e1lido y reconfortante con notas de fondo de almizcle, cedro y vainilla, dejando una estela persistente que dura todo el d\u00eda. La armoniosa mezcla de estos elementos garantiza que esta fragancia permanezca con usted, causando un impacto duradero. Creada por la prestigiosa casa de perfumes Lattafa, Pride Lahdath irradia confianza y orgullo con cada uso. M\u00e1s que un perfume, es una declaraci\u00f3n de seguridad en s\u00ed misma para la mujer moderna que abraza su individualidad. Envuelto en un elegante frasco, el vaporizador Pride Lahdath EDP refleja la refinada belleza de su interior. Con un c\u00f3digo de barras de 6290360590110, esta aut\u00e9ntica fragancia de Lattafa es perfecta para quienes buscan un aroma atrevido y cautivador. Luce tu orgullo con Pride Lahdath y deja que tu fragancia hable por s\u00ed sola. NOTAS DE PERFUME Notas altas: Rosa, lim\u00f3n Notas medias: Rosa, Caramelo Notas de Fondo: Almizcle, Cedro, Vainilla<\/p>\n<h4>Pir\u00e1mide olfativa<\/h4>\n<ul>\n<li><strong>Notas de entrada:<\/strong> Rosa, Lim\u00f3n<\/li>\n<li><strong>Notas de coraz\u00f3n:<\/strong> Rosa, Caramelo<\/li>\n<li><strong>Notas de salida:<\/strong> Almizcle, Madera de cedro, Vainilla<\/li>\n<\/ul>","protected":false},"excerpt":{"rendered":"<p>Descubra el cautivador encanto de Lattafa&#8217;s Pride Lahdath , una fragancia unisex dise\u00f1ada para las personas elegantes y sofisticadas. Lanzada en 2020, esta fragancia se ha convertido r\u00e1pidamente en una de las favoritas en todo el mundo, ofreciendo un aroma fresco y encantador. Este spray Eau de Parfum de 80 ml se abre con una [&hellip;]<\/p>\n","protected":false},"featured_media":1913,"comment_status":"open","ping_status":"closed","template":"","meta":[],"product_brand":[310],"product_cat":[225],"product_tag":[59,60,140,46,49,63],"class_list":{"0":"post-1914","1":"product","2":"type-product","3":"status-publish","4":"has-post-thumbnail","6":"product_brand-lattafa","7":"product_cat-perfumes-y-fragancias","8":"product_tag-almizcle","9":"product_tag-caramelo","10":"product_tag-limon","11":"product_tag-madera-de-cedro","12":"product_tag-rosa","13":"product_tag-vainilla","15":"first","16":"instock","17":"taxable","18":"shipping-taxable","19":"product-type-simple"},"_links":{"self":[{"href":"https:\/\/novaluxeurope.com\/en\/wp-json\/wp\/v2\/product\/1914","targetHints":{"allow":["GET"]}}],"collection":[{"href":"https:\/\/novaluxeurope.com\/en\/wp-json\/wp\/v2\/product"}],"about":[{"href":"https:\/\/novaluxeurope.com\/en\/wp-json\/wp\/v2\/types\/product"}],"replies":[{"embeddable":true,"href":"https:\/\/novaluxeurope.com\/en\/wp-json\/wp\/v2\/comments?post=1914"}],"wp:featuredmedia":[{"embeddable":true,"href":"https:\/\/novaluxeurope.com\/en\/wp-json\/wp\/v2\/media\/1913"}],"wp:attachment":[{"href":"https:\/\/novaluxeurope.com\/en\/wp-json\/wp\/v2\/media?parent=1914"}],"wp:term":[{"taxonomy":"product_brand","embeddable":true,"href":"https:\/\/novaluxeurope.com\/en\/wp-json\/wp\/v2\/product_brand?post=1914"},{"taxonomy":"product_cat","embeddable":true,"href":"https:\/\/novaluxeurope.com\/en\/wp-json\/wp\/v2\/product_cat?post=1914"},{"taxonomy":"product_tag","embeddable":true,"href":"https:\/\/novaluxeurope.com\/en\/wp-json\/wp\/v2\/product_tag?post=1914"}],"curies":[{"name":"wp","href":"https:\/\/api.w.org\/{rel}","templated":true}]}}