{"id":1907,"date":"2026-04-10T15:12:33","date_gmt":"2026-04-10T15:12:33","guid":{"rendered":"https:\/\/novaluxeurope.com\/producto\/lattafa-pride-kashan-edp-u-100-ml\/"},"modified":"2026-04-24T13:31:43","modified_gmt":"2026-04-24T13:31:43","slug":"lattafa-pride-kashan-edp-u-100-ml","status":"publish","type":"product","link":"https:\/\/novaluxeurope.com\/en\/product\/lattafa-pride-kashan-edp-u-100-ml\/","title":{"rendered":"Lattafa Pride Kashan"},"content":{"rendered":"<p>Emb\u00e1rquese en un refinado viaje arom\u00e1tico con Kashan de Lattafa , una distinguida fragancia unisex presentada en 2024. Creada por la aclamada casa de perfumes Lattafa en los Emiratos \u00c1rabes Unidos, Kashan forma parte de la exclusiva Pride Collection y muestra la maestr\u00eda de la marca a la hora de combinar la sofisticaci\u00f3n moderna con la elegancia atemporal. Este Eau de Parfum \u00fanico se abre con una en\u00e9rgica explosi\u00f3n de salvia esclarea, pimienta picante y un toque de naranja c\u00edtrica. Estas notas de salida dan paso suavemente a un cautivador coraz\u00f3n de cachemira, ambroxan y frambuesa dulce, que ofrece una capa intermedia texturizada y sensual. La fragancia concluye con una armoniosa mezcla de s\u00e1ndalo, vetiver y almizcle, que proporciona una base c\u00e1lida y reconfortante que perdura con un lujo discreto. Su equilibrada composici\u00f3n de tonos amaderados y arom\u00e1ticos la hace perfectamente adecuada tanto para hombres como para mujeres. Presentado en un vaporizador EDP de 100 ml, Lattafa Kashan ofrece un aroma sofisticado que se adapta perfectamente a cualquier ocasi\u00f3n. Ya sea para el d\u00eda a d\u00eda o para eventos especiales, esta fragancia a\u00f1ade un toque de elegancia y profundidad a su estilo personal. NOTAS DE PERFUME Notas de salida: Salvia sclarea, pimienta, naranja Notas medias: Cashmeran, Ambroxan, Frambuesa Notas de Fondo: S\u00e1ndalo, Vetiver, Almizcle<\/p>\n<h4>Pir\u00e1mide olfativa<\/h4>\n<ul>\n<li><strong>Notas de entrada:<\/strong> Salvia sclarea, Pimienta, Naranja<\/li>\n<li><strong>Notas de coraz\u00f3n:<\/strong> Cashmeran, Ambroxan, Frambuesa<\/li>\n<li><strong>Notas de salida:<\/strong> S\u00e1ndalo, Vetiver, Almizcle<\/li>\n<\/ul>","protected":false},"excerpt":{"rendered":"<p>Emb\u00e1rquese en un refinado viaje arom\u00e1tico con Kashan de Lattafa , una distinguida fragancia unisex presentada en 2024. Creada por la aclamada casa de perfumes Lattafa en los Emiratos \u00c1rabes Unidos, Kashan forma parte de la exclusiva Pride Collection y muestra la maestr\u00eda de la marca a la hora de combinar la sofisticaci\u00f3n moderna con [&hellip;]<\/p>\n","protected":false},"featured_media":1906,"comment_status":"open","ping_status":"closed","template":"","meta":[],"product_brand":[310],"product_cat":[225],"product_tag":[59,76,121,97,98,205,206,174,50],"class_list":{"0":"post-1907","1":"product","2":"type-product","3":"status-publish","4":"has-post-thumbnail","6":"product_brand-lattafa","7":"product_cat-perfumes-y-fragancias","8":"product_tag-almizcle","9":"product_tag-ambroxan","10":"product_tag-cashmeran","11":"product_tag-frambuesa","12":"product_tag-naranja","13":"product_tag-pimienta","14":"product_tag-salvia-sclarea","15":"product_tag-sandalo","16":"product_tag-vetiver","18":"first","19":"instock","20":"taxable","21":"shipping-taxable","22":"product-type-simple"},"_links":{"self":[{"href":"https:\/\/novaluxeurope.com\/en\/wp-json\/wp\/v2\/product\/1907","targetHints":{"allow":["GET"]}}],"collection":[{"href":"https:\/\/novaluxeurope.com\/en\/wp-json\/wp\/v2\/product"}],"about":[{"href":"https:\/\/novaluxeurope.com\/en\/wp-json\/wp\/v2\/types\/product"}],"replies":[{"embeddable":true,"href":"https:\/\/novaluxeurope.com\/en\/wp-json\/wp\/v2\/comments?post=1907"}],"wp:featuredmedia":[{"embeddable":true,"href":"https:\/\/novaluxeurope.com\/en\/wp-json\/wp\/v2\/media\/1906"}],"wp:attachment":[{"href":"https:\/\/novaluxeurope.com\/en\/wp-json\/wp\/v2\/media?parent=1907"}],"wp:term":[{"taxonomy":"product_brand","embeddable":true,"href":"https:\/\/novaluxeurope.com\/en\/wp-json\/wp\/v2\/product_brand?post=1907"},{"taxonomy":"product_cat","embeddable":true,"href":"https:\/\/novaluxeurope.com\/en\/wp-json\/wp\/v2\/product_cat?post=1907"},{"taxonomy":"product_tag","embeddable":true,"href":"https:\/\/novaluxeurope.com\/en\/wp-json\/wp\/v2\/product_tag?post=1907"}],"curies":[{"name":"wp","href":"https:\/\/api.w.org\/{rel}","templated":true}]}}