{"id":1905,"date":"2026-04-10T15:12:33","date_gmt":"2026-04-10T15:12:33","guid":{"rendered":"https:\/\/novaluxeurope.com\/producto\/lattafa-pride-ishq-al-shuyukh-silver\/"},"modified":"2026-04-27T12:00:57","modified_gmt":"2026-04-27T12:00:57","slug":"lattafa-pride-ishq-al-shuyukh-silver","status":"publish","type":"product","link":"https:\/\/novaluxeurope.com\/en\/product\/lattafa-pride-ishq-al-shuyukh-silver\/","title":{"rendered":"Lattafa Pride Ishq Al Shuyukh Silver"},"content":{"rendered":"<div>\n<p dir=\"ltr\">\u00bfTe gustar\u00eda tener tu fragancia favorita a mano en cualquier situaci\u00f3n, tanto en casa como en los viajes? El lote de regalo unisex Lattafa Pride Ishq Al Shuyukh Silver combina un eau de parfum de formato est\u00e1ndar con una pr\u00e1ctica miniatura y un desodorante en spray. De esta forma, te ofrece una fragancia \u00fanica en diferentes formatos. Es adecuado para el d\u00eda a d\u00eda o como regalo elegante.<\/p>\n<p dir=\"ltr\"><strong>Propiedades:<\/strong><\/p>\n<ul>\n<li value=\"1\">lote de regalo con el mismo aroma<\/li>\n<li value=\"2\">eau de parfum en formato est\u00e1ndar para uso diario<\/li>\n<li value=\"3\">miniatura de la fragancia ideal para llevar en el bolso o de viaje<\/li>\n<li value=\"4\">desodorante en spray para refrescarte<\/li>\n<li value=\"5\">fragancia unisex adecuada tanto para hombre como para mujer<\/li>\n<\/ul>\n<p dir=\"ltr\"><strong>Fragancia caracter\u00edstica:<\/strong><\/p>\n<ul>\n<li value=\"1\">notas de cabeza: lim\u00f3n, bergamota<\/li>\n<li value=\"2\">notas de coraz\u00f3n: pimienta negra, pi\u00f1a<\/li>\n<li value=\"3\">notas de fondo: madera de cedro y \u00e1mbar, vainilla, pachuli<\/li>\n<\/ul>\n<p><p><strong>Contenido del lote:<\/strong><\/p>\n<ul>\n<li><a href=\"https:\/\/www.notino.es\/-\/pd\/LTF00400\" rel=\"noreferrer noopener\" target=\"_blank\">Lattafa Pride Ishq Al Shuyukh Silver Eau de Parfum 100 ml<\/a><\/li>\n<li>Lattafa Pride Ishq Al Shuyukh Silver Eau de Parfum 20 ml<\/li>\n<li>desodorante con fragancia 200 ml<\/li>\n<\/ul>\n<\/div>\n<h4>Pir\u00e1mide olfativa<\/h4>\n<ul>\n<li><strong>Notas de entrada:<\/strong> Shade Finder: Encuentrael tono de maquillaje adecuado, Shade Finder: Encuentra, Espejo virtual:Prueba maquillaje online, Espejo virtual:, Fant\u00e1sticos regaloscon tu compra, Fant\u00e1sticos regalos, Shade Finder: Encuentrael tono de maquillaje adecuado, Shade Finder: Encuentra, Ll\u00e1manos al 912 90 14 19, Shade Finder: Encuentrael tono de maquillaje adecuado, Shade Finder: Encuentra, Espejo virtual:Prueba maquillaje online, Espejo virtual:, Fant\u00e1sticos regaloscon tu compra, Fant\u00e1sticos regalos, Shade Finder: Encuentrael tono de maquillaje adecuado, Shade Finder: Encuentra<\/li>\n<li><strong>Notas de coraz\u00f3n:<\/strong> Shade Finder: Encuentrael tono de maquillaje adecuado, Shade Finder: Encuentra, Espejo virtual:Prueba maquillaje online, Espejo virtual:, Fant\u00e1sticos regaloscon tu compra, Fant\u00e1sticos regalos, Shade Finder: Encuentrael tono de maquillaje adecuado, Shade Finder: Encuentra, Ll\u00e1manos al 912 90 14 19, Shade Finder: Encuentrael tono de maquillaje adecuado, Shade Finder: Encuentra, Espejo virtual:Prueba maquillaje online, Espejo virtual:, Fant\u00e1sticos regaloscon tu compra, Fant\u00e1sticos regalos, Shade Finder: Encuentrael tono de maquillaje adecuado, Shade Finder: Encuentra<\/li>\n<li><strong>Notas de salida:<\/strong> Shade Finder: Encuentrael tono de maquillaje adecuado, Shade Finder: Encuentra, Espejo virtual:Prueba maquillaje online, Espejo virtual:, Fant\u00e1sticos regaloscon tu compra, Fant\u00e1sticos regalos, Shade Finder: Encuentrael tono de maquillaje adecuado, Shade Finder: Encuentra, Ll\u00e1manos al 912 90 14 19, Shade Finder: Encuentrael tono de maquillaje adecuado, Shade Finder: Encuentra, Espejo virtual:Prueba maquillaje online, Espejo virtual:, Fant\u00e1sticos regaloscon tu compra, Fant\u00e1sticos regalos, Shade Finder: Encuentrael tono de maquillaje adecuado, Shade Finder: Encuentra<\/li>\n<\/ul>","protected":false},"excerpt":{"rendered":"<p>\u00bfTe gustar\u00eda tener tu fragancia favorita a mano en cualquier situaci\u00f3n, tanto en casa como en los viajes? El lote de regalo unisex Lattafa Pride Ishq Al Shuyukh Silver combina un eau de parfum de formato est\u00e1ndar con una pr\u00e1ctica miniatura y un desodorante en spray. De esta forma, te ofrece una fragancia \u00fanica en [&hellip;]<\/p>\n","protected":false},"featured_media":1904,"comment_status":"open","ping_status":"closed","template":"","meta":[],"product_brand":[310],"product_cat":[225],"product_tag":[314,315,316,317,318,319,320],"class_list":{"0":"post-1905","1":"product","2":"type-product","3":"status-publish","4":"has-post-thumbnail","6":"product_brand-lattafa","7":"product_cat-perfumes-y-fragancias","8":"product_tag-espejo-virtual","9":"product_tag-espejo-virtualprueba-maquillaje-online","10":"product_tag-fantasticos-regalos","11":"product_tag-fantasticos-regaloscon-tu-compra","12":"product_tag-llamanos-al-912-90-14-19","13":"product_tag-shade-finder-encuentra","14":"product_tag-shade-finder-encuentrael-tono-de-maquillaje-adecuado","16":"first","17":"instock","18":"taxable","19":"shipping-taxable","20":"product-type-simple"},"_links":{"self":[{"href":"https:\/\/novaluxeurope.com\/en\/wp-json\/wp\/v2\/product\/1905","targetHints":{"allow":["GET"]}}],"collection":[{"href":"https:\/\/novaluxeurope.com\/en\/wp-json\/wp\/v2\/product"}],"about":[{"href":"https:\/\/novaluxeurope.com\/en\/wp-json\/wp\/v2\/types\/product"}],"replies":[{"embeddable":true,"href":"https:\/\/novaluxeurope.com\/en\/wp-json\/wp\/v2\/comments?post=1905"}],"wp:featuredmedia":[{"embeddable":true,"href":"https:\/\/novaluxeurope.com\/en\/wp-json\/wp\/v2\/media\/1904"}],"wp:attachment":[{"href":"https:\/\/novaluxeurope.com\/en\/wp-json\/wp\/v2\/media?parent=1905"}],"wp:term":[{"taxonomy":"product_brand","embeddable":true,"href":"https:\/\/novaluxeurope.com\/en\/wp-json\/wp\/v2\/product_brand?post=1905"},{"taxonomy":"product_cat","embeddable":true,"href":"https:\/\/novaluxeurope.com\/en\/wp-json\/wp\/v2\/product_cat?post=1905"},{"taxonomy":"product_tag","embeddable":true,"href":"https:\/\/novaluxeurope.com\/en\/wp-json\/wp\/v2\/product_tag?post=1905"}],"curies":[{"name":"wp","href":"https:\/\/api.w.org\/{rel}","templated":true}]}}