{"id":1902,"date":"2026-04-10T15:12:30","date_gmt":"2026-04-10T15:12:30","guid":{"rendered":"https:\/\/novaluxeurope.com\/producto\/lattafa-pride-ishq-al-shuyukh-gold\/"},"modified":"2026-05-06T16:01:21","modified_gmt":"2026-05-06T16:01:21","slug":"lattafa-pride-ishq-al-shuyukh-gold","status":"publish","type":"product","link":"https:\/\/novaluxeurope.com\/en\/product\/lattafa-pride-ishq-al-shuyukh-gold\/","title":{"rendered":"Lattafa Pride Ishq Al Shuyukh Gold"},"content":{"rendered":"<p>El encanto de esta fragancia reside en que es perfecta tanto para hombre como para mujer. Todo el mundo encontr\u00e1 algo que le guste, en cada persona huele diferente. El eau de parfum unisex Lattafa Pride Ishq Al Shuyukh Gold seguramente no se perder\u00e1 en ning\u00fan caj\u00f3n de tu tocador y, adem\u00e1s, puedes compartirlo con tu media naranja.<\/p>\n<ul>\n<li>fragancia gourmand<\/li>\n<li>fragancia dulce<\/li>\n<li>fragancia oriental<\/li>\n<li>para personas con un estilo no convencional<\/li>\n<\/ul>\n<h4>Pir\u00e1mide olfativa<\/h4>\n<ul>\n<li><strong>Notas de entrada:<\/strong> caramelo, azafr\u00e1n<\/li>\n<li><strong>Notas de coraz\u00f3n:<\/strong> haba tonka, cuero<\/li>\n<li><strong>Notas de salida:<\/strong> \u00e1mbar, vainilla, almizcle<\/li>\n<\/ul>","protected":false},"excerpt":{"rendered":"<p>El encanto de esta fragancia reside en que es perfecta tanto para hombre como para mujer. Todo el mundo encontr\u00e1 algo que le guste, en cada persona huele diferente. El eau de parfum unisex Lattafa Pride Ishq Al Shuyukh Gold seguramente no se perder\u00e1 en ning\u00fan caj\u00f3n de tu tocador y, adem\u00e1s, puedes compartirlo con [&hellip;]<\/p>\n","protected":false},"featured_media":1901,"comment_status":"open","ping_status":"closed","template":"","meta":[],"product_brand":[310],"product_cat":[225],"product_tag":[59,52,87,60,69,79,63],"class_list":{"0":"post-1902","1":"product","2":"type-product","3":"status-publish","4":"has-post-thumbnail","6":"product_brand-lattafa","7":"product_cat-perfumes-y-fragancias","8":"product_tag-almizcle","9":"product_tag-ambar","10":"product_tag-azafran","11":"product_tag-caramelo","12":"product_tag-cuero","13":"product_tag-haba-tonka","14":"product_tag-vainilla","16":"first","17":"outofstock","18":"taxable","19":"shipping-taxable","20":"product-type-simple"},"_links":{"self":[{"href":"https:\/\/novaluxeurope.com\/en\/wp-json\/wp\/v2\/product\/1902","targetHints":{"allow":["GET"]}}],"collection":[{"href":"https:\/\/novaluxeurope.com\/en\/wp-json\/wp\/v2\/product"}],"about":[{"href":"https:\/\/novaluxeurope.com\/en\/wp-json\/wp\/v2\/types\/product"}],"replies":[{"embeddable":true,"href":"https:\/\/novaluxeurope.com\/en\/wp-json\/wp\/v2\/comments?post=1902"}],"wp:featuredmedia":[{"embeddable":true,"href":"https:\/\/novaluxeurope.com\/en\/wp-json\/wp\/v2\/media\/1901"}],"wp:attachment":[{"href":"https:\/\/novaluxeurope.com\/en\/wp-json\/wp\/v2\/media?parent=1902"}],"wp:term":[{"taxonomy":"product_brand","embeddable":true,"href":"https:\/\/novaluxeurope.com\/en\/wp-json\/wp\/v2\/product_brand?post=1902"},{"taxonomy":"product_cat","embeddable":true,"href":"https:\/\/novaluxeurope.com\/en\/wp-json\/wp\/v2\/product_cat?post=1902"},{"taxonomy":"product_tag","embeddable":true,"href":"https:\/\/novaluxeurope.com\/en\/wp-json\/wp\/v2\/product_tag?post=1902"}],"curies":[{"name":"wp","href":"https:\/\/api.w.org\/{rel}","templated":true}]}}