{"id":1895,"date":"2026-04-10T15:12:27","date_gmt":"2026-04-10T15:12:27","guid":{"rendered":"https:\/\/novaluxeurope.com\/producto\/lattafa-pride-happy-time-edp-u-75-ml\/"},"modified":"2026-04-24T13:31:43","modified_gmt":"2026-04-24T13:31:43","slug":"lattafa-pride-happy-time-edp-u-75-ml","status":"publish","type":"product","link":"https:\/\/novaluxeurope.com\/en\/product\/lattafa-pride-happy-time-edp-u-75-ml\/","title":{"rendered":"Lattafa Pride Happy Time"},"content":{"rendered":"<p>Entre en el alegre mundo de \u00abHappy Time\u00bb de Lattafa , una encantadora fragancia unisex lanzada en 2024. Como parte orgullosa de la colecci\u00f3n Lattafa Pride, esta fragancia refleja el arte de la perfumer\u00eda de Oriente Medio y aporta un toque encantador adaptado a los ni\u00f1os. \u00abHappy Time\u00bb pertenece a la familia olfativa Floral Frutal y ofrece una experiencia olfativa fresca y alegre. La fragancia comienza con la chispeante luminosidad de la mandarina , creando una introducci\u00f3n viva y energizante. En su coraz\u00f3n se encuentra una rica mezcla floral, con el encanto tropical del frangipani, la profundidad cremosa de la gardenia y la gracia atemporal del jazm\u00edn, que se mezclan en un ramo maravillosamente fragante. El aroma se transforma suavemente en una acogedora base de suave coco, pachul\u00ed terroso y almizcle suave, dejando tras de s\u00ed una estela relajante y elegante. Esta atractiva composici\u00f3n hace de \u00abHappy Time\u00bb un encantador compa\u00f1ero diario que deja una impresi\u00f3n duradera de bienestar. Presentada en un pr\u00e1ctico pulverizador Eau de Parfum de 75 ml, esta fragancia unisex es perfecta para los ni\u00f1os que disfrutan expresando su personalidad a trav\u00e9s del aroma. Ya sea para regalar o para llevar a diario, \u00abHappy Time\u00bb a\u00f1ade una nota de alegr\u00eda a cada momento. NOTAS DE PERFUME Notas altas: Mandarina Notas medias: Frangipani, Gardenia, Jazm\u00edn Notas de Fondo: Coco, Pachul\u00ed, Almizcle<\/p>\n<h4>Pir\u00e1mide olfativa<\/h4>\n<ul>\n<li><strong>Notas de entrada:<\/strong> Mandar\u00edn<\/li>\n<li><strong>Notas de coraz\u00f3n:<\/strong> Frangipani, Gardenia, Jazm\u00edn<\/li>\n<li><strong>Notas de salida:<\/strong> Coco, Pachul\u00ed, Almizcle<\/li>\n<\/ul>","protected":false},"excerpt":{"rendered":"<p>Entre en el alegre mundo de \u00abHappy Time\u00bb de Lattafa , una encantadora fragancia unisex lanzada en 2024. Como parte orgullosa de la colecci\u00f3n Lattafa Pride, esta fragancia refleja el arte de la perfumer\u00eda de Oriente Medio y aporta un toque encantador adaptado a los ni\u00f1os. \u00abHappy Time\u00bb pertenece a la familia olfativa Floral Frutal [&hellip;]<\/p>\n","protected":false},"featured_media":1894,"comment_status":"open","ping_status":"closed","template":"","meta":[],"product_brand":[310],"product_cat":[225],"product_tag":[59,144,391,326,56,122,67],"class_list":{"0":"post-1895","1":"product","2":"type-product","3":"status-publish","4":"has-post-thumbnail","6":"product_brand-lattafa","7":"product_cat-perfumes-y-fragancias","8":"product_tag-almizcle","9":"product_tag-coco","10":"product_tag-frangipani","11":"product_tag-gardenia","12":"product_tag-jazmin","13":"product_tag-mandarin","14":"product_tag-pachuli","16":"first","17":"instock","18":"taxable","19":"shipping-taxable","20":"product-type-simple"},"_links":{"self":[{"href":"https:\/\/novaluxeurope.com\/en\/wp-json\/wp\/v2\/product\/1895","targetHints":{"allow":["GET"]}}],"collection":[{"href":"https:\/\/novaluxeurope.com\/en\/wp-json\/wp\/v2\/product"}],"about":[{"href":"https:\/\/novaluxeurope.com\/en\/wp-json\/wp\/v2\/types\/product"}],"replies":[{"embeddable":true,"href":"https:\/\/novaluxeurope.com\/en\/wp-json\/wp\/v2\/comments?post=1895"}],"wp:featuredmedia":[{"embeddable":true,"href":"https:\/\/novaluxeurope.com\/en\/wp-json\/wp\/v2\/media\/1894"}],"wp:attachment":[{"href":"https:\/\/novaluxeurope.com\/en\/wp-json\/wp\/v2\/media?parent=1895"}],"wp:term":[{"taxonomy":"product_brand","embeddable":true,"href":"https:\/\/novaluxeurope.com\/en\/wp-json\/wp\/v2\/product_brand?post=1895"},{"taxonomy":"product_cat","embeddable":true,"href":"https:\/\/novaluxeurope.com\/en\/wp-json\/wp\/v2\/product_cat?post=1895"},{"taxonomy":"product_tag","embeddable":true,"href":"https:\/\/novaluxeurope.com\/en\/wp-json\/wp\/v2\/product_tag?post=1895"}],"curies":[{"name":"wp","href":"https:\/\/api.w.org\/{rel}","templated":true}]}}