{"id":1889,"date":"2026-04-10T15:12:26","date_gmt":"2026-04-10T15:12:26","guid":{"rendered":"https:\/\/novaluxeurope.com\/producto\/lattafa-pride-happy-brush-edp-u-75-ml\/"},"modified":"2026-04-24T13:31:43","modified_gmt":"2026-04-24T13:31:43","slug":"lattafa-pride-happy-brush-edp-u-75-ml","status":"publish","type":"product","link":"https:\/\/novaluxeurope.com\/en\/product\/lattafa-pride-happy-brush-edp-u-75-ml\/","title":{"rendered":"Lattafa Pride Happy Brush"},"content":{"rendered":"<p>Ad\u00e9ntrese en un universo alegre y vibrante con Happy Brush de Lattafa , una fragancia unisex presentada en 2024 como parte de la prestigiosa Pride Collection. Especialmente creada pensando en los ni\u00f1os, esta divertida fragancia celebra la imaginaci\u00f3n y la expresi\u00f3n personal a trav\u00e9s de la magia de las fragancias. Perteneciente a la familia olfativa Floral Frutal Gourmand, Happy Brush comienza con una estimulante mezcla de pi\u00f1a, frambuesa y melocot\u00f3n que despierta de inmediato una sensaci\u00f3n de diversi\u00f3n y frescura. El coraz\u00f3n contin\u00faa el tema afrutado con una jugosa explosi\u00f3n de frambuesa, que a\u00f1ade dulzura y encanto a la composici\u00f3n. A medida que se asienta, la base revela una reconfortante mezcla de suave vainilla y rico caramelo , envolviendo la fragancia en un acabado suave y acogedor. Dise\u00f1ada por la aclamada casa de perfumes Lattafa de los Emiratos \u00c1rabes Unidos, esta fragancia refleja su talento para crear aromas cautivadores y alegres. Presentado en un compacto vaporizador Eau de Parfum de 75 ml, Happy Brush es perfecto tanto para las aventuras diarias como para los viajes. Con su atractivo de g\u00e9nero neutro, anima a los ni\u00f1os a abrazar su individualidad y disfrutar de los peque\u00f1os momentos que hacen que la vida sea especial. NOTAS DE PERFUME Notas de salida: Pi\u00f1a, frambuesa, melocot\u00f3n Notas medias: Frambuesa Notas de Fondo: Vainilla, Caramelo<\/p>\n<h4>Pir\u00e1mide olfativa<\/h4>\n<ul>\n<li><strong>Notas de entrada:<\/strong> Pi\u00f1a, Frambuesa, Melocot\u00f3n<\/li>\n<li><strong>Notas de coraz\u00f3n:<\/strong> Frambuesa<\/li>\n<li><strong>Notas de salida:<\/strong> Vainilla, Caramelo<\/li>\n<\/ul>","protected":false},"excerpt":{"rendered":"<p>Ad\u00e9ntrese en un universo alegre y vibrante con Happy Brush de Lattafa , una fragancia unisex presentada en 2024 como parte de la prestigiosa Pride Collection. Especialmente creada pensando en los ni\u00f1os, esta divertida fragancia celebra la imaginaci\u00f3n y la expresi\u00f3n personal a trav\u00e9s de la magia de las fragancias. Perteneciente a la familia olfativa [&hellip;]<\/p>\n","protected":false},"featured_media":1888,"comment_status":"open","ping_status":"closed","template":"","meta":[],"product_brand":[310],"product_cat":[225],"product_tag":[60,97,186,101,63],"class_list":{"0":"post-1889","1":"product","2":"type-product","3":"status-publish","4":"has-post-thumbnail","6":"product_brand-lattafa","7":"product_cat-perfumes-y-fragancias","8":"product_tag-caramelo","9":"product_tag-frambuesa","10":"product_tag-melocoton","11":"product_tag-pina","12":"product_tag-vainilla","14":"first","15":"instock","16":"taxable","17":"shipping-taxable","18":"product-type-simple"},"_links":{"self":[{"href":"https:\/\/novaluxeurope.com\/en\/wp-json\/wp\/v2\/product\/1889","targetHints":{"allow":["GET"]}}],"collection":[{"href":"https:\/\/novaluxeurope.com\/en\/wp-json\/wp\/v2\/product"}],"about":[{"href":"https:\/\/novaluxeurope.com\/en\/wp-json\/wp\/v2\/types\/product"}],"replies":[{"embeddable":true,"href":"https:\/\/novaluxeurope.com\/en\/wp-json\/wp\/v2\/comments?post=1889"}],"wp:featuredmedia":[{"embeddable":true,"href":"https:\/\/novaluxeurope.com\/en\/wp-json\/wp\/v2\/media\/1888"}],"wp:attachment":[{"href":"https:\/\/novaluxeurope.com\/en\/wp-json\/wp\/v2\/media?parent=1889"}],"wp:term":[{"taxonomy":"product_brand","embeddable":true,"href":"https:\/\/novaluxeurope.com\/en\/wp-json\/wp\/v2\/product_brand?post=1889"},{"taxonomy":"product_cat","embeddable":true,"href":"https:\/\/novaluxeurope.com\/en\/wp-json\/wp\/v2\/product_cat?post=1889"},{"taxonomy":"product_tag","embeddable":true,"href":"https:\/\/novaluxeurope.com\/en\/wp-json\/wp\/v2\/product_tag?post=1889"}],"curies":[{"name":"wp","href":"https:\/\/api.w.org\/{rel}","templated":true}]}}