{"id":1885,"date":"2026-04-10T15:12:23","date_gmt":"2026-04-10T15:12:23","guid":{"rendered":"https:\/\/novaluxeurope.com\/producto\/lattafa-pride-eternal-oud\/"},"modified":"2026-05-06T20:29:16","modified_gmt":"2026-05-06T20:29:16","slug":"lattafa-pride-eternal-oud","status":"publish","type":"product","link":"https:\/\/novaluxeurope.com\/en\/product\/lattafa-pride-eternal-oud\/","title":{"rendered":"Lattafa Pride Eternal Oud"},"content":{"rendered":"<p>No dejes que nada te detenga. El eau de parfum Lattafa Pride Eternal Oud te garantiza un torrente de nueva energ\u00eda en cualquier situaci\u00f3n. Gracias a la jugosa combinaci\u00f3n de dulces ciruelas y pomelo amargo, te estimular\u00e1 para que puedas afrontarlo todo con total claridad y sencillez.<\/p>\n<ul>\n<li>fragancia gourmand oriental<\/li>\n<li>ideal tanto para hombres como para mujeres<\/li>\n<li>se lanz\u00f3 al mercado en el a\u00f1o 2022<\/li>\n<\/ul>\n<p> <strong>Composici\u00f3n de la fragancia:<\/strong><br \/>La fragancia Lattafa Pride Eternal Oud se abre con unos jugosos acordes frutales de dulces ciruelas y pomelo agradablemente amargo. Una vez se desvanecen, entra en juego la combinaci\u00f3n floral de la sensual orqu\u00eddea y el heliotropo, que recuerda a la vainilla. El broche de oro de esta fragancia lo ponen el benju\u00ed de toque atalcado, el c\u00e1lido \u00e1mbar y la potente haba tonka, que se entremezclan con el oud intensamente arom\u00e1tico y unas notas amargas de l\u00e1dano.<\/p>\n<h4>Pir\u00e1mide olfativa<\/h4>\n<ul>\n<li><strong>Notas de entrada:<\/strong> pomelo, ciruela<\/li>\n<li><strong>Notas de coraz\u00f3n:<\/strong> orqu\u00eddea, verrucaria<\/li>\n<li><strong>Notas de salida:<\/strong> vainilla, \u00e1mbar, oud, benju\u00ed, haba tonka, l\u00e1dano<\/li>\n<\/ul>","protected":false},"excerpt":{"rendered":"<p>No dejes que nada te detenga. El eau de parfum Lattafa Pride Eternal Oud te garantiza un torrente de nueva energ\u00eda en cualquier situaci\u00f3n. Gracias a la jugosa combinaci\u00f3n de dulces ciruelas y pomelo amargo, te estimular\u00e1 para que puedas afrontarlo todo con total claridad y sencillez. fragancia gourmand oriental ideal tanto para hombres como [&hellip;]<\/p>\n","protected":false},"featured_media":1884,"comment_status":"open","ping_status":"closed","template":"","meta":[],"product_brand":[310],"product_cat":[225],"product_tag":[52,126,198,79,70,248,48,245,63,249],"class_list":{"0":"post-1885","1":"product","2":"type-product","3":"status-publish","4":"has-post-thumbnail","6":"product_brand-lattafa","7":"product_cat-perfumes-y-fragancias","8":"product_tag-ambar","9":"product_tag-benjui","10":"product_tag-ciruela","11":"product_tag-haba-tonka","12":"product_tag-ladano","13":"product_tag-orquidea","14":"product_tag-oud","15":"product_tag-pomelo","16":"product_tag-vainilla","17":"product_tag-verrucaria","19":"first","20":"instock","21":"taxable","22":"shipping-taxable","23":"product-type-simple"},"_links":{"self":[{"href":"https:\/\/novaluxeurope.com\/en\/wp-json\/wp\/v2\/product\/1885","targetHints":{"allow":["GET"]}}],"collection":[{"href":"https:\/\/novaluxeurope.com\/en\/wp-json\/wp\/v2\/product"}],"about":[{"href":"https:\/\/novaluxeurope.com\/en\/wp-json\/wp\/v2\/types\/product"}],"replies":[{"embeddable":true,"href":"https:\/\/novaluxeurope.com\/en\/wp-json\/wp\/v2\/comments?post=1885"}],"wp:featuredmedia":[{"embeddable":true,"href":"https:\/\/novaluxeurope.com\/en\/wp-json\/wp\/v2\/media\/1884"}],"wp:attachment":[{"href":"https:\/\/novaluxeurope.com\/en\/wp-json\/wp\/v2\/media?parent=1885"}],"wp:term":[{"taxonomy":"product_brand","embeddable":true,"href":"https:\/\/novaluxeurope.com\/en\/wp-json\/wp\/v2\/product_brand?post=1885"},{"taxonomy":"product_cat","embeddable":true,"href":"https:\/\/novaluxeurope.com\/en\/wp-json\/wp\/v2\/product_cat?post=1885"},{"taxonomy":"product_tag","embeddable":true,"href":"https:\/\/novaluxeurope.com\/en\/wp-json\/wp\/v2\/product_tag?post=1885"}],"curies":[{"name":"wp","href":"https:\/\/api.w.org\/{rel}","templated":true}]}}