{"id":1878,"date":"2026-04-10T15:12:21","date_gmt":"2026-04-10T15:12:21","guid":{"rendered":"https:\/\/novaluxeurope.com\/producto\/lattafa-pride-brioche-vanille-edp-u-100-ml\/"},"modified":"2026-04-24T13:31:43","modified_gmt":"2026-04-24T13:31:43","slug":"lattafa-pride-brioche-vanille-edp-u-100-ml","status":"publish","type":"product","link":"https:\/\/novaluxeurope.com\/en\/product\/lattafa-pride-brioche-vanille-edp-u-100-ml\/","title":{"rendered":"Lattafa Pride Brioche Vanille"},"content":{"rendered":"<p>Sum\u00e9rgete en la cautivadora esencia de Brioche Vanille de Lattafa, una fragancia unisex introducida en 2024. Elaborada por la prestigiosa casa de dise\u00f1o Lattafa de los Emiratos \u00c1rabes Unidos, esta exquisita fragancia pertenece a la familia olfativa Ambarina Vainilla. Perfecta para quienes aprecian el lujo, Brioche Vanille forma parte de la distinguida Colecci\u00f3n Pride, presentada en un generoso vaporizador Eau de Parfum de 100 ml. Desde la primera aspersi\u00f3n, Brioche Vanille encanta con una mezcla c\u00e1lida y acogedora. Las notas de salida de brioche reci\u00e9n horneado, fresia delicada y bergamota \u00e1cida establecen un tono acogedor y estimulante. A medida que la fragancia evoluciona, las notas de coraz\u00f3n de abeto bals\u00e1mico y heliotropo a\u00f1aden un encanto arom\u00e1tico y empolvado, creando una experiencia reconfortante y completa. La fragancia se profundiza con sus notas de fondo, dejando una impresi\u00f3n duradera de vainilla cremosa, benju\u00ed resinoso y pralin\u00e9 dulce. Estos elementos se combinan a la perfecci\u00f3n para crear un acabado rico y duradero que perdura en la piel. Ya sea para una ocasi\u00f3n especial o para un capricho cotidiano, Brioche Vanille est\u00e1 dise\u00f1ado para dejar una huella inolvidable. Con su atractivo unisex, Brioche Vanille es una celebraci\u00f3n del arte de la perfumer\u00eda que a\u00fana la herencia de Oriente Medio con la sofisticaci\u00f3n moderna. Esta fragancia le invita a experimentar un viaje sensorial atemporal. NOTAS DE PERFUME Notas de salida: Brioche, Fresia, Bergamota Notas medias: Abeto bals\u00e1mico, Heliotropo Notas de Fondo: Vainilla, Benju\u00ed, Pralin\u00e9<\/p>\n<h4>Pir\u00e1mide olfativa<\/h4>\n<ul>\n<li><strong>Notas de entrada:<\/strong> Brioche, Fresia, Bergamota<\/li>\n<li><strong>Notas de coraz\u00f3n:<\/strong> Abeto bals\u00e1mico, Heliotropo<\/li>\n<li><strong>Notas de salida:<\/strong> Vainilla, Benju\u00ed, Pralin\u00e9<\/li>\n<\/ul>","protected":false},"excerpt":{"rendered":"<p>Sum\u00e9rgete en la cautivadora esencia de Brioche Vanille de Lattafa, una fragancia unisex introducida en 2024. Elaborada por la prestigiosa casa de dise\u00f1o Lattafa de los Emiratos \u00c1rabes Unidos, esta exquisita fragancia pertenece a la familia olfativa Ambarina Vainilla. Perfecta para quienes aprecian el lujo, Brioche Vanille forma parte de la distinguida Colecci\u00f3n Pride, presentada [&hellip;]<\/p>\n","protected":false},"featured_media":1877,"comment_status":"open","ping_status":"closed","template":"","meta":[],"product_brand":[310],"product_cat":[225],"product_tag":[389,126,102,390,364,217,159,63],"class_list":{"0":"post-1878","1":"product","2":"type-product","3":"status-publish","4":"has-post-thumbnail","6":"product_brand-lattafa","7":"product_cat-perfumes-y-fragancias","8":"product_tag-abeto-balsamico","9":"product_tag-benjui","10":"product_tag-bergamota","11":"product_tag-brioche","12":"product_tag-fresia","13":"product_tag-heliotropo","14":"product_tag-praline","15":"product_tag-vainilla","17":"first","18":"instock","19":"taxable","20":"shipping-taxable","21":"product-type-simple"},"_links":{"self":[{"href":"https:\/\/novaluxeurope.com\/en\/wp-json\/wp\/v2\/product\/1878","targetHints":{"allow":["GET"]}}],"collection":[{"href":"https:\/\/novaluxeurope.com\/en\/wp-json\/wp\/v2\/product"}],"about":[{"href":"https:\/\/novaluxeurope.com\/en\/wp-json\/wp\/v2\/types\/product"}],"replies":[{"embeddable":true,"href":"https:\/\/novaluxeurope.com\/en\/wp-json\/wp\/v2\/comments?post=1878"}],"wp:featuredmedia":[{"embeddable":true,"href":"https:\/\/novaluxeurope.com\/en\/wp-json\/wp\/v2\/media\/1877"}],"wp:attachment":[{"href":"https:\/\/novaluxeurope.com\/en\/wp-json\/wp\/v2\/media?parent=1878"}],"wp:term":[{"taxonomy":"product_brand","embeddable":true,"href":"https:\/\/novaluxeurope.com\/en\/wp-json\/wp\/v2\/product_brand?post=1878"},{"taxonomy":"product_cat","embeddable":true,"href":"https:\/\/novaluxeurope.com\/en\/wp-json\/wp\/v2\/product_cat?post=1878"},{"taxonomy":"product_tag","embeddable":true,"href":"https:\/\/novaluxeurope.com\/en\/wp-json\/wp\/v2\/product_tag?post=1878"}],"curies":[{"name":"wp","href":"https:\/\/api.w.org\/{rel}","templated":true}]}}