{"id":1871,"date":"2026-04-10T15:12:19","date_gmt":"2026-04-10T15:12:19","guid":{"rendered":"https:\/\/novaluxeurope.com\/producto\/lattafa-pride-breeze-edp-u-100-ml\/"},"modified":"2026-05-08T16:01:12","modified_gmt":"2026-05-08T16:01:12","slug":"lattafa-pride-breeze-edp-u-100-ml","status":"publish","type":"product","link":"https:\/\/novaluxeurope.com\/en\/product\/lattafa-pride-breeze-edp-u-100-ml\/","title":{"rendered":"Lattafa Pride Breeze"},"content":{"rendered":"<p>Descubra la cautivadora elegancia de Pride Breeze de Lattafa , una fragancia unisex que irradia sofisticaci\u00f3n y encanto. Creada por la renombrada casa Lattafa, esta Eau de Parfum de 100 ml es un testimonio de su compromiso con la artesan\u00eda y el lujo. Pride Breeze pertenece a la familia olfativa Ambarina Amaderada y ofrece un perfil olfativo profundo y seductor, perfecto para cualquier ocasi\u00f3n. La fragancia se abre con vigorizantes notas de salida de Bergamota, Incienso y Cardamomo, creando una introducci\u00f3n picante y energizante. A medida que la fragancia evoluciona, el coraz\u00f3n revela notas florales de Lirio de los Valles y Ciclamen , que a\u00f1aden un toque de delicada frescura para equilibrar el picante inicial. Las notas de fondo de almizcle, s\u00e1ndalo y cedro proporcionan una base c\u00e1lida y amaderada que garantiza la persistencia de la fragancia, dejando una impresi\u00f3n duradera y memorable. Ya sea para una reuni\u00f3n de negocios o para salir por la noche, Pride Breeze de Lattafa est\u00e1 dise\u00f1ado para aquellos que aprecian las fragancias refinadas y lujosas que elevan cualquier momento. NOTAS DE PERFUME Notas de salida: Bergamota, Incienso, Cardamomo Notas medias: Lirio del Valle, Ciclamen Notas de Fondo: Almizcle, S\u00e1ndalo, Cedro<\/p>\n<h4>Pir\u00e1mide olfativa<\/h4>\n<ul>\n<li><strong>Notas de entrada:<\/strong> Bergamota, Incienso, Cardamomo<\/li>\n<li><strong>Notas de coraz\u00f3n:<\/strong> Lirio del valle, Cyclamen<\/li>\n<li><strong>Notas de salida:<\/strong> Almizcle, S\u00e1ndalo, Madera de cedro<\/li>\n<\/ul>","protected":false},"excerpt":{"rendered":"<p>Descubra la cautivadora elegancia de Pride Breeze de Lattafa , una fragancia unisex que irradia sofisticaci\u00f3n y encanto. Creada por la renombrada casa Lattafa, esta Eau de Parfum de 100 ml es un testimonio de su compromiso con la artesan\u00eda y el lujo. Pride Breeze pertenece a la familia olfativa Ambarina Amaderada y ofrece un [&hellip;]<\/p>\n","protected":false},"featured_media":1870,"comment_status":"open","ping_status":"closed","template":"","meta":[],"product_brand":[310],"product_cat":[225],"product_tag":[59,102,77,387,127,388,46,174],"class_list":{"0":"post-1871","1":"product","2":"type-product","3":"status-publish","4":"has-post-thumbnail","6":"product_brand-lattafa","7":"product_cat-perfumes-y-fragancias","8":"product_tag-almizcle","9":"product_tag-bergamota","10":"product_tag-cardamomo","11":"product_tag-cyclamen","12":"product_tag-incienso","13":"product_tag-lirio-del-valle","14":"product_tag-madera-de-cedro","15":"product_tag-sandalo","17":"first","18":"instock","19":"taxable","20":"shipping-taxable","21":"product-type-simple"},"_links":{"self":[{"href":"https:\/\/novaluxeurope.com\/en\/wp-json\/wp\/v2\/product\/1871","targetHints":{"allow":["GET"]}}],"collection":[{"href":"https:\/\/novaluxeurope.com\/en\/wp-json\/wp\/v2\/product"}],"about":[{"href":"https:\/\/novaluxeurope.com\/en\/wp-json\/wp\/v2\/types\/product"}],"replies":[{"embeddable":true,"href":"https:\/\/novaluxeurope.com\/en\/wp-json\/wp\/v2\/comments?post=1871"}],"wp:featuredmedia":[{"embeddable":true,"href":"https:\/\/novaluxeurope.com\/en\/wp-json\/wp\/v2\/media\/1870"}],"wp:attachment":[{"href":"https:\/\/novaluxeurope.com\/en\/wp-json\/wp\/v2\/media?parent=1871"}],"wp:term":[{"taxonomy":"product_brand","embeddable":true,"href":"https:\/\/novaluxeurope.com\/en\/wp-json\/wp\/v2\/product_brand?post=1871"},{"taxonomy":"product_cat","embeddable":true,"href":"https:\/\/novaluxeurope.com\/en\/wp-json\/wp\/v2\/product_cat?post=1871"},{"taxonomy":"product_tag","embeddable":true,"href":"https:\/\/novaluxeurope.com\/en\/wp-json\/wp\/v2\/product_tag?post=1871"}],"curies":[{"name":"wp","href":"https:\/\/api.w.org\/{rel}","templated":true}]}}