{"id":1868,"date":"2026-04-10T15:12:18","date_gmt":"2026-04-10T15:12:18","guid":{"rendered":"https:\/\/novaluxeurope.com\/producto\/lattafa-pride-blue-sapphire\/"},"modified":"2026-04-29T20:00:55","modified_gmt":"2026-04-29T20:00:55","slug":"lattafa-pride-blue-sapphire","status":"publish","type":"product","link":"https:\/\/novaluxeurope.com\/en\/product\/lattafa-pride-blue-sapphire\/","title":{"rendered":"Lattafa Pride Blue Sapphire"},"content":{"rendered":"<p>Fresco y misterioso al mismo tiempo. Moderno y, sin embargo, atemporal. Es el eau de parfum unisex Lattafa Pride Blue Sapphire, con una composici\u00f3n arom\u00e1tica perfecta tanto para hombre como para mujer.<\/p>\n<ul>\n<li>fragancia fresca y pura<\/li>\n<li>fragancia oriental<\/li>\n<\/ul>\n<h4>Pir\u00e1mide olfativa<\/h4>\n<ul>\n<li><strong>Notas de entrada:<\/strong> manzana, menta, lim\u00f3n<\/li>\n<li><strong>Notas de coraz\u00f3n:<\/strong> geranio, clary sage, flores de mar<\/li>\n<li><strong>Notas de salida:<\/strong> pachuli, madera de cedro<\/li>\n<\/ul>","protected":false},"excerpt":{"rendered":"<p>Fresco y misterioso al mismo tiempo. Moderno y, sin embargo, atemporal. Es el eau de parfum unisex Lattafa Pride Blue Sapphire, con una composici\u00f3n arom\u00e1tica perfecta tanto para hombre como para mujer. fragancia fresca y pura fragancia oriental Pir\u00e1mide olfativa Notas de entrada: manzana, menta, lim\u00f3n Notas de coraz\u00f3n: geranio, clary sage, flores de mar [&hellip;]<\/p>\n","protected":false},"featured_media":1867,"comment_status":"open","ping_status":"closed","template":"","meta":[],"product_brand":[310],"product_cat":[225],"product_tag":[345,386,131,140,46,88,194,67],"class_list":{"0":"post-1868","1":"product","2":"type-product","3":"status-publish","4":"has-post-thumbnail","6":"product_brand-lattafa","7":"product_cat-perfumes-y-fragancias","8":"product_tag-clary-sage","9":"product_tag-flores-de-mar","10":"product_tag-geranio","11":"product_tag-limon","12":"product_tag-madera-de-cedro","13":"product_tag-manzana","14":"product_tag-menta","15":"product_tag-pachuli","17":"first","18":"instock","19":"taxable","20":"shipping-taxable","21":"product-type-simple"},"_links":{"self":[{"href":"https:\/\/novaluxeurope.com\/en\/wp-json\/wp\/v2\/product\/1868","targetHints":{"allow":["GET"]}}],"collection":[{"href":"https:\/\/novaluxeurope.com\/en\/wp-json\/wp\/v2\/product"}],"about":[{"href":"https:\/\/novaluxeurope.com\/en\/wp-json\/wp\/v2\/types\/product"}],"replies":[{"embeddable":true,"href":"https:\/\/novaluxeurope.com\/en\/wp-json\/wp\/v2\/comments?post=1868"}],"wp:featuredmedia":[{"embeddable":true,"href":"https:\/\/novaluxeurope.com\/en\/wp-json\/wp\/v2\/media\/1867"}],"wp:attachment":[{"href":"https:\/\/novaluxeurope.com\/en\/wp-json\/wp\/v2\/media?parent=1868"}],"wp:term":[{"taxonomy":"product_brand","embeddable":true,"href":"https:\/\/novaluxeurope.com\/en\/wp-json\/wp\/v2\/product_brand?post=1868"},{"taxonomy":"product_cat","embeddable":true,"href":"https:\/\/novaluxeurope.com\/en\/wp-json\/wp\/v2\/product_cat?post=1868"},{"taxonomy":"product_tag","embeddable":true,"href":"https:\/\/novaluxeurope.com\/en\/wp-json\/wp\/v2\/product_tag?post=1868"}],"curies":[{"name":"wp","href":"https:\/\/api.w.org\/{rel}","templated":true}]}}