{"id":1851,"date":"2026-04-10T15:12:12","date_gmt":"2026-04-10T15:12:12","guid":{"rendered":"https:\/\/novaluxeurope.com\/producto\/lattafa-pride-art-of-universe-edp-u-100-ml\/"},"modified":"2026-05-07T08:01:12","modified_gmt":"2026-05-07T08:01:12","slug":"lattafa-pride-art-of-universe-edp-u-100-ml","status":"publish","type":"product","link":"https:\/\/novaluxeurope.com\/en\/product\/lattafa-pride-art-of-universe-edp-u-100-ml\/","title":{"rendered":"Lattafa Pride Art Of Universe"},"content":{"rendered":"<p>Explore el vibrante encanto de Art Of Universe de Lattafa, una fragancia unisex que ofrece una experiencia sensorial din\u00e1mica. Lanzada en 2025, esta cautivadora fragancia procede de la estimada casa de perfumes Lattafa, con sede en los Emiratos \u00c1rabes Unidos. Perteneciente a la familia olfativa C\u00edtrica Arom\u00e1tica, Art Of Universe proporciona una fragancia estimulante y refrescante que atrae a todo el mundo. La fragancia, que se abre con una animada mezcla de mandarina, jengibre, menta y bergamota, ofrece una excitante explosi\u00f3n de energ\u00eda c\u00edtrica. A medida que evoluciona, el coraz\u00f3n revela delicadas notas de pera y azahar, que a\u00f1aden un toque floral dulce y elegante. La fragancia se asienta en una base c\u00e1lida y duradera de almizcle, \u00e1mbar y cedro, dejando tras de s\u00ed un acabado refinado y sofisticado. Art Of Universe se presenta en un vaporizador Eau de Parfum de 100 ml y es perfecto para quienes disfrutan de un equilibrio perfecto entre la vitalidad fresca y la calidez m\u00e1s profunda. Esta fragancia vers\u00e1til es adecuada para cualquier ocasi\u00f3n, por lo que es una gran adici\u00f3n a su colecci\u00f3n. Adopte el arte de Lattafa y convierta esta fragancia en parte de su rutina diaria. NOTAS DE PERFUME Notas de salida: Mandarina, Jengibre, Menta, Bergamota Notas medias: Pera, Azahar Notas de Fondo: Almizcle, \u00c1mbar, Cedro<\/p>\n<h4>Pir\u00e1mide olfativa<\/h4>\n<ul>\n<li><strong>Notas de entrada:<\/strong> Mandar\u00edn, Jengibre, Menta, Bergamota<\/li>\n<li><strong>Notas de coraz\u00f3n:<\/strong> Pera, Azahar<\/li>\n<li><strong>Notas de salida:<\/strong> Almizcle, \u00c1mbar, Cedro<\/li>\n<\/ul>","protected":false},"excerpt":{"rendered":"<p>Explore el vibrante encanto de Art Of Universe de Lattafa, una fragancia unisex que ofrece una experiencia sensorial din\u00e1mica. Lanzada en 2025, esta cautivadora fragancia procede de la estimada casa de perfumes Lattafa, con sede en los Emiratos \u00c1rabes Unidos. Perteneciente a la familia olfativa C\u00edtrica Arom\u00e1tica, Art Of Universe proporciona una fragancia estimulante y [&hellip;]<\/p>\n","protected":false},"featured_media":1850,"comment_status":"open","ping_status":"closed","template":"","meta":[],"product_brand":[310],"product_cat":[225],"product_tag":[59,52,353,102,53,180,122,194,112],"class_list":{"0":"post-1851","1":"product","2":"type-product","3":"status-publish","4":"has-post-thumbnail","6":"product_brand-lattafa","7":"product_cat-perfumes-y-fragancias","8":"product_tag-almizcle","9":"product_tag-ambar","10":"product_tag-azahar","11":"product_tag-bergamota","12":"product_tag-cedro","13":"product_tag-jengibre","14":"product_tag-mandarin","15":"product_tag-menta","16":"product_tag-pera","18":"first","19":"instock","20":"taxable","21":"shipping-taxable","22":"product-type-simple"},"_links":{"self":[{"href":"https:\/\/novaluxeurope.com\/en\/wp-json\/wp\/v2\/product\/1851","targetHints":{"allow":["GET"]}}],"collection":[{"href":"https:\/\/novaluxeurope.com\/en\/wp-json\/wp\/v2\/product"}],"about":[{"href":"https:\/\/novaluxeurope.com\/en\/wp-json\/wp\/v2\/types\/product"}],"replies":[{"embeddable":true,"href":"https:\/\/novaluxeurope.com\/en\/wp-json\/wp\/v2\/comments?post=1851"}],"wp:featuredmedia":[{"embeddable":true,"href":"https:\/\/novaluxeurope.com\/en\/wp-json\/wp\/v2\/media\/1850"}],"wp:attachment":[{"href":"https:\/\/novaluxeurope.com\/en\/wp-json\/wp\/v2\/media?parent=1851"}],"wp:term":[{"taxonomy":"product_brand","embeddable":true,"href":"https:\/\/novaluxeurope.com\/en\/wp-json\/wp\/v2\/product_brand?post=1851"},{"taxonomy":"product_cat","embeddable":true,"href":"https:\/\/novaluxeurope.com\/en\/wp-json\/wp\/v2\/product_cat?post=1851"},{"taxonomy":"product_tag","embeddable":true,"href":"https:\/\/novaluxeurope.com\/en\/wp-json\/wp\/v2\/product_tag?post=1851"}],"curies":[{"name":"wp","href":"https:\/\/api.w.org\/{rel}","templated":true}]}}