{"id":1840,"date":"2026-04-10T15:12:04","date_gmt":"2026-04-10T15:12:04","guid":{"rendered":"https:\/\/novaluxeurope.com\/producto\/lattafa-pride-art-of-arabia-i\/"},"modified":"2026-05-08T16:01:12","modified_gmt":"2026-05-08T16:01:12","slug":"lattafa-pride-art-of-arabia-i","status":"publish","type":"product","link":"https:\/\/novaluxeurope.com\/en\/product\/lattafa-pride-art-of-arabia-i\/","title":{"rendered":"Lattafa Pride Art of Arabia I"},"content":{"rendered":"<p><strong>El arte de perfumer\u00eda inspirado en la riqueza de la herencia \u00e1rabe<\/strong><\/p>\n<p>\u00bfY si una fragancia pudiera contarte la historia de los antiguos maestros \u00e1rabes? El eau de parfum Lattafa Pride Art of Arabia te llevar\u00e1 al mundo de la cultura y las tradiciones orientales. Esta fragancia arom\u00e1tica y fascinante se inspira en la rica herencia de Arabia para ofrecer una composici\u00f3n llena de fuerza, elegancia y sofisticaci\u00f3n. Envu\u00e9lvete en una fragancia que te transportar\u00e1 a pa\u00edses lejanos llenos de misterio.<\/p>\n<ul>\n<li>fragancia arom\u00e1tica oriental que expresa la riqueza de la cultura \u00e1rabe<\/li>\n<li>adecuada tanto para uso diario como para ocasiones especiales<\/li>\n<li>ideal para amantes de las fragancias intensas con toques especiados y herb\u00e1ceos<\/li>\n<\/ul>\n<p><strong>Composici\u00f3n de la fragancia:<\/strong><br \/>Primero toma la palabra el frescor de la bergamota y la menta, que despiertan tus sentidos al instante. Despu\u00e9s se incorporan las notas especiadas y arom\u00e1ticas del t\u00e9 negro, el jengibre y la lavanda. El cierre de la fragancia se compone de la c\u00e1lida combinaci\u00f3n de ambroxan, incienso y canela, que aportan profundidad a la fragancia, as\u00ed como una suave calidez que te acompa\u00f1ar\u00e1 durante todo el d\u00eda.<\/p>\n<h4>Pir\u00e1mide olfativa<\/h4>\n<ul>\n<li><strong>Notas de entrada:<\/strong> menta, bergamota<\/li>\n<li><strong>Notas de coraz\u00f3n:<\/strong> t\u00e9 negro, jengibre, lavanda<\/li>\n<li><strong>Notas de salida:<\/strong> ambroxan, canela, incienso<\/li>\n<\/ul>","protected":false},"excerpt":{"rendered":"<p>El arte de perfumer\u00eda inspirado en la riqueza de la herencia \u00e1rabe \u00bfY si una fragancia pudiera contarte la historia de los antiguos maestros \u00e1rabes? El eau de parfum Lattafa Pride Art of Arabia te llevar\u00e1 al mundo de la cultura y las tradiciones orientales. Esta fragancia arom\u00e1tica y fascinante se inspira en la rica [&hellip;]<\/p>\n","protected":false},"featured_media":1839,"comment_status":"open","ping_status":"closed","template":"","meta":[],"product_brand":[310],"product_cat":[225],"product_tag":[76,102,94,127,180,73,194,350],"class_list":{"0":"post-1840","1":"product","2":"type-product","3":"status-publish","4":"has-post-thumbnail","6":"product_brand-lattafa","7":"product_cat-perfumes-y-fragancias","8":"product_tag-ambroxan","9":"product_tag-bergamota","10":"product_tag-canela","11":"product_tag-incienso","12":"product_tag-jengibre","13":"product_tag-lavanda","14":"product_tag-menta","15":"product_tag-te-negro","17":"first","18":"instock","19":"taxable","20":"shipping-taxable","21":"product-type-simple"},"_links":{"self":[{"href":"https:\/\/novaluxeurope.com\/en\/wp-json\/wp\/v2\/product\/1840","targetHints":{"allow":["GET"]}}],"collection":[{"href":"https:\/\/novaluxeurope.com\/en\/wp-json\/wp\/v2\/product"}],"about":[{"href":"https:\/\/novaluxeurope.com\/en\/wp-json\/wp\/v2\/types\/product"}],"replies":[{"embeddable":true,"href":"https:\/\/novaluxeurope.com\/en\/wp-json\/wp\/v2\/comments?post=1840"}],"wp:featuredmedia":[{"embeddable":true,"href":"https:\/\/novaluxeurope.com\/en\/wp-json\/wp\/v2\/media\/1839"}],"wp:attachment":[{"href":"https:\/\/novaluxeurope.com\/en\/wp-json\/wp\/v2\/media?parent=1840"}],"wp:term":[{"taxonomy":"product_brand","embeddable":true,"href":"https:\/\/novaluxeurope.com\/en\/wp-json\/wp\/v2\/product_brand?post=1840"},{"taxonomy":"product_cat","embeddable":true,"href":"https:\/\/novaluxeurope.com\/en\/wp-json\/wp\/v2\/product_cat?post=1840"},{"taxonomy":"product_tag","embeddable":true,"href":"https:\/\/novaluxeurope.com\/en\/wp-json\/wp\/v2\/product_tag?post=1840"}],"curies":[{"name":"wp","href":"https:\/\/api.w.org\/{rel}","templated":true}]}}