{"id":1833,"date":"2026-04-10T15:12:01","date_gmt":"2026-04-10T15:12:01","guid":{"rendered":"https:\/\/novaluxeurope.com\/producto\/lattafa-pride-ansaam-silver-edp-u-100-ml\/"},"modified":"2026-05-10T00:01:17","modified_gmt":"2026-05-10T00:01:17","slug":"lattafa-pride-ansaam-silver-edp-u-100-ml","status":"publish","type":"product","link":"https:\/\/novaluxeurope.com\/en\/product\/lattafa-pride-ansaam-silver-edp-u-100-ml\/","title":{"rendered":"Lattafa Pride Ansaam Silver"},"content":{"rendered":"<p>Ad\u00e9ntrese en el refinado mundo de Lattafa Ansaam Silver , un Eau de Parfum unisex presentado en 2022. Perteneciente a la familia olfativa Amaderada Ambarina, esta fragancia ofrece una composici\u00f3n lujosa y equilibrada, dise\u00f1ada para complementar tanto a hombres como a mujeres con una sofisticaci\u00f3n sin esfuerzo. La fragancia se abre con un estallido brillante de bergamota y la calidez especiada del cardamomo , ofreciendo una primera impresi\u00f3n fresca y cautivadora. En el coraz\u00f3n, la davana y la lavanda aportan una suave profundidad floral y arom\u00e1tica, a\u00f1adiendo encanto y complejidad. A medida que se asienta, una rica base de vainilla, \u00e1mbar y pachul\u00ed crea un acabado suave y acogedor que perdura maravillosamente en la piel. Creada por la renombrada casa de fragancias Lattafa -celebrada por su artesan\u00eda de Oriente Medio- Ansaam Silver es una sorprendente mezcla de tradici\u00f3n y elegancia moderna. Presentado en un elegante frasco EDP de 100 ml, ofrece una larga duraci\u00f3n y un atractivo vers\u00e1til para cualquier ocasi\u00f3n. Lattafa Ansaam Silver es una fragancia atemporal que deja una huella memorable, tanto si te vistes para un evento como si te decantas por la elegancia cotidiana. NOTAS DE PERFUME Notas altas: Bergamota, Cardamomo Notas medias: Davana artemisia, Lavanda Notas de Fondo: Vainilla, Pathcouli, \u00c1mbar<\/p>\n<h4>Pir\u00e1mide olfativa<\/h4>\n<ul>\n<li><strong>Notas de entrada:<\/strong> Bergamota, Cardamomo<\/li>\n<li><strong>Notas de coraz\u00f3n:<\/strong> Davana artemisia, Lavanda<\/li>\n<li><strong>Notas de salida:<\/strong> Vainilla, Pathcouli, \u00c1mbar<\/li>\n<\/ul>","protected":false},"excerpt":{"rendered":"<p>Ad\u00e9ntrese en el refinado mundo de Lattafa Ansaam Silver , un Eau de Parfum unisex presentado en 2022. Perteneciente a la familia olfativa Amaderada Ambarina, esta fragancia ofrece una composici\u00f3n lujosa y equilibrada, dise\u00f1ada para complementar tanto a hombres como a mujeres con una sofisticaci\u00f3n sin esfuerzo. La fragancia se abre con un estallido brillante [&hellip;]<\/p>\n","protected":false},"featured_media":1832,"comment_status":"open","ping_status":"closed","template":"","meta":[],"product_brand":[310],"product_cat":[225],"product_tag":[52,102,77,383,73,384,63],"class_list":{"0":"post-1833","1":"product","2":"type-product","3":"status-publish","4":"has-post-thumbnail","6":"product_brand-lattafa","7":"product_cat-perfumes-y-fragancias","8":"product_tag-ambar","9":"product_tag-bergamota","10":"product_tag-cardamomo","11":"product_tag-davana-artemisia","12":"product_tag-lavanda","13":"product_tag-pathcouli","14":"product_tag-vainilla","16":"first","17":"instock","18":"taxable","19":"shipping-taxable","20":"product-type-simple"},"_links":{"self":[{"href":"https:\/\/novaluxeurope.com\/en\/wp-json\/wp\/v2\/product\/1833","targetHints":{"allow":["GET"]}}],"collection":[{"href":"https:\/\/novaluxeurope.com\/en\/wp-json\/wp\/v2\/product"}],"about":[{"href":"https:\/\/novaluxeurope.com\/en\/wp-json\/wp\/v2\/types\/product"}],"replies":[{"embeddable":true,"href":"https:\/\/novaluxeurope.com\/en\/wp-json\/wp\/v2\/comments?post=1833"}],"wp:featuredmedia":[{"embeddable":true,"href":"https:\/\/novaluxeurope.com\/en\/wp-json\/wp\/v2\/media\/1832"}],"wp:attachment":[{"href":"https:\/\/novaluxeurope.com\/en\/wp-json\/wp\/v2\/media?parent=1833"}],"wp:term":[{"taxonomy":"product_brand","embeddable":true,"href":"https:\/\/novaluxeurope.com\/en\/wp-json\/wp\/v2\/product_brand?post=1833"},{"taxonomy":"product_cat","embeddable":true,"href":"https:\/\/novaluxeurope.com\/en\/wp-json\/wp\/v2\/product_cat?post=1833"},{"taxonomy":"product_tag","embeddable":true,"href":"https:\/\/novaluxeurope.com\/en\/wp-json\/wp\/v2\/product_tag?post=1833"}],"curies":[{"name":"wp","href":"https:\/\/api.w.org\/{rel}","templated":true}]}}