{"id":1831,"date":"2026-04-10T15:12:01","date_gmt":"2026-04-10T15:12:01","guid":{"rendered":"https:\/\/novaluxeurope.com\/producto\/lattafa-ansaam-gold\/"},"modified":"2026-05-08T16:01:12","modified_gmt":"2026-05-08T16:01:12","slug":"lattafa-ansaam-gold","status":"publish","type":"product","link":"https:\/\/novaluxeurope.com\/en\/product\/lattafa-ansaam-gold\/","title":{"rendered":"Lattafa Ansaam Gold"},"content":{"rendered":"<div>\n<p dir=\"ltr\"><strong>Vive la magia de una composici\u00f3n oriental gourmand<\/strong><\/p>\n<p dir=\"ltr\">El lote de regalo Lattafa Ansaam Gold es la opci\u00f3n ideal para obsequiar a cualquier mujer enamorada de la sofisticaci\u00f3n y la delicadeza. Este encantador lote contiene tres productos que complementar\u00e1n perfectamente sus rituales diarios y deleitar\u00e1n todos los instantes de su d\u00eda. Esta colecci\u00f3n combina un eau de parfum y su versi\u00f3n de viaje con un desodorante.<\/p>\n<p dir=\"ltr\"><strong>Caracter\u00edsticas:<\/strong><\/p>\n<ul>\n<li value=\"1\">lote de fragancias con eau de parfum y desodorante<\/li>\n<li value=\"2\">adecuado para uso diario y ocasiones especiales<\/li>\n<li value=\"3\">para mujeres enamoradas de las fragancias elegantes y frescas<\/li>\n<li value=\"4\">ideal para regalo<\/li>\n<\/ul>\n<p dir=\"ltr\"><strong>Descripci\u00f3n de la fragancia Ansaam Gold:<\/strong><\/p>\n<ul>\n<li value=\"1\">notas de salida: pera, mandarina<\/li>\n<li value=\"2\">notas de coraz\u00f3n: rosa, jazm\u00edn, caramelo<\/li>\n<li value=\"3\">notas de fondo: frambuesa, almizcle, vainilla<\/li>\n<\/ul>\n<p><p><strong>Contenido del lote:<\/strong><\/p>\n<ul>\n<li><a href=\"https:\/\/www.notino.es\/-\/pd\/LTF00406\" rel=\"noreferrer noopener\" target=\"_blank\">Lattafa Pride Ansaam Gold Eau de Parfum 100 ml<\/a><\/li>\n<li>Ansaam Gold Eau de Parfum 20 ml<\/li>\n<li>desodorante con fragancia 200 ml<\/li>\n<\/ul>\n<\/div>\n<h4>Pir\u00e1mide olfativa<\/h4>\n<ul>\n<li><strong>Notas de entrada:<\/strong> pera, mandarina<\/li>\n<li><strong>Notas de coraz\u00f3n:<\/strong> rosa, jazm\u00edn, caramelos<\/li>\n<li><strong>Notas de salida:<\/strong> frambuesa, almizcle, vainilla<\/li>\n<\/ul>","protected":false},"excerpt":{"rendered":"<p>Vive la magia de una composici\u00f3n oriental gourmand El lote de regalo Lattafa Ansaam Gold es la opci\u00f3n ideal para obsequiar a cualquier mujer enamorada de la sofisticaci\u00f3n y la delicadeza. Este encantador lote contiene tres productos que complementar\u00e1n perfectamente sus rituales diarios y deleitar\u00e1n todos los instantes de su d\u00eda. Esta colecci\u00f3n combina un [&hellip;]<\/p>\n","protected":false},"featured_media":1830,"comment_status":"open","ping_status":"closed","template":"","meta":[],"product_brand":[310],"product_cat":[225],"product_tag":[59,382,97,56,99,112,49,63],"class_list":{"0":"post-1831","1":"product","2":"type-product","3":"status-publish","4":"has-post-thumbnail","6":"product_brand-lattafa","7":"product_cat-perfumes-y-fragancias","8":"product_tag-almizcle","9":"product_tag-caramelos","10":"product_tag-frambuesa","11":"product_tag-jazmin","12":"product_tag-mandarina","13":"product_tag-pera","14":"product_tag-rosa","15":"product_tag-vainilla","17":"first","18":"instock","19":"taxable","20":"shipping-taxable","21":"product-type-simple"},"_links":{"self":[{"href":"https:\/\/novaluxeurope.com\/en\/wp-json\/wp\/v2\/product\/1831","targetHints":{"allow":["GET"]}}],"collection":[{"href":"https:\/\/novaluxeurope.com\/en\/wp-json\/wp\/v2\/product"}],"about":[{"href":"https:\/\/novaluxeurope.com\/en\/wp-json\/wp\/v2\/types\/product"}],"replies":[{"embeddable":true,"href":"https:\/\/novaluxeurope.com\/en\/wp-json\/wp\/v2\/comments?post=1831"}],"wp:featuredmedia":[{"embeddable":true,"href":"https:\/\/novaluxeurope.com\/en\/wp-json\/wp\/v2\/media\/1830"}],"wp:attachment":[{"href":"https:\/\/novaluxeurope.com\/en\/wp-json\/wp\/v2\/media?parent=1831"}],"wp:term":[{"taxonomy":"product_brand","embeddable":true,"href":"https:\/\/novaluxeurope.com\/en\/wp-json\/wp\/v2\/product_brand?post=1831"},{"taxonomy":"product_cat","embeddable":true,"href":"https:\/\/novaluxeurope.com\/en\/wp-json\/wp\/v2\/product_cat?post=1831"},{"taxonomy":"product_tag","embeddable":true,"href":"https:\/\/novaluxeurope.com\/en\/wp-json\/wp\/v2\/product_tag?post=1831"}],"curies":[{"name":"wp","href":"https:\/\/api.w.org\/{rel}","templated":true}]}}