{"id":1828,"date":"2026-04-10T15:11:58","date_gmt":"2026-04-10T15:11:58","guid":{"rendered":"https:\/\/novaluxeurope.com\/producto\/lattafa-pride-al-qiam-silver\/"},"modified":"2026-04-24T13:31:42","modified_gmt":"2026-04-24T13:31:42","slug":"lattafa-pride-al-qiam-silver","status":"publish","type":"product","link":"https:\/\/novaluxeurope.com\/en\/product\/lattafa-pride-al-qiam-silver\/","title":{"rendered":"Lattafa Pride Al Qiam Silver"},"content":{"rendered":"<p dir=\"ltr\">\u00bfTe gustar\u00eda sentirte con m\u00e1s energ\u00eda? El eau de parfum unisex Lattafa Pride Al Qiam Silver ha sido dise\u00f1ado para ayudarte a despertar los sentidos. Su composici\u00f3n arom\u00e1tica c\u00edtrica y ligeramente picante te energiza y favorece tu capacidad de concentraci\u00f3n.<\/p>\n<ul>\n<li value=\"1\">fragancia c\u00edtrica sensual<\/li>\n<li value=\"2\">composici\u00f3n arom\u00e1tica c\u00e1lida y llena de energ\u00eda<\/li>\n<li value=\"3\">se lanz\u00f3 al mercado en el a\u00f1o 2022<\/li>\n<\/ul>\n<p dir=\"ltr\"><strong>Composici\u00f3n de la fragancia:<\/strong><br \/>La fragancia se abre con el chispeante pomelo condimentado con el jengibre, ligeramente picante. Despu\u00e9s se incorporan el ambroxan y la dulce madera de s\u00e1ndalo. Al final, la composici\u00f3n arom\u00e1tica se impregna de vetiver y sensual almizcle.<\/p>\n<p dir=\"ltr\"><strong>Historia de la fragancia:<\/strong><br \/>Los perfumes de la colecci\u00f3n Lattafa Pride se consideran estimulantes y llenos de energ\u00eda. Un estudio publicado en la revista <i>International Journal of Neuroscience<\/i> demostr\u00f3 que las fragancias c\u00edtricas (por ejemplo, de pomelo) favorecen la funci\u00f3n cognitiva.<\/p>\n<h4>Pir\u00e1mide olfativa<\/h4>\n<ul>\n<li><strong>Notas de entrada:<\/strong> pomelo, jengibre<\/li>\n<li><strong>Notas de coraz\u00f3n:<\/strong> ambroxan, madera de s\u00e1ndalo<\/li>\n<li><strong>Notas de salida:<\/strong> vetiver, almizcle<\/li>\n<\/ul>","protected":false},"excerpt":{"rendered":"<p>\u00bfTe gustar\u00eda sentirte con m\u00e1s energ\u00eda? El eau de parfum unisex Lattafa Pride Al Qiam Silver ha sido dise\u00f1ado para ayudarte a despertar los sentidos. Su composici\u00f3n arom\u00e1tica c\u00edtrica y ligeramente picante te energiza y favorece tu capacidad de concentraci\u00f3n. fragancia c\u00edtrica sensual composici\u00f3n arom\u00e1tica c\u00e1lida y llena de energ\u00eda se lanz\u00f3 al mercado en [&hellip;]<\/p>\n","protected":false},"featured_media":1827,"comment_status":"open","ping_status":"closed","template":"","meta":[],"product_brand":[310],"product_cat":[225],"product_tag":[59,76,180,47,245,50],"class_list":{"0":"post-1828","1":"product","2":"type-product","3":"status-publish","4":"has-post-thumbnail","6":"product_brand-lattafa","7":"product_cat-perfumes-y-fragancias","8":"product_tag-almizcle","9":"product_tag-ambroxan","10":"product_tag-jengibre","11":"product_tag-madera-de-sandalo","12":"product_tag-pomelo","13":"product_tag-vetiver","15":"first","16":"outofstock","17":"taxable","18":"shipping-taxable","19":"product-type-simple"},"_links":{"self":[{"href":"https:\/\/novaluxeurope.com\/en\/wp-json\/wp\/v2\/product\/1828","targetHints":{"allow":["GET"]}}],"collection":[{"href":"https:\/\/novaluxeurope.com\/en\/wp-json\/wp\/v2\/product"}],"about":[{"href":"https:\/\/novaluxeurope.com\/en\/wp-json\/wp\/v2\/types\/product"}],"replies":[{"embeddable":true,"href":"https:\/\/novaluxeurope.com\/en\/wp-json\/wp\/v2\/comments?post=1828"}],"wp:featuredmedia":[{"embeddable":true,"href":"https:\/\/novaluxeurope.com\/en\/wp-json\/wp\/v2\/media\/1827"}],"wp:attachment":[{"href":"https:\/\/novaluxeurope.com\/en\/wp-json\/wp\/v2\/media?parent=1828"}],"wp:term":[{"taxonomy":"product_brand","embeddable":true,"href":"https:\/\/novaluxeurope.com\/en\/wp-json\/wp\/v2\/product_brand?post=1828"},{"taxonomy":"product_cat","embeddable":true,"href":"https:\/\/novaluxeurope.com\/en\/wp-json\/wp\/v2\/product_cat?post=1828"},{"taxonomy":"product_tag","embeddable":true,"href":"https:\/\/novaluxeurope.com\/en\/wp-json\/wp\/v2\/product_tag?post=1828"}],"curies":[{"name":"wp","href":"https:\/\/api.w.org\/{rel}","templated":true}]}}