{"id":1825,"date":"2026-04-10T15:11:56","date_gmt":"2026-04-10T15:11:56","guid":{"rendered":"https:\/\/novaluxeurope.com\/producto\/lattafa-pride-al-quiam-gold\/"},"modified":"2026-05-08T16:01:12","modified_gmt":"2026-05-08T16:01:12","slug":"lattafa-pride-al-quiam-gold","status":"publish","type":"product","link":"https:\/\/novaluxeurope.com\/en\/product\/lattafa-pride-al-quiam-gold\/","title":{"rendered":"Lattafa Pride Al Quiam Gold"},"content":{"rendered":"<p dir=\"ltr\"><strong>Un eau de parfum para las mujeres que quieren brillar<\/strong><\/p>\n<p dir=\"ltr\">\u00bfQu\u00e9 fragancia encarna perfectamente la fuerza y la elegancia? Se trata del eau de parfum Lattafa Pride Al Qiam Gold: una oda a la autoestima y al refinamiento femeninos. Con su combinaci\u00f3n de notas especiadas, frutales y amaderadas, cautivar\u00e1s a quienes te rodean. Esta fragancia ha sido creada para mujeres que saben lo que quieren y no dudan en deslumbrar con su propio fulgor.<\/p>\n<ul>\n<li value=\"1\">fragancia oriental y amaderada con notas frutales<\/li>\n<li value=\"2\">ideal para eventos especiales y escapadas nocturnas<\/li>\n<li value=\"3\">declara el estilo \u00fanico de su portadora, confirmando su independencia<\/li>\n<\/ul>\n<p dir=\"ltr\"><strong>Composici\u00f3n de la fragancia:<\/strong><br \/>La fragancia inicia su historia dulcemente, con el especiado azafr\u00e1n y la jugosa frambuesa, que crean una introducci\u00f3n deslumbrante. Las notas de coraz\u00f3n combinan el cuero delicado con un terroso y fresco pachuli, confiriendo profundidad a la fragancia. Las notas de fondo armonizan el oud amaderado y ahumado, el c\u00e1lido \u00e1mbar y la bals\u00e1mica benzo\u00edna, complementados con la suave madera de guayaco y la sequedad natural del vetiver, creando un efecto irresistible.<\/p>\n<p dir=\"ltr\"><strong>Historia de la fragancia:<\/strong><br \/>Lattafa Pride Al Qiam Gold es el resultado de un trabajo artesano que une la tradici\u00f3n oriental con el concepto moderno de lujo. Su frasco en tonos dorados con detalles elaborados refleja la excepcionalidad y elegancia que representa la fragancia. Este eau de parfum es un s\u00edmbolo de prestigio y celebraci\u00f3n de la independencia femenina.<\/p>\n<h4>Pir\u00e1mide olfativa<\/h4>\n<ul>\n<li><strong>Notas de entrada:<\/strong> azafr\u00e1n, frambuesa<\/li>\n<li><strong>Notas de coraz\u00f3n:<\/strong> pachuli, cuero<\/li>\n<li><strong>Notas de salida:<\/strong> \u00e1mbar, oud, madera de guayaco, vetiver, benju\u00ed<\/li>\n<\/ul>","protected":false},"excerpt":{"rendered":"<p>Un eau de parfum para las mujeres que quieren brillar \u00bfQu\u00e9 fragancia encarna perfectamente la fuerza y la elegancia? Se trata del eau de parfum Lattafa Pride Al Qiam Gold: una oda a la autoestima y al refinamiento femeninos. Con su combinaci\u00f3n de notas especiadas, frutales y amaderadas, cautivar\u00e1s a quienes te rodean. Esta fragancia [&hellip;]<\/p>\n","protected":false},"featured_media":1824,"comment_status":"open","ping_status":"closed","template":"","meta":[],"product_brand":[310],"product_cat":[225],"product_tag":[52,87,126,69,97,147,48,67,50],"class_list":{"0":"post-1825","1":"product","2":"type-product","3":"status-publish","4":"has-post-thumbnail","6":"product_brand-lattafa","7":"product_cat-perfumes-y-fragancias","8":"product_tag-ambar","9":"product_tag-azafran","10":"product_tag-benjui","11":"product_tag-cuero","12":"product_tag-frambuesa","13":"product_tag-madera-de-guayaco","14":"product_tag-oud","15":"product_tag-pachuli","16":"product_tag-vetiver","18":"first","19":"instock","20":"taxable","21":"shipping-taxable","22":"product-type-simple"},"_links":{"self":[{"href":"https:\/\/novaluxeurope.com\/en\/wp-json\/wp\/v2\/product\/1825","targetHints":{"allow":["GET"]}}],"collection":[{"href":"https:\/\/novaluxeurope.com\/en\/wp-json\/wp\/v2\/product"}],"about":[{"href":"https:\/\/novaluxeurope.com\/en\/wp-json\/wp\/v2\/types\/product"}],"replies":[{"embeddable":true,"href":"https:\/\/novaluxeurope.com\/en\/wp-json\/wp\/v2\/comments?post=1825"}],"wp:featuredmedia":[{"embeddable":true,"href":"https:\/\/novaluxeurope.com\/en\/wp-json\/wp\/v2\/media\/1824"}],"wp:attachment":[{"href":"https:\/\/novaluxeurope.com\/en\/wp-json\/wp\/v2\/media?parent=1825"}],"wp:term":[{"taxonomy":"product_brand","embeddable":true,"href":"https:\/\/novaluxeurope.com\/en\/wp-json\/wp\/v2\/product_brand?post=1825"},{"taxonomy":"product_cat","embeddable":true,"href":"https:\/\/novaluxeurope.com\/en\/wp-json\/wp\/v2\/product_cat?post=1825"},{"taxonomy":"product_tag","embeddable":true,"href":"https:\/\/novaluxeurope.com\/en\/wp-json\/wp\/v2\/product_tag?post=1825"}],"curies":[{"name":"wp","href":"https:\/\/api.w.org\/{rel}","templated":true}]}}