{"id":1822,"date":"2026-04-10T15:11:53","date_gmt":"2026-04-10T15:11:53","guid":{"rendered":"https:\/\/novaluxeurope.com\/producto\/lattafa-pride-al-ameed\/"},"modified":"2026-04-24T13:31:42","modified_gmt":"2026-04-24T13:31:42","slug":"lattafa-pride-al-ameed","status":"publish","type":"product","link":"https:\/\/novaluxeurope.com\/en\/product\/lattafa-pride-al-ameed\/","title":{"rendered":"Lattafa Pride Al Ameed"},"content":{"rendered":"<p>Olv\u00eddate de las reglas, los l\u00edmites y los obst\u00e1culos. El eau de parfum unisex Lattafa Pride Al Ameed es perfecto para cualquier persona que no tenga miedo a destacar.<\/p>\n<ul>\n<li>fragancia oriental<\/li>\n<li>fragancia almizclada<\/li>\n<li>para todas aquellas personas que no tienen miedo a destacar<\/li>\n<li>fragancia fresca, ideal para las \u00e9pocas c\u00e1lidas<\/li>\n<\/ul>\n<h4>Pir\u00e1mide olfativa<\/h4>\n<ul>\n<li><strong>Notas de entrada:<\/strong> mandarina, clary sage<\/li>\n<li><strong>Notas de coraz\u00f3n:<\/strong> pimiento, pi\u00f1a<\/li>\n<li><strong>Notas de salida:<\/strong> cuero, almizcle<\/li>\n<\/ul>","protected":false},"excerpt":{"rendered":"<p>Olv\u00eddate de las reglas, los l\u00edmites y los obst\u00e1culos. El eau de parfum unisex Lattafa Pride Al Ameed es perfecto para cualquier persona que no tenga miedo a destacar. fragancia oriental fragancia almizclada para todas aquellas personas que no tienen miedo a destacar fragancia fresca, ideal para las \u00e9pocas c\u00e1lidas Pir\u00e1mide olfativa Notas de entrada: [&hellip;]<\/p>\n","protected":false},"featured_media":1821,"comment_status":"open","ping_status":"closed","template":"","meta":[],"product_brand":[310],"product_cat":[225],"product_tag":[59,345,69,99,381,101],"class_list":{"0":"post-1822","1":"product","2":"type-product","3":"status-publish","4":"has-post-thumbnail","6":"product_brand-lattafa","7":"product_cat-perfumes-y-fragancias","8":"product_tag-almizcle","9":"product_tag-clary-sage","10":"product_tag-cuero","11":"product_tag-mandarina","12":"product_tag-pimiento","13":"product_tag-pina","15":"first","16":"instock","17":"taxable","18":"shipping-taxable","19":"product-type-simple"},"_links":{"self":[{"href":"https:\/\/novaluxeurope.com\/en\/wp-json\/wp\/v2\/product\/1822","targetHints":{"allow":["GET"]}}],"collection":[{"href":"https:\/\/novaluxeurope.com\/en\/wp-json\/wp\/v2\/product"}],"about":[{"href":"https:\/\/novaluxeurope.com\/en\/wp-json\/wp\/v2\/types\/product"}],"replies":[{"embeddable":true,"href":"https:\/\/novaluxeurope.com\/en\/wp-json\/wp\/v2\/comments?post=1822"}],"wp:featuredmedia":[{"embeddable":true,"href":"https:\/\/novaluxeurope.com\/en\/wp-json\/wp\/v2\/media\/1821"}],"wp:attachment":[{"href":"https:\/\/novaluxeurope.com\/en\/wp-json\/wp\/v2\/media?parent=1822"}],"wp:term":[{"taxonomy":"product_brand","embeddable":true,"href":"https:\/\/novaluxeurope.com\/en\/wp-json\/wp\/v2\/product_brand?post=1822"},{"taxonomy":"product_cat","embeddable":true,"href":"https:\/\/novaluxeurope.com\/en\/wp-json\/wp\/v2\/product_cat?post=1822"},{"taxonomy":"product_tag","embeddable":true,"href":"https:\/\/novaluxeurope.com\/en\/wp-json\/wp\/v2\/product_tag?post=1822"}],"curies":[{"name":"wp","href":"https:\/\/api.w.org\/{rel}","templated":true}]}}