{"id":1815,"date":"2026-04-10T15:11:51","date_gmt":"2026-04-10T15:11:51","guid":{"rendered":"https:\/\/novaluxeurope.com\/producto\/lattafa-pride-ajwaa-edp-u-90ml\/"},"modified":"2026-04-24T13:31:42","modified_gmt":"2026-04-24T13:31:42","slug":"lattafa-pride-ajwaa-edp-u-90ml","status":"publish","type":"product","link":"https:\/\/novaluxeurope.com\/en\/product\/lattafa-pride-ajwaa-edp-u-90ml\/","title":{"rendered":"Lattafa Pride Ajwaa"},"content":{"rendered":"<p>Sum\u00e9rjase en la opulencia de Lattafa&#8217;s Pride Ajwad , un Eau de Parfum unisex que captura el coraz\u00f3n del lujo de Oriente Medio. Presentada en un generoso frasco de 90 ml, esta refinada fragancia ofrece una experiencia rica y duradera que le acompa\u00f1ar\u00e1 durante todo el d\u00eda. Perteneciente a la familia olfativa Amaderada Arom\u00e1tica, Pride Ajwad es ideal para quienes aprecian una sofisticada mezcla de notas naturales, terrosas y arom\u00e1ticas. La fragancia se abre con una vibrante mezcla de bergamota, lim\u00f3n, d\u00e1tiles y elem\u00ed , creando una introducci\u00f3n fresca y energizante que eleva instant\u00e1neamente los sentidos. En el coraz\u00f3n, una combinaci\u00f3n \u00fanica de mirra, regaliz y elem\u00ed a\u00f1ade calidez y complejidad, combinando acordes arom\u00e1ticos y resinosos para lograr una secci\u00f3n media calmante y equilibrada. Estas notas de coraz\u00f3n confieren un car\u00e1cter refinado a la fragancia, perfecta para llevar a diario o en ocasiones especiales. Las notas de fondo se despliegan con una rica y reconfortante mezcla de benju\u00ed, l\u00e1dano, incienso, almizcle y vainilla, dejando tras de s\u00ed una estela c\u00e1lida y resinosa que evoca elegancia y profundidad. Este acabado de larga duraci\u00f3n garantiza que Pride Ajwad deje una huella inconfundible all\u00e1 donde vaya. Elaborado con maestr\u00eda por Lattafa, un nombre c\u00e9lebre en la perfumer\u00eda de Oriente Medio, Pride Ajwad es un aroma sofisticado dise\u00f1ado tanto para hombres como para mujeres. Una verdadera joya para los amantes de las fragancias que buscan un aroma que equilibre frescura, profundidad y calidez en perfecta armon\u00eda. NOTAS DE PERFUME Notas de salida: Bergamota, Elem\u00ed, D\u00e1tiles, Lim\u00f3n Notas medias: Elemi, Regaliz, Mirra Notas de Fondo: Benju\u00ed, Incienso, Labdanum, Almizcle, Vainilla<\/p>\n<h4>Pir\u00e1mide olfativa<\/h4>\n<ul>\n<li><strong>Notas de entrada:<\/strong> Bergamota, Elemi, Fechas, Lim\u00f3n<\/li>\n<li><strong>Notas de coraz\u00f3n:<\/strong> Elemi, Regaliz, Mirra<\/li>\n<li><strong>Notas de salida:<\/strong> Benju\u00ed, Incienso, Labdanum, Almizcle, Vainilla<\/li>\n<\/ul>","protected":false},"excerpt":{"rendered":"<p>Sum\u00e9rjase en la opulencia de Lattafa&#8217;s Pride Ajwad , un Eau de Parfum unisex que captura el coraz\u00f3n del lujo de Oriente Medio. Presentada en un generoso frasco de 90 ml, esta refinada fragancia ofrece una experiencia rica y duradera que le acompa\u00f1ar\u00e1 durante todo el d\u00eda. Perteneciente a la familia olfativa Amaderada Arom\u00e1tica, Pride [&hellip;]<\/p>\n","protected":false},"featured_media":1814,"comment_status":"open","ping_status":"closed","template":"","meta":[],"product_brand":[310],"product_cat":[225],"product_tag":[59,126,102,107,211,127,379,140,210,380,63],"class_list":{"0":"post-1815","1":"product","2":"type-product","3":"status-publish","4":"has-post-thumbnail","6":"product_brand-lattafa","7":"product_cat-perfumes-y-fragancias","8":"product_tag-almizcle","9":"product_tag-benjui","10":"product_tag-bergamota","11":"product_tag-elemi","12":"product_tag-fechas","13":"product_tag-incienso","14":"product_tag-labdanum","15":"product_tag-limon","16":"product_tag-mirra","17":"product_tag-regaliz","18":"product_tag-vainilla","20":"first","21":"instock","22":"taxable","23":"shipping-taxable","24":"product-type-simple"},"_links":{"self":[{"href":"https:\/\/novaluxeurope.com\/en\/wp-json\/wp\/v2\/product\/1815","targetHints":{"allow":["GET"]}}],"collection":[{"href":"https:\/\/novaluxeurope.com\/en\/wp-json\/wp\/v2\/product"}],"about":[{"href":"https:\/\/novaluxeurope.com\/en\/wp-json\/wp\/v2\/types\/product"}],"replies":[{"embeddable":true,"href":"https:\/\/novaluxeurope.com\/en\/wp-json\/wp\/v2\/comments?post=1815"}],"wp:featuredmedia":[{"embeddable":true,"href":"https:\/\/novaluxeurope.com\/en\/wp-json\/wp\/v2\/media\/1814"}],"wp:attachment":[{"href":"https:\/\/novaluxeurope.com\/en\/wp-json\/wp\/v2\/media?parent=1815"}],"wp:term":[{"taxonomy":"product_brand","embeddable":true,"href":"https:\/\/novaluxeurope.com\/en\/wp-json\/wp\/v2\/product_brand?post=1815"},{"taxonomy":"product_cat","embeddable":true,"href":"https:\/\/novaluxeurope.com\/en\/wp-json\/wp\/v2\/product_cat?post=1815"},{"taxonomy":"product_tag","embeddable":true,"href":"https:\/\/novaluxeurope.com\/en\/wp-json\/wp\/v2\/product_tag?post=1815"}],"curies":[{"name":"wp","href":"https:\/\/api.w.org\/{rel}","templated":true}]}}