{"id":1811,"date":"2026-04-10T15:11:48","date_gmt":"2026-04-10T15:11:48","guid":{"rendered":"https:\/\/novaluxeurope.com\/producto\/lattafa-pride-afaq\/"},"modified":"2026-05-08T16:01:12","modified_gmt":"2026-05-08T16:01:12","slug":"lattafa-pride-afaq","status":"publish","type":"product","link":"https:\/\/novaluxeurope.com\/en\/product\/lattafa-pride-afaq\/","title":{"rendered":"Lattafa Pride Afaq"},"content":{"rendered":"<p>\u00a1No pierdas el ritmo ni siquiera despu\u00e9s de un d\u00eda dif\u00edcil! El eau de parfum para hombre Lattafa Pride Afaq es una variada combinaci\u00f3n de ingredientes arom\u00e1ticos que no te cansar\u00e1 nunca y te mantendr\u00e1 al ritmo adecuado.<\/p>\n<ul>\n<li>fragancia oriental<\/li>\n<\/ul>\n<h4>Pir\u00e1mide olfativa<\/h4>\n<ul>\n<li><strong>Notas de entrada:<\/strong> pera, cassis<\/li>\n<li><strong>Notas de coraz\u00f3n:<\/strong> tuberosa, jazm\u00edn<\/li>\n<li><strong>Notas de salida:<\/strong> cachemira, madera de s\u00e1ndalo<\/li>\n<\/ul>","protected":false},"excerpt":{"rendered":"<p>\u00a1No pierdas el ritmo ni siquiera despu\u00e9s de un d\u00eda dif\u00edcil! El eau de parfum para hombre Lattafa Pride Afaq es una variada combinaci\u00f3n de ingredientes arom\u00e1ticos que no te cansar\u00e1 nunca y te mantendr\u00e1 al ritmo adecuado. fragancia oriental Pir\u00e1mide olfativa Notas de entrada: pera, cassis Notas de coraz\u00f3n: tuberosa, jazm\u00edn Notas de salida: [&hellip;]<\/p>\n","protected":false},"featured_media":1810,"comment_status":"open","ping_status":"closed","template":"","meta":[],"product_brand":[310],"product_cat":[225],"product_tag":[378,134,56,47,112,203],"class_list":{"0":"post-1811","1":"product","2":"type-product","3":"status-publish","4":"has-post-thumbnail","6":"product_brand-lattafa","7":"product_cat-perfumes-y-fragancias","8":"product_tag-cachemira","9":"product_tag-cassis","10":"product_tag-jazmin","11":"product_tag-madera-de-sandalo","12":"product_tag-pera","13":"product_tag-tuberosa","15":"first","16":"instock","17":"taxable","18":"shipping-taxable","19":"product-type-simple"},"_links":{"self":[{"href":"https:\/\/novaluxeurope.com\/en\/wp-json\/wp\/v2\/product\/1811","targetHints":{"allow":["GET"]}}],"collection":[{"href":"https:\/\/novaluxeurope.com\/en\/wp-json\/wp\/v2\/product"}],"about":[{"href":"https:\/\/novaluxeurope.com\/en\/wp-json\/wp\/v2\/types\/product"}],"replies":[{"embeddable":true,"href":"https:\/\/novaluxeurope.com\/en\/wp-json\/wp\/v2\/comments?post=1811"}],"wp:featuredmedia":[{"embeddable":true,"href":"https:\/\/novaluxeurope.com\/en\/wp-json\/wp\/v2\/media\/1810"}],"wp:attachment":[{"href":"https:\/\/novaluxeurope.com\/en\/wp-json\/wp\/v2\/media?parent=1811"}],"wp:term":[{"taxonomy":"product_brand","embeddable":true,"href":"https:\/\/novaluxeurope.com\/en\/wp-json\/wp\/v2\/product_brand?post=1811"},{"taxonomy":"product_cat","embeddable":true,"href":"https:\/\/novaluxeurope.com\/en\/wp-json\/wp\/v2\/product_cat?post=1811"},{"taxonomy":"product_tag","embeddable":true,"href":"https:\/\/novaluxeurope.com\/en\/wp-json\/wp\/v2\/product_tag?post=1811"}],"curies":[{"name":"wp","href":"https:\/\/api.w.org\/{rel}","templated":true}]}}