{"id":1804,"date":"2026-04-10T15:11:46","date_gmt":"2026-04-10T15:11:46","guid":{"rendered":"https:\/\/novaluxeurope.com\/producto\/lattafa-petra-edp-w-100-ml\/"},"modified":"2026-05-09T12:01:12","modified_gmt":"2026-05-09T12:01:12","slug":"lattafa-petra-edp-w-100-ml","status":"publish","type":"product","link":"https:\/\/novaluxeurope.com\/en\/product\/lattafa-petra-edp-w-100-ml\/","title":{"rendered":"Lattafa Petra"},"content":{"rendered":"<p>Lattafa Petra 100 ml es una lujosa Eau de Parfum unisex que combina notas afrutadas, florales y gourmand en una composici\u00f3n radiante y memorable. Comienza con un rico y dulce aroma de ciruela, mezclado con la profunda calidez del ron, que crea una apertura indulgente y acogedora. A este atrevido comienzo le sigue un coraz\u00f3n floral cremoso en el que el nardo y el coco se despliegan con suavidad tropical, evocando una sensaci\u00f3n de elegancia ba\u00f1ada por el sol y lujo relajado. A medida que la fragancia se desarrolla, se seca en una base suave y reconfortante de vainilla , pralin\u00e9 y almizcle , ofreciendo una estela duradera que es a la vez dulce y sensual. El car\u00e1cter general de Petra es de una riqueza refinada, opulenta pero equilibrada, lo que la hace ideal para ocasiones nocturnas o climas m\u00e1s fr\u00edos, cuando se desea un aroma que resulte acogedor y seguro a la vez. Petra destaca por su capacidad para combinar calidez, profundidad floral y dulces acordes gourmand en una experiencia \u00fanica y cautivadora. Es perfecta para quienes aprecian las fragancias modernas y atemporales, con un toque de encanto mediterr\u00e1neo. NOTAS DE PERFUME Notas altas: Ciruela, Ron Notas medias: Nardo, Coco Notas de Fondo: Vainilla, Pralin\u00e9, Almizcle<\/p>\n<h4>Pir\u00e1mide olfativa<\/h4>\n<ul>\n<li><strong>Notas de entrada:<\/strong> Ciruela, Ron<\/li>\n<li><strong>Notas de coraz\u00f3n:<\/strong> Tuberosa, Coco<\/li>\n<li><strong>Notas de salida:<\/strong> Pralin\u00e9, Almizcle, Vainilla<\/li>\n<\/ul>","protected":false},"excerpt":{"rendered":"<p>Lattafa Petra 100 ml es una lujosa Eau de Parfum unisex que combina notas afrutadas, florales y gourmand en una composici\u00f3n radiante y memorable. Comienza con un rico y dulce aroma de ciruela, mezclado con la profunda calidez del ron, que crea una apertura indulgente y acogedora. A este atrevido comienzo le sigue un coraz\u00f3n [&hellip;]<\/p>\n","protected":false},"featured_media":1803,"comment_status":"open","ping_status":"closed","template":"","meta":[],"product_brand":[310],"product_cat":[225],"product_tag":[59,198,144,159,183,203,63],"class_list":{"0":"post-1804","1":"product","2":"type-product","3":"status-publish","4":"has-post-thumbnail","6":"product_brand-lattafa","7":"product_cat-perfumes-y-fragancias","8":"product_tag-almizcle","9":"product_tag-ciruela","10":"product_tag-coco","11":"product_tag-praline","12":"product_tag-ron","13":"product_tag-tuberosa","14":"product_tag-vainilla","16":"first","17":"instock","18":"taxable","19":"shipping-taxable","20":"product-type-simple"},"_links":{"self":[{"href":"https:\/\/novaluxeurope.com\/en\/wp-json\/wp\/v2\/product\/1804","targetHints":{"allow":["GET"]}}],"collection":[{"href":"https:\/\/novaluxeurope.com\/en\/wp-json\/wp\/v2\/product"}],"about":[{"href":"https:\/\/novaluxeurope.com\/en\/wp-json\/wp\/v2\/types\/product"}],"replies":[{"embeddable":true,"href":"https:\/\/novaluxeurope.com\/en\/wp-json\/wp\/v2\/comments?post=1804"}],"wp:featuredmedia":[{"embeddable":true,"href":"https:\/\/novaluxeurope.com\/en\/wp-json\/wp\/v2\/media\/1803"}],"wp:attachment":[{"href":"https:\/\/novaluxeurope.com\/en\/wp-json\/wp\/v2\/media?parent=1804"}],"wp:term":[{"taxonomy":"product_brand","embeddable":true,"href":"https:\/\/novaluxeurope.com\/en\/wp-json\/wp\/v2\/product_brand?post=1804"},{"taxonomy":"product_cat","embeddable":true,"href":"https:\/\/novaluxeurope.com\/en\/wp-json\/wp\/v2\/product_cat?post=1804"},{"taxonomy":"product_tag","embeddable":true,"href":"https:\/\/novaluxeurope.com\/en\/wp-json\/wp\/v2\/product_tag?post=1804"}],"curies":[{"name":"wp","href":"https:\/\/api.w.org\/{rel}","templated":true}]}}