{"id":1797,"date":"2026-04-10T15:11:44","date_gmt":"2026-04-10T15:11:44","guid":{"rendered":"https:\/\/novaluxeurope.com\/producto\/lattafa-opulent-dubai-edp-u-100-ml\/"},"modified":"2026-05-09T00:01:13","modified_gmt":"2026-05-09T00:01:13","slug":"lattafa-opulent-dubai-edp-u-100-ml","status":"publish","type":"product","link":"https:\/\/novaluxeurope.com\/en\/product\/lattafa-opulent-dubai-edp-u-100-ml\/","title":{"rendered":"Lattafa Opulent Dubai"},"content":{"rendered":"<p>Lattafa Opulent Dubai Eau de Parfum 100 ml es una lujosa fragancia unisex que combina magistralmente el resplandor de las frutas tropicales con la calidez de las maderas y la elegancia de las flores. Lanzada en 2025 por Lattafa Perfumes, esta fragancia pertenece a la familia olfativa Oriental Ambarina y equilibra a la perfecci\u00f3n el brillo, la profundidad y la sofisticaci\u00f3n. Dise\u00f1ado para quienes aprecian las fragancias atrevidas y duraderas, encarna el refinado esp\u00edritu de la perfumer\u00eda \u00e1rabe moderna. La fragancia se abre con una vibrante explosi\u00f3n de mango, pomelo, lim\u00f3n y jengibre, creando una primera impresi\u00f3n en\u00e9rgica y ex\u00f3tica. El coraz\u00f3n se transforma en un refinado acorde floral y amaderado de jazm\u00edn, violeta y madera de cedro, que aporta armon\u00eda, profundidad y car\u00e1cter. Por \u00faltimo, el fondo se despliega en una c\u00e1lida y sensual mezcla de notas amaderadas, musgo de roble, benju\u00ed y \u00e1mbar gris, que aportan suavidad, riqueza y una longevidad excepcional. Lattafa Opulent Dubai cautiva con su lujosa presencia y su composici\u00f3n perfectamente equilibrada: una fragancia que llama la atenci\u00f3n, irradia confianza y deja un rastro inconfundible all\u00e1 donde vaya. Adecuado tanto para hombres como para mujeres, para el d\u00eda o la noche, es una verdadera fragancia que emana elegancia moderna, riqueza y refinada sensualidad. NOTAS DE PERFUME Notas de salida: Mango, Pomelo, Lim\u00f3n, Jengibre Notas medias: Jazm\u00edn, Violeta, Cedro Notas de Fondo: Notas amaderadas, musgo de roble, benju\u00ed, \u00e1mbar gris<\/p>\n<h4>Pir\u00e1mide olfativa<\/h4>\n<ul>\n<li><strong>Notas de entrada:<\/strong> Mango, Pomelo, Lim\u00f3n, Jengibre<\/li>\n<li><strong>Notas de coraz\u00f3n:<\/strong> Jazm\u00edn, Violeta, Madera de cedro<\/li>\n<li><strong>Notas de salida:<\/strong> Notas amaderadas, Oakmoss, Benju\u00ed, Ambergris<\/li>\n<\/ul>","protected":false},"excerpt":{"rendered":"<p>Lattafa Opulent Dubai Eau de Parfum 100 ml es una lujosa fragancia unisex que combina magistralmente el resplandor de las frutas tropicales con la calidez de las maderas y la elegancia de las flores. Lanzada en 2025 por Lattafa Perfumes, esta fragancia pertenece a la familia olfativa Oriental Ambarina y equilibra a la perfecci\u00f3n el [&hellip;]<\/p>\n","protected":false},"featured_media":1796,"comment_status":"open","ping_status":"closed","template":"","meta":[],"product_brand":[310],"product_cat":[225],"product_tag":[234,126,56,180,140,46,190,179,124,245,51],"class_list":{"0":"post-1797","1":"product","2":"type-product","3":"status-publish","4":"has-post-thumbnail","6":"product_brand-lattafa","7":"product_cat-perfumes-y-fragancias","8":"product_tag-ambergris","9":"product_tag-benjui","10":"product_tag-jazmin","11":"product_tag-jengibre","12":"product_tag-limon","13":"product_tag-madera-de-cedro","14":"product_tag-mango","15":"product_tag-notas-amaderadas","16":"product_tag-oakmoss","17":"product_tag-pomelo","18":"product_tag-violeta","20":"first","21":"instock","22":"taxable","23":"shipping-taxable","24":"product-type-simple"},"_links":{"self":[{"href":"https:\/\/novaluxeurope.com\/en\/wp-json\/wp\/v2\/product\/1797","targetHints":{"allow":["GET"]}}],"collection":[{"href":"https:\/\/novaluxeurope.com\/en\/wp-json\/wp\/v2\/product"}],"about":[{"href":"https:\/\/novaluxeurope.com\/en\/wp-json\/wp\/v2\/types\/product"}],"replies":[{"embeddable":true,"href":"https:\/\/novaluxeurope.com\/en\/wp-json\/wp\/v2\/comments?post=1797"}],"wp:featuredmedia":[{"embeddable":true,"href":"https:\/\/novaluxeurope.com\/en\/wp-json\/wp\/v2\/media\/1796"}],"wp:attachment":[{"href":"https:\/\/novaluxeurope.com\/en\/wp-json\/wp\/v2\/media?parent=1797"}],"wp:term":[{"taxonomy":"product_brand","embeddable":true,"href":"https:\/\/novaluxeurope.com\/en\/wp-json\/wp\/v2\/product_brand?post=1797"},{"taxonomy":"product_cat","embeddable":true,"href":"https:\/\/novaluxeurope.com\/en\/wp-json\/wp\/v2\/product_cat?post=1797"},{"taxonomy":"product_tag","embeddable":true,"href":"https:\/\/novaluxeurope.com\/en\/wp-json\/wp\/v2\/product_tag?post=1797"}],"curies":[{"name":"wp","href":"https:\/\/api.w.org\/{rel}","templated":true}]}}